{"id":2153,"date":"2021-01-12T00:09:54","date_gmt":"2021-01-11T23:09:54","guid":{"rendered":"http:\/\/lacourroie.org\/?page_id=2153"},"modified":"2026-04-12T21:05:40","modified_gmt":"2026-04-12T19:05:40","slug":"formulaire-contact","status":"publish","type":"page","link":"https:\/\/lacourroie.org\/index.php\/formulaire-contact\/","title":{"rendered":"Formulaire contact"},"content":{"rendered":"\t\t<div data-elementor-type=\"wp-page\" data-elementor-id=\"2153\" class=\"elementor elementor-2153\" data-elementor-post-type=\"page\">\n\t\t\t\t\t\t<section class=\"elementor-section elementor-top-section elementor-element elementor-element-119dcf7 elementor-section-height-min-height elementor-section-boxed elementor-section-height-default elementor-section-items-middle\" data-id=\"119dcf7\" data-element_type=\"section\" data-e-type=\"section\">\n\t\t\t\t\t\t<div class=\"elementor-container elementor-column-gap-default\">\n\t\t\t\t\t<div class=\"elementor-column elementor-col-100 elementor-top-column elementor-element elementor-element-2e7d1bc\" data-id=\"2e7d1bc\" data-element_type=\"column\" data-e-type=\"column\">\n\t\t\t<div class=\"elementor-widget-wrap elementor-element-populated\">\n\t\t\t\t\t\t<div class=\"elementor-element elementor-element-eafaaa7 elementor-widget elementor-widget-heading\" data-id=\"eafaaa7\" data-element_type=\"widget\" data-e-type=\"widget\" data-widget_type=\"heading.default\">\n\t\t\t\t<div class=\"elementor-widget-container\">\n\t\t\t\t\t<h3 class=\"elementor-heading-title elementor-size-default\">Recevoir la Newsletter<\/h3>\t\t\t\t<\/div>\n\t\t\t\t<\/div>\n\t\t\t\t<div class=\"elementor-element elementor-element-ce64c1a elementor-widget elementor-widget-html\" data-id=\"ce64c1a\" data-element_type=\"widget\" data-e-type=\"widget\" data-widget_type=\"html.default\">\n\t\t\t\t<div class=\"elementor-widget-container\">\n\t\t\t\t\t<form method=\"post\" action=\"https:\/\/newsletter.infomaniak.com\/v3\/api\/1\/newsletters\/webforms\/6969\/submit\" class=\"inf-form\"><input type=\"email\" name=\"email\" style=\"display:none\" \/><input type=\"hidden\" name=\"key\" value=\"eyJpdiI6IjJMXC9BVURsc2NzM1lyenFCTmZ3eTVNZ0VrY3lTOG5URnp6TmYzeWhiNXNjPSIsIm1hYyI6ImU3MDEwNDYwODk3ZTBiMzI3MDEzNTIzMDhkY2YwZGFkNGMyOWFkMzQwZjc4YmE2NDlkOTY2NWFkZjFmMGI2MmIiLCJ2YWx1ZSI6IlB5T2V1b0duZ0ZqMlJUc1QxVVBMQkl3TzU0dmFUZCtqaEpXT0NYT21aUFk9In0=\"><input type=\"hidden\" name=\"webform_id\" value=\"6969\"><style> .inf-main_7813d1590d28a7dd372ad54b5d29d033{ background-color:#53BCD2; padding:25px 20px; margin:25px auto; } .inf-main_7813d1590d28a7dd372ad54b5d29d033 .inf-content { margin-top:13px;} .inf-main_7813d1590d28a7dd372ad54b5d29d033 h4, .inf-main_7813d1590d28a7dd372ad54b5d29d033 span, .inf-main_7813d1590d28a7dd372ad54b5d29d033 label, .inf-main_7813d1590d28a7dd372ad54b5d29d033 input, .inf-main_7813d1590d28a7dd372ad54b5d29d033 .inf-submit, .inf-main_7813d1590d28a7dd372ad54b5d29d033 .inf-success p a { color:#ffffff; font-size:14px; } .inf-main_7813d1590d28a7dd372ad54b5d29d033 h4{ font-size:18px; margin:0px 0px 13px 0px; } .inf-main_7813d1590d28a7dd372ad54b5d29d033 h4, .inf-main_7813d1590d28a7dd372ad54b5d29d033 label{ font-weight:bold; } .inf-main_7813d1590d28a7dd372ad54b5d29d033 .inf-input { margin-bottom:7px; } .inf-main_7813d1590d28a7dd372ad54b5d29d033 label { display:block;} .inf-main_7813d1590d28a7dd372ad54b5d29d033 input{ height:35px; color:#999999; border: 1px solid #E9E9E9; padding-left:7px; } .inf-main_7813d1590d28a7dd372ad54b5d29d033 .inf-input.inf-error label, .inf-main_7813d1590d28a7dd372ad54b5d29d033 .inf-input.inf-error span.inf-message{ color: #cc0033; } .inf-main_7813d1590d28a7dd372ad54b5d29d033 .inf-input.inf-error input{ border: 1px solid #cc0033; } .inf-main_7813d1590d28a7dd372ad54b5d29d033 .inf-input input { width:100%;} .inf-main_7813d1590d28a7dd372ad54b5d29d033 .inf-input.inf-error span.inf-message { display: block; } .inf-main_7813d1590d28a7dd372ad54b5d29d033 .inf-submit { text-align:right;} .inf-main_7813d1590d28a7dd372ad54b5d29d033 .inf-submit input{ background-color:#FF6A00; color:#ffffff; border:none; font-weight: normal; height:auto; padding:7px; } .inf-main_7813d1590d28a7dd372ad54b5d29d033 .inf-submit input.disabled{ opacity: 0.4; } .inf-btn { color: rgb(85, 85, 85); border: medium none; font-weight: normal; height: auto; padding: 7px; display: inline-block; background-color: white; box-shadow: 0px 1px 1px rgba(0, 0, 0, 0.24); border-radius: 2px; line-height: 1em; } .inf-rgpd { margin:25px 0px 15px 0px; color:#ffffff; } .altcha-label span { color: #555 } <\/style><div class=\"inf-main_7813d1590d28a7dd372ad54b5d29d033\"> <h4>Les concerts \u00e0 la Courroie<\/h4> <span>Recevez les annonces des concerts au fil de la saison<\/span> <div class=\"inf-success\" style=\"display:none\"> <h4>Votre inscription a \u00e9t\u00e9 enregistr\u00e9e avec succ\u00e8s !<\/h4> <p> <a href=\"#\" class=\"inf-btn\">&laquo;<\/a> <\/p> <\/div> <div class=\"inf-content\"> <div class=\"inf-input inf-input-text\"> <input type=\"email\" name=\"inf[1]\" data-inf-meta=\"1\" data-inf-error=\"Merci de renseigner une adresse email\" required=\"required\" placeholder=\"Email *\" > <\/div> <div class=\"inf-input inf-input-text\"> <input type=\"text\" name=\"inf[48734]\" data-inf-meta=\"48734\" data-inf-error=\"Ce champ est requis\" required=\"required\" placeholder=\"Nom *\" > <\/div> <div class=\"inf-input inf-input-text\"> <input type=\"text\" name=\"inf[48735]\" data-inf-meta=\"48735\" data-inf-error=\"Ce champ est requis\" required=\"required\" placeholder=\"Pr\u00e9nom *\" > <\/div> <div class=\"inf-input inf-input-text\"> <input type=\"text\" name=\"inf[23378]\" data-inf-meta=\"23378\" data-inf-error=\"Merci de renseigner une chaine de caract\u00e8re\" required=\"required\" placeholder=\"Tel (en cas d&#039;annulation de derni\u00e8re minute) *\" > <\/div> <div class=\"inf-input inf-input-text\"> <input type=\"number\" name=\"inf[23387]\" data-inf-meta=\"23387\" data-inf-error=\"Merci de renseigner un nombre entier\" required=\"required\" placeholder=\"Code Postal *\" > <\/div> <div class=\"inf-rgpd\">Votre adresse de messagerie est uniquement utilis\u00e9e pour vous envoyer notre lettre d&#039;information ainsi que des informations concernant nos activit\u00e9s. Vous pouvez \u00e0 tout moment utiliser le lien de d\u00e9sabonnement int\u00e9gr\u00e9 dans chacun de nos mails.<\/div> <script src=\"https:\/\/eu.altcha.org\/js\/latest\/altcha.min.js\" type=\"module\" defer><\/script> <altcha-widget hidelogo hidefooter floating challengeurl=\"https:\/\/newsletter.infomaniak.com\/v3\/altcha-challenge\" ><\/altcha-widget> <script src=\"https:\/\/newsletter.storage5.infomaniak.com\/mcaptcha\/altcha.js\" defer> <\/script> <script type=\"text\/javascript\" src=\"https:\/\/newsletter.infomaniak.com\/v3\/static\/webform_index.js?v=1776020634\"><\/script> <div class=\"inf-submit\"> <input type=\"submit\" style=\"margin-top: 25px;\" name=\"\" value=\"Valider\"> <\/div> <\/div> <\/div> <\/form>\t\t\t\t<\/div>\n\t\t\t\t<\/div>\n\t\t\t\t\t<\/div>\n\t\t<\/div>\n\t\t\t\t\t<\/div>\n\t\t<\/section>\n\t\t\t\t<\/div>\n\t\t","protected":false},"excerpt":{"rendered":"<p>Recevoir la Newsletter Les concerts \u00e0 la Courroie Recevez les annonces des concerts au fil de la saison Votre inscription a \u00e9t\u00e9 enregistr\u00e9e avec succ\u00e8s ! &laquo; Votre adresse de messagerie est uniquement utilis\u00e9e pour vous envoyer notre lettre d&#039;information ainsi que des informations concernant nos activit\u00e9s. Vous pouvez \u00e0 tout moment utiliser le lien [&hellip;]<\/p>\n","protected":false},"author":1,"featured_media":0,"parent":0,"menu_order":0,"comment_status":"closed","ping_status":"closed","template":"","meta":{"site-sidebar-layout":"no-sidebar","site-content-layout":"page-builder","ast-site-content-layout":"default","site-content-style":"default","site-sidebar-style":"default","ast-global-header-display":"","ast-banner-title-visibility":"","ast-main-header-display":"","ast-hfb-above-header-display":"","ast-hfb-below-header-display":"","ast-hfb-mobile-header-display":"","site-post-title":"disabled","ast-breadcrumbs-content":"","ast-featured-img":"disabled","footer-sml-layout":"","ast-disable-related-posts":"","theme-transparent-header-meta":"default","adv-header-id-meta":"","stick-header-meta":"","header-above-stick-meta":"","header-main-stick-meta":"","header-below-stick-meta":"","astra-migrate-meta-layouts":"default","ast-page-background-enabled":"default","ast-page-background-meta":{"desktop":{"background-color":"","background-image":"","background-repeat":"repeat","background-position":"center center","background-size":"auto","background-attachment":"scroll","background-type":"","background-media":"","overlay-type":"","overlay-color":"","overlay-opacity":"","overlay-gradient":""},"tablet":{"background-color":"","background-image":"","background-repeat":"repeat","background-position":"center center","background-size":"auto","background-attachment":"scroll","background-type":"","background-media":"","overlay-type":"","overlay-color":"","overlay-opacity":"","overlay-gradient":""},"mobile":{"background-color":"","background-image":"","background-repeat":"repeat","background-position":"center center","background-size":"auto","background-attachment":"scroll","background-type":"","background-media":"","overlay-type":"","overlay-color":"","overlay-opacity":"","overlay-gradient":""}},"ast-content-background-meta":{"desktop":{"background-color":"var(--ast-global-color-5)","background-image":"","background-repeat":"repeat","background-position":"center center","background-size":"auto","background-attachment":"scroll","background-type":"","background-media":"","overlay-type":"","overlay-color":"","overlay-opacity":"","overlay-gradient":""},"tablet":{"background-color":"var(--ast-global-color-5)","background-image":"","background-repeat":"repeat","background-position":"center center","background-size":"auto","background-attachment":"scroll","background-type":"","background-media":"","overlay-type":"","overlay-color":"","overlay-opacity":"","overlay-gradient":""},"mobile":{"background-color":"var(--ast-global-color-5)","background-image":"","background-repeat":"repeat","background-position":"center center","background-size":"auto","background-attachment":"scroll","background-type":"","background-media":"","overlay-type":"","overlay-color":"","overlay-opacity":"","overlay-gradient":""}},"footnotes":""},"class_list":["post-2153","page","type-page","status-publish","hentry"],"yoast_head":"<!-- This site is optimized with the Yoast SEO plugin v27.4 - https:\/\/yoast.com\/product\/yoast-seo-wordpress\/ -->\n<title>Formulaire contact - lacourroie<\/title>\n<meta name=\"robots\" content=\"index, follow, max-snippet:-1, max-image-preview:large, max-video-preview:-1\" \/>\n<link rel=\"canonical\" href=\"https:\/\/lacourroie.org\/index.php\/formulaire-contact\/\" \/>\n<meta property=\"og:locale\" content=\"fr_FR\" \/>\n<meta property=\"og:type\" content=\"article\" \/>\n<meta property=\"og:title\" content=\"Formulaire contact - lacourroie\" \/>\n<meta property=\"og:description\" content=\"Recevoir la Newsletter Les concerts \u00e0 la Courroie Recevez les annonces des concerts au fil de la saison Votre inscription a \u00e9t\u00e9 enregistr\u00e9e avec succ\u00e8s ! &laquo; Votre adresse de messagerie est uniquement utilis\u00e9e pour vous envoyer notre lettre d&#039;information ainsi que des informations concernant nos activit\u00e9s. Vous pouvez \u00e0 tout moment utiliser le lien [&hellip;]\" \/>\n<meta property=\"og:url\" content=\"https:\/\/lacourroie.org\/index.php\/formulaire-contact\/\" \/>\n<meta property=\"og:site_name\" content=\"lacourroie\" \/>\n<meta property=\"article:modified_time\" content=\"2026-04-12T19:05:40+00:00\" \/>\n<meta name=\"twitter:card\" content=\"summary_large_image\" \/>\n<meta name=\"twitter:label1\" content=\"Dur\u00e9e de lecture estim\u00e9e\" \/>\n\t<meta name=\"twitter:data1\" content=\"1 minute\" \/>\n<script type=\"application\/ld+json\" class=\"yoast-schema-graph\">{\"@context\":\"https:\\\/\\\/schema.org\",\"@graph\":[{\"@type\":\"WebPage\",\"@id\":\"https:\\\/\\\/lacourroie.org\\\/index.php\\\/formulaire-contact\\\/\",\"url\":\"https:\\\/\\\/lacourroie.org\\\/index.php\\\/formulaire-contact\\\/\",\"name\":\"Formulaire contact - lacourroie\",\"isPartOf\":{\"@id\":\"https:\\\/\\\/lacourroie.org\\\/#website\"},\"datePublished\":\"2021-01-11T23:09:54+00:00\",\"dateModified\":\"2026-04-12T19:05:40+00:00\",\"breadcrumb\":{\"@id\":\"https:\\\/\\\/lacourroie.org\\\/index.php\\\/formulaire-contact\\\/#breadcrumb\"},\"inLanguage\":\"fr-FR\",\"potentialAction\":[{\"@type\":\"ReadAction\",\"target\":[\"https:\\\/\\\/lacourroie.org\\\/index.php\\\/formulaire-contact\\\/\"]}]},{\"@type\":\"BreadcrumbList\",\"@id\":\"https:\\\/\\\/lacourroie.org\\\/index.php\\\/formulaire-contact\\\/#breadcrumb\",\"itemListElement\":[{\"@type\":\"ListItem\",\"position\":1,\"name\":\"Accueil\",\"item\":\"https:\\\/\\\/lacourroie.org\\\/\"},{\"@type\":\"ListItem\",\"position\":2,\"name\":\"Formulaire contact\"}]},{\"@type\":\"WebSite\",\"@id\":\"https:\\\/\\\/lacourroie.org\\\/#website\",\"url\":\"https:\\\/\\\/lacourroie.org\\\/\",\"name\":\"lacourroie\",\"description\":\"\",\"publisher\":{\"@id\":\"https:\\\/\\\/lacourroie.org\\\/#organization\"},\"potentialAction\":[{\"@type\":\"SearchAction\",\"target\":{\"@type\":\"EntryPoint\",\"urlTemplate\":\"https:\\\/\\\/lacourroie.org\\\/?s={search_term_string}\"},\"query-input\":{\"@type\":\"PropertyValueSpecification\",\"valueRequired\":true,\"valueName\":\"search_term_string\"}}],\"inLanguage\":\"fr-FR\"},{\"@type\":\"Organization\",\"@id\":\"https:\\\/\\\/lacourroie.org\\\/#organization\",\"name\":\"lacourroie\",\"url\":\"https:\\\/\\\/lacourroie.org\\\/\",\"logo\":{\"@type\":\"ImageObject\",\"inLanguage\":\"fr-FR\",\"@id\":\"https:\\\/\\\/lacourroie.org\\\/#\\\/schema\\\/logo\\\/image\\\/\",\"url\":\"https:\\\/\\\/lacourroie.org\\\/wp-content\\\/uploads\\\/2021\\\/01\\\/cropped-Logo-Courroie-noir@4x.png\",\"contentUrl\":\"https:\\\/\\\/lacourroie.org\\\/wp-content\\\/uploads\\\/2021\\\/01\\\/cropped-Logo-Courroie-noir@4x.png\",\"width\":2286,\"height\":583,\"caption\":\"lacourroie\"},\"image\":{\"@id\":\"https:\\\/\\\/lacourroie.org\\\/#\\\/schema\\\/logo\\\/image\\\/\"}}]}<\/script>\n<!-- \/ Yoast SEO plugin. -->","yoast_head_json":{"title":"Formulaire contact - lacourroie","robots":{"index":"index","follow":"follow","max-snippet":"max-snippet:-1","max-image-preview":"max-image-preview:large","max-video-preview":"max-video-preview:-1"},"canonical":"https:\/\/lacourroie.org\/index.php\/formulaire-contact\/","og_locale":"fr_FR","og_type":"article","og_title":"Formulaire contact - lacourroie","og_description":"Recevoir la Newsletter Les concerts \u00e0 la Courroie Recevez les annonces des concerts au fil de la saison Votre inscription a \u00e9t\u00e9 enregistr\u00e9e avec succ\u00e8s ! &laquo; Votre adresse de messagerie est uniquement utilis\u00e9e pour vous envoyer notre lettre d&#039;information ainsi que des informations concernant nos activit\u00e9s. Vous pouvez \u00e0 tout moment utiliser le lien [&hellip;]","og_url":"https:\/\/lacourroie.org\/index.php\/formulaire-contact\/","og_site_name":"lacourroie","article_modified_time":"2026-04-12T19:05:40+00:00","twitter_card":"summary_large_image","twitter_misc":{"Dur\u00e9e de lecture estim\u00e9e":"1 minute"},"schema":{"@context":"https:\/\/schema.org","@graph":[{"@type":"WebPage","@id":"https:\/\/lacourroie.org\/index.php\/formulaire-contact\/","url":"https:\/\/lacourroie.org\/index.php\/formulaire-contact\/","name":"Formulaire contact - lacourroie","isPartOf":{"@id":"https:\/\/lacourroie.org\/#website"},"datePublished":"2021-01-11T23:09:54+00:00","dateModified":"2026-04-12T19:05:40+00:00","breadcrumb":{"@id":"https:\/\/lacourroie.org\/index.php\/formulaire-contact\/#breadcrumb"},"inLanguage":"fr-FR","potentialAction":[{"@type":"ReadAction","target":["https:\/\/lacourroie.org\/index.php\/formulaire-contact\/"]}]},{"@type":"BreadcrumbList","@id":"https:\/\/lacourroie.org\/index.php\/formulaire-contact\/#breadcrumb","itemListElement":[{"@type":"ListItem","position":1,"name":"Accueil","item":"https:\/\/lacourroie.org\/"},{"@type":"ListItem","position":2,"name":"Formulaire contact"}]},{"@type":"WebSite","@id":"https:\/\/lacourroie.org\/#website","url":"https:\/\/lacourroie.org\/","name":"lacourroie","description":"","publisher":{"@id":"https:\/\/lacourroie.org\/#organization"},"potentialAction":[{"@type":"SearchAction","target":{"@type":"EntryPoint","urlTemplate":"https:\/\/lacourroie.org\/?s={search_term_string}"},"query-input":{"@type":"PropertyValueSpecification","valueRequired":true,"valueName":"search_term_string"}}],"inLanguage":"fr-FR"},{"@type":"Organization","@id":"https:\/\/lacourroie.org\/#organization","name":"lacourroie","url":"https:\/\/lacourroie.org\/","logo":{"@type":"ImageObject","inLanguage":"fr-FR","@id":"https:\/\/lacourroie.org\/#\/schema\/logo\/image\/","url":"https:\/\/lacourroie.org\/wp-content\/uploads\/2021\/01\/cropped-Logo-Courroie-noir@4x.png","contentUrl":"https:\/\/lacourroie.org\/wp-content\/uploads\/2021\/01\/cropped-Logo-Courroie-noir@4x.png","width":2286,"height":583,"caption":"lacourroie"},"image":{"@id":"https:\/\/lacourroie.org\/#\/schema\/logo\/image\/"}}]}},"_links":{"self":[{"href":"https:\/\/lacourroie.org\/index.php\/wp-json\/wp\/v2\/pages\/2153","targetHints":{"allow":["GET"]}}],"collection":[{"href":"https:\/\/lacourroie.org\/index.php\/wp-json\/wp\/v2\/pages"}],"about":[{"href":"https:\/\/lacourroie.org\/index.php\/wp-json\/wp\/v2\/types\/page"}],"author":[{"embeddable":true,"href":"https:\/\/lacourroie.org\/index.php\/wp-json\/wp\/v2\/users\/1"}],"replies":[{"embeddable":true,"href":"https:\/\/lacourroie.org\/index.php\/wp-json\/wp\/v2\/comments?post=2153"}],"version-history":[{"count":80,"href":"https:\/\/lacourroie.org\/index.php\/wp-json\/wp\/v2\/pages\/2153\/revisions"}],"predecessor-version":[{"id":9880,"href":"https:\/\/lacourroie.org\/index.php\/wp-json\/wp\/v2\/pages\/2153\/revisions\/9880"}],"wp:attachment":[{"href":"https:\/\/lacourroie.org\/index.php\/wp-json\/wp\/v2\/media?parent=2153"}],"curies":[{"name":"wp","href":"https:\/\/api.w.org\/{rel}","templated":true}]}}