{"id":3153,"date":"2021-09-27T21:07:05","date_gmt":"2021-09-27T19:07:05","guid":{"rendered":"https:\/\/lacourroie.org\/?page_id=3153"},"modified":"2021-10-06T23:38:38","modified_gmt":"2021-10-06T21:38:38","slug":"en-savoir-2021-10-15-16","status":"publish","type":"page","link":"https:\/\/lacourroie.org\/index.php\/en-savoir-2021-10-15-16\/","title":{"rendered":"en savoir + 2021.10.15-16"},"content":{"rendered":"\t\t<div data-elementor-type=\"wp-page\" data-elementor-id=\"3153\" class=\"elementor elementor-3153\" data-elementor-post-type=\"page\">\n\t\t\t\t\t\t<section class=\"elementor-section elementor-top-section elementor-element elementor-element-0083417 elementor-section-boxed elementor-section-height-default elementor-section-height-default\" data-id=\"0083417\" data-element_type=\"section\" data-e-type=\"section\">\n\t\t\t\t\t\t<div class=\"elementor-container elementor-column-gap-default\">\n\t\t\t\t\t<div class=\"elementor-column elementor-col-50 elementor-top-column elementor-element elementor-element-259e046\" data-id=\"259e046\" data-element_type=\"column\" data-e-type=\"column\">\n\t\t\t<div class=\"elementor-widget-wrap elementor-element-populated\">\n\t\t\t\t\t\t<div class=\"elementor-element elementor-element-6a5952b elementor-widget elementor-widget-heading\" data-id=\"6a5952b\" data-element_type=\"widget\" data-e-type=\"widget\" data-widget_type=\"heading.default\">\n\t\t\t\t<div class=\"elementor-widget-container\">\n\t\t\t\t\t<h3 class=\"elementor-heading-title elementor-size-default\">Octobre 2021<\/h3>\t\t\t\t<\/div>\n\t\t\t\t<\/div>\n\t\t\t\t<div class=\"elementor-element elementor-element-ddf3ac5 elementor-widget elementor-widget-heading\" data-id=\"ddf3ac5\" data-element_type=\"widget\" data-e-type=\"widget\" data-widget_type=\"heading.default\">\n\t\t\t\t<div class=\"elementor-widget-container\">\n\t\t\t\t\t<h3 class=\"elementor-heading-title elementor-size-default\">Vendredi 15 \u00e0 20h21<br>\nSamedi 16 \u00e0 11h<\/h3>\t\t\t\t<\/div>\n\t\t\t\t<\/div>\n\t\t\t\t<div class=\"elementor-element elementor-element-7bb1182 elementor-widget elementor-widget-image\" data-id=\"7bb1182\" data-element_type=\"widget\" data-e-type=\"widget\" data-widget_type=\"image.default\">\n\t\t\t\t<div class=\"elementor-widget-container\">\n\t\t\t\t\t\t\t\t\t\t\t\t\t\t\t<img fetchpriority=\"high\" decoding=\"async\" width=\"768\" height=\"577\" src=\"https:\/\/lacourroie.org\/wp-content\/uploads\/2021\/10\/Trio-MEYER-QUEYRAS-LE-SAGE-768x577.png\" class=\"attachment-medium_large size-medium_large wp-image-3174\" alt=\"\" srcset=\"https:\/\/lacourroie.org\/wp-content\/uploads\/2021\/10\/Trio-MEYER-QUEYRAS-LE-SAGE-768x577.png 768w, https:\/\/lacourroie.org\/wp-content\/uploads\/2021\/10\/Trio-MEYER-QUEYRAS-LE-SAGE-300x225.png 300w, https:\/\/lacourroie.org\/wp-content\/uploads\/2021\/10\/Trio-MEYER-QUEYRAS-LE-SAGE-1024x769.png 1024w, https:\/\/lacourroie.org\/wp-content\/uploads\/2021\/10\/Trio-MEYER-QUEYRAS-LE-SAGE-1536x1153.png 1536w, https:\/\/lacourroie.org\/wp-content\/uploads\/2021\/10\/Trio-MEYER-QUEYRAS-LE-SAGE-2048x1538.png 2048w\" sizes=\"(max-width: 768px) 100vw, 768px\" \/>\t\t\t\t\t\t\t\t\t\t\t\t\t\t\t<\/div>\n\t\t\t\t<\/div>\n\t\t\t\t<div class=\"elementor-element elementor-element-d8612b3 elementor-align-right elementor-mobile-align-center elementor-widget elementor-widget-button\" data-id=\"d8612b3\" data-element_type=\"widget\" data-e-type=\"widget\" data-widget_type=\"button.default\">\n\t\t\t\t<div class=\"elementor-widget-container\">\n\t\t\t\t\t\t\t\t\t<div class=\"elementor-button-wrapper\">\n\t\t\t\t\t<a class=\"elementor-button elementor-button-link elementor-size-xs\" href=\"https:\/\/lacourroie.org\/index.php\/info\/\" target=\"_blank\" id=\"info\">\n\t\t\t\t\t\t<span class=\"elementor-button-content-wrapper\">\n\t\t\t\t\t\t\t\t\t<span class=\"elementor-button-text\">infos pratiques<\/span>\n\t\t\t\t\t<\/span>\n\t\t\t\t\t<\/a>\n\t\t\t\t<\/div>\n\t\t\t\t\t\t\t\t<\/div>\n\t\t\t\t<\/div>\n\t\t\t\t\t<\/div>\n\t\t<\/div>\n\t\t\t\t<div class=\"elementor-column elementor-col-50 elementor-top-column elementor-element elementor-element-1c59175\" data-id=\"1c59175\" data-element_type=\"column\" data-e-type=\"column\">\n\t\t\t<div class=\"elementor-widget-wrap elementor-element-populated\">\n\t\t\t\t\t\t<div class=\"elementor-element elementor-element-f1e4a8d elementor-widget elementor-widget-heading\" data-id=\"f1e4a8d\" data-element_type=\"widget\" data-e-type=\"widget\" data-widget_type=\"heading.default\">\n\t\t\t\t<div class=\"elementor-widget-container\">\n\t\t\t\t\t<h2 class=\"elementor-heading-title elementor-size-default\">Paul Meyer \u2022 clarinette<br>Jean-Guihen Queyras \u2022 violoncelle<br>Eric Le Sage \u2022 piano<\/h2>\t\t\t\t<\/div>\n\t\t\t\t<\/div>\n\t\t\t\t<div class=\"elementor-element elementor-element-d13a501 elementor-widget elementor-widget-text-editor\" data-id=\"d13a501\" data-element_type=\"widget\" data-e-type=\"widget\" data-widget_type=\"text-editor.default\">\n\t\t\t\t<div class=\"elementor-widget-container\">\n\t\t\t\t\t\t\t\t\t<p><b>Ludwig Van Beethoven<\/b><br \/>Trio en Sib Majeur, op 11<b><br \/><\/b><em>&#8211; Allegro con brio<\/em><br \/><em>&#8211; Adagio<\/em><br \/><em>&#8211; Th\u00e8me et variations (sur le th\u00e8me de Pria ch&rsquo;io l&rsquo;impegno)<\/em><b><br \/><\/b><\/p><p><b>Bohuslav Martinu<\/b><br \/>Sonatine pour Clarinette et Piano, H. 356<br \/><i>Moderato\/Andante\/Poco allegro<\/i><\/p><p><b>Robert Schumann<\/b><br \/>3 Romances pour violoncelle et piano, op 94<\/p><p><b>Johannes Brahms<\/b><br \/>Trio en La mineur, op 114<br \/>&#8211; Allegro alla breve<br \/>&#8211; Adagio<br \/>&#8211; Andantino grazioso<br \/>&#8211; Finale:Allegro<\/p>\t\t\t\t\t\t\t\t<\/div>\n\t\t\t\t<\/div>\n\t\t\t\t\t<\/div>\n\t\t<\/div>\n\t\t\t\t\t<\/div>\n\t\t<\/section>\n\t\t\t\t<section class=\"elementor-section elementor-top-section elementor-element elementor-element-5de26b3 elementor-section-boxed elementor-section-height-default elementor-section-height-default\" data-id=\"5de26b3\" data-element_type=\"section\" data-e-type=\"section\">\n\t\t\t\t\t\t<div class=\"elementor-container elementor-column-gap-default\">\n\t\t\t\t\t<div class=\"elementor-column elementor-col-100 elementor-top-column elementor-element elementor-element-2d5b7d1\" data-id=\"2d5b7d1\" data-element_type=\"column\" data-e-type=\"column\">\n\t\t\t<div class=\"elementor-widget-wrap elementor-element-populated\">\n\t\t\t\t\t\t<div class=\"elementor-element elementor-element-468bf75 elementor-widget elementor-widget-text-editor\" data-id=\"468bf75\" data-element_type=\"widget\" data-e-type=\"widget\" data-widget_type=\"text-editor.default\">\n\t\t\t\t<div class=\"elementor-widget-container\">\n\t\t\t\t\t\t\t\t\t<p>Habitu\u00e9s des salles prestigieuses et des concertos les plus virtuoses, musiciens unanimement admir\u00e9s, le pianiste \u00c9ric Le Sage, le clarinettiste et chef d\u2019orchestre Paul Meyer, le violoncelliste Jean-Guihen Queyras conservent tous trois une pr\u00e9dilection pour les plaisirs d\u00e9licats de la musique de chambre en trio.\u00a0<br \/>Et &#8211; faut-il le pr\u00e9ciser &#8211; un profond amour de la\u00a0Provence.\u00a0<\/p>\t\t\t\t\t\t\t\t<\/div>\n\t\t\t\t<\/div>\n\t\t\t\t<section class=\"elementor-section elementor-inner-section elementor-element elementor-element-431f7c4 elementor-section-boxed elementor-section-height-default elementor-section-height-default\" data-id=\"431f7c4\" data-element_type=\"section\" data-e-type=\"section\">\n\t\t\t\t\t\t<div class=\"elementor-container elementor-column-gap-default\">\n\t\t\t\t\t<div class=\"elementor-column elementor-col-33 elementor-inner-column elementor-element elementor-element-38142a9\" data-id=\"38142a9\" data-element_type=\"column\" data-e-type=\"column\">\n\t\t\t<div class=\"elementor-widget-wrap elementor-element-populated\">\n\t\t\t\t\t\t<div class=\"elementor-element elementor-element-c246723 elementor-widget elementor-widget-text-editor\" data-id=\"c246723\" data-element_type=\"widget\" data-e-type=\"widget\" data-widget_type=\"text-editor.default\">\n\t\t\t\t<div class=\"elementor-widget-container\">\n\t\t\t\t\t\t\t\t\t<p><strong>Eric Le Sage<\/strong> est un pianiste dont le r\u00e9pertoire s&rsquo;\u00e9tale de Haydn \u00e0 Gershwin avec un penchant pour Schumann dont il aime \u00ab\u00a0l&rsquo;alliance du corps et de l&rsquo;\u00e2me\u00a0\u00bb. Curieux d&rsquo;oeuvres inconnues, il est pr\u00e9sent sur les sc\u00e8nes du monde entier.<\/p>\t\t\t\t\t\t\t\t<\/div>\n\t\t\t\t<\/div>\n\t\t\t\t\t<\/div>\n\t\t<\/div>\n\t\t\t\t<div class=\"elementor-column elementor-col-33 elementor-inner-column elementor-element elementor-element-603e259\" data-id=\"603e259\" data-element_type=\"column\" data-e-type=\"column\">\n\t\t\t<div class=\"elementor-widget-wrap elementor-element-populated\">\n\t\t\t\t\t\t<div class=\"elementor-element elementor-element-1555272 elementor-widget elementor-widget-text-editor\" data-id=\"1555272\" data-element_type=\"widget\" data-e-type=\"widget\" data-widget_type=\"text-editor.default\">\n\t\t\t\t<div class=\"elementor-widget-container\">\n\t\t\t\t\t\t\t\t\t<p><strong>Paul Meyer<\/strong>, un des grands clarinettistes de notre temps, est un musicien \u00e9clectique avec un r\u00e9pertoire vari\u00e9, classique et romantique. Toujours \u00e0 la recherche de sensations musicales extr\u00eames, il s&rsquo;oriente vers la direction d&rsquo;orchestre. Il est reconnu dans le monde entier comme soliste international.<\/p>\t\t\t\t\t\t\t\t<\/div>\n\t\t\t\t<\/div>\n\t\t\t\t\t<\/div>\n\t\t<\/div>\n\t\t\t\t<div class=\"elementor-column elementor-col-33 elementor-inner-column elementor-element elementor-element-5c0f64a\" data-id=\"5c0f64a\" data-element_type=\"column\" data-e-type=\"column\">\n\t\t\t<div class=\"elementor-widget-wrap elementor-element-populated\">\n\t\t\t\t\t\t<div class=\"elementor-element elementor-element-355ef92 elementor-widget elementor-widget-text-editor\" data-id=\"355ef92\" data-element_type=\"widget\" data-e-type=\"widget\" data-widget_type=\"text-editor.default\">\n\t\t\t\t<div class=\"elementor-widget-container\">\n\t\t\t\t\t\t\t\t\t<p><strong>Jean-Guihen Queyras<\/strong> (un des directeur artistique des Rencontres Musicales de Haute-Provence) est un violoncelliste passionn\u00e9 \u00e0 la carri\u00e8re \u00e9clectique : de la sonate au concerto, en passant par la musique de chambre. Son r\u00e9pertoire va de Bach aux contemporains en passant par les grandes oeuvres du XX\u00b0 si\u00e8cle.<\/p>\t\t\t\t\t\t\t\t<\/div>\n\t\t\t\t<\/div>\n\t\t\t\t\t<\/div>\n\t\t<\/div>\n\t\t\t\t\t<\/div>\n\t\t<\/section>\n\t\t\t\t\t<\/div>\n\t\t<\/div>\n\t\t\t\t\t<\/div>\n\t\t<\/section>\n\t\t\t\t<\/div>\n\t\t","protected":false},"excerpt":{"rendered":"<p>Octobre 2021 Vendredi 15 \u00e0 20h21 Samedi 16 \u00e0 11h infos pratiques Paul Meyer \u2022 clarinetteJean-Guihen Queyras \u2022 violoncelleEric Le Sage \u2022 piano Ludwig Van BeethovenTrio en Sib Majeur, op 11&#8211; Allegro con brio&#8211; Adagio&#8211; Th\u00e8me et variations (sur le th\u00e8me de Pria ch&rsquo;io l&rsquo;impegno) Bohuslav MartinuSonatine pour Clarinette et Piano, H. 356Moderato\/Andante\/Poco allegro Robert [&hellip;]<\/p>\n","protected":false},"author":1,"featured_media":0,"parent":0,"menu_order":0,"comment_status":"closed","ping_status":"closed","template":"","meta":{"site-sidebar-layout":"right-sidebar","site-content-layout":"page-builder","ast-site-content-layout":"default","site-content-style":"default","site-sidebar-style":"default","ast-global-header-display":"","ast-banner-title-visibility":"","ast-main-header-display":"","ast-hfb-above-header-display":"","ast-hfb-below-header-display":"","ast-hfb-mobile-header-display":"","site-post-title":"","ast-breadcrumbs-content":"","ast-featured-img":"","footer-sml-layout":"disabled","ast-disable-related-posts":"","theme-transparent-header-meta":"default","adv-header-id-meta":"","stick-header-meta":"","header-above-stick-meta":"","header-main-stick-meta":"","header-below-stick-meta":"","astra-migrate-meta-layouts":"default","ast-page-background-enabled":"default","ast-page-background-meta":{"desktop":{"background-color":"","background-image":"","background-repeat":"repeat","background-position":"center center","background-size":"auto","background-attachment":"scroll","background-type":"","background-media":"","overlay-type":"","overlay-color":"","overlay-opacity":"","overlay-gradient":""},"tablet":{"background-color":"","background-image":"","background-repeat":"repeat","background-position":"center center","background-size":"auto","background-attachment":"scroll","background-type":"","background-media":"","overlay-type":"","overlay-color":"","overlay-opacity":"","overlay-gradient":""},"mobile":{"background-color":"","background-image":"","background-repeat":"repeat","background-position":"center center","background-size":"auto","background-attachment":"scroll","background-type":"","background-media":"","overlay-type":"","overlay-color":"","overlay-opacity":"","overlay-gradient":""}},"ast-content-background-meta":{"desktop":{"background-color":"var(--ast-global-color-5)","background-image":"","background-repeat":"repeat","background-position":"center center","background-size":"auto","background-attachment":"scroll","background-type":"","background-media":"","overlay-type":"","overlay-color":"","overlay-opacity":"","overlay-gradient":""},"tablet":{"background-color":"var(--ast-global-color-5)","background-image":"","background-repeat":"repeat","background-position":"center center","background-size":"auto","background-attachment":"scroll","background-type":"","background-media":"","overlay-type":"","overlay-color":"","overlay-opacity":"","overlay-gradient":""},"mobile":{"background-color":"var(--ast-global-color-5)","background-image":"","background-repeat":"repeat","background-position":"center center","background-size":"auto","background-attachment":"scroll","background-type":"","background-media":"","overlay-type":"","overlay-color":"","overlay-opacity":"","overlay-gradient":""}},"footnotes":""},"class_list":["post-3153","page","type-page","status-publish","hentry"],"yoast_head":"<!-- This site is optimized with the Yoast SEO plugin v27.4 - https:\/\/yoast.com\/product\/yoast-seo-wordpress\/ -->\n<title>en savoir + 2021.10.15-16 - lacourroie<\/title>\n<meta name=\"description\" content=\"%\" \/>\n<meta name=\"robots\" content=\"index, follow, max-snippet:-1, max-image-preview:large, max-video-preview:-1\" \/>\n<link rel=\"canonical\" href=\"https:\/\/lacourroie.org\/index.php\/en-savoir-2021-10-15-16\/\" \/>\n<meta property=\"og:locale\" content=\"fr_FR\" \/>\n<meta property=\"og:type\" content=\"article\" \/>\n<meta property=\"og:title\" content=\"en savoir + 2021.10.15-16 - lacourroie\" \/>\n<meta property=\"og:description\" content=\"%\" \/>\n<meta property=\"og:url\" content=\"https:\/\/lacourroie.org\/index.php\/en-savoir-2021-10-15-16\/\" \/>\n<meta property=\"og:site_name\" content=\"lacourroie\" \/>\n<meta property=\"article:modified_time\" content=\"2021-10-06T21:38:38+00:00\" \/>\n<meta property=\"og:image\" content=\"https:\/\/lacourroie.org\/wp-content\/uploads\/2021\/10\/Trio-MEYER-QUEYRAS-LE-SAGE-768x577.png\" \/>\n<meta name=\"twitter:card\" content=\"summary_large_image\" \/>\n<meta name=\"twitter:label1\" content=\"Dur\u00e9e de lecture estim\u00e9e\" \/>\n\t<meta name=\"twitter:data1\" content=\"2 minutes\" \/>\n<script type=\"application\/ld+json\" class=\"yoast-schema-graph\">{\"@context\":\"https:\\\/\\\/schema.org\",\"@graph\":[{\"@type\":\"WebPage\",\"@id\":\"https:\\\/\\\/lacourroie.org\\\/index.php\\\/en-savoir-2021-10-15-16\\\/\",\"url\":\"https:\\\/\\\/lacourroie.org\\\/index.php\\\/en-savoir-2021-10-15-16\\\/\",\"name\":\"en savoir + 2021.10.15-16 - lacourroie\",\"isPartOf\":{\"@id\":\"https:\\\/\\\/lacourroie.org\\\/#website\"},\"primaryImageOfPage\":{\"@id\":\"https:\\\/\\\/lacourroie.org\\\/index.php\\\/en-savoir-2021-10-15-16\\\/#primaryimage\"},\"image\":{\"@id\":\"https:\\\/\\\/lacourroie.org\\\/index.php\\\/en-savoir-2021-10-15-16\\\/#primaryimage\"},\"thumbnailUrl\":\"https:\\\/\\\/lacourroie.org\\\/wp-content\\\/uploads\\\/2021\\\/10\\\/Trio-MEYER-QUEYRAS-LE-SAGE-768x577.png\",\"datePublished\":\"2021-09-27T19:07:05+00:00\",\"dateModified\":\"2021-10-06T21:38:38+00:00\",\"description\":\"%\",\"breadcrumb\":{\"@id\":\"https:\\\/\\\/lacourroie.org\\\/index.php\\\/en-savoir-2021-10-15-16\\\/#breadcrumb\"},\"inLanguage\":\"fr-FR\",\"potentialAction\":[{\"@type\":\"ReadAction\",\"target\":[\"https:\\\/\\\/lacourroie.org\\\/index.php\\\/en-savoir-2021-10-15-16\\\/\"]}]},{\"@type\":\"ImageObject\",\"inLanguage\":\"fr-FR\",\"@id\":\"https:\\\/\\\/lacourroie.org\\\/index.php\\\/en-savoir-2021-10-15-16\\\/#primaryimage\",\"url\":\"https:\\\/\\\/lacourroie.org\\\/wp-content\\\/uploads\\\/2021\\\/10\\\/Trio-MEYER-QUEYRAS-LE-SAGE.png\",\"contentUrl\":\"https:\\\/\\\/lacourroie.org\\\/wp-content\\\/uploads\\\/2021\\\/10\\\/Trio-MEYER-QUEYRAS-LE-SAGE.png\",\"width\":4914,\"height\":3690},{\"@type\":\"BreadcrumbList\",\"@id\":\"https:\\\/\\\/lacourroie.org\\\/index.php\\\/en-savoir-2021-10-15-16\\\/#breadcrumb\",\"itemListElement\":[{\"@type\":\"ListItem\",\"position\":1,\"name\":\"Accueil\",\"item\":\"https:\\\/\\\/lacourroie.org\\\/\"},{\"@type\":\"ListItem\",\"position\":2,\"name\":\"en savoir + 2021.10.15-16\"}]},{\"@type\":\"WebSite\",\"@id\":\"https:\\\/\\\/lacourroie.org\\\/#website\",\"url\":\"https:\\\/\\\/lacourroie.org\\\/\",\"name\":\"lacourroie\",\"description\":\"\",\"publisher\":{\"@id\":\"https:\\\/\\\/lacourroie.org\\\/#organization\"},\"potentialAction\":[{\"@type\":\"SearchAction\",\"target\":{\"@type\":\"EntryPoint\",\"urlTemplate\":\"https:\\\/\\\/lacourroie.org\\\/?s={search_term_string}\"},\"query-input\":{\"@type\":\"PropertyValueSpecification\",\"valueRequired\":true,\"valueName\":\"search_term_string\"}}],\"inLanguage\":\"fr-FR\"},{\"@type\":\"Organization\",\"@id\":\"https:\\\/\\\/lacourroie.org\\\/#organization\",\"name\":\"lacourroie\",\"url\":\"https:\\\/\\\/lacourroie.org\\\/\",\"logo\":{\"@type\":\"ImageObject\",\"inLanguage\":\"fr-FR\",\"@id\":\"https:\\\/\\\/lacourroie.org\\\/#\\\/schema\\\/logo\\\/image\\\/\",\"url\":\"https:\\\/\\\/lacourroie.org\\\/wp-content\\\/uploads\\\/2021\\\/01\\\/cropped-Logo-Courroie-noir@4x.png\",\"contentUrl\":\"https:\\\/\\\/lacourroie.org\\\/wp-content\\\/uploads\\\/2021\\\/01\\\/cropped-Logo-Courroie-noir@4x.png\",\"width\":2286,\"height\":583,\"caption\":\"lacourroie\"},\"image\":{\"@id\":\"https:\\\/\\\/lacourroie.org\\\/#\\\/schema\\\/logo\\\/image\\\/\"}}]}<\/script>\n<!-- \/ Yoast SEO plugin. -->","yoast_head_json":{"title":"en savoir + 2021.10.15-16 - lacourroie","description":"%","robots":{"index":"index","follow":"follow","max-snippet":"max-snippet:-1","max-image-preview":"max-image-preview:large","max-video-preview":"max-video-preview:-1"},"canonical":"https:\/\/lacourroie.org\/index.php\/en-savoir-2021-10-15-16\/","og_locale":"fr_FR","og_type":"article","og_title":"en savoir + 2021.10.15-16 - lacourroie","og_description":"%","og_url":"https:\/\/lacourroie.org\/index.php\/en-savoir-2021-10-15-16\/","og_site_name":"lacourroie","article_modified_time":"2021-10-06T21:38:38+00:00","og_image":[{"url":"https:\/\/lacourroie.org\/wp-content\/uploads\/2021\/10\/Trio-MEYER-QUEYRAS-LE-SAGE-768x577.png","type":"","width":"","height":""}],"twitter_card":"summary_large_image","twitter_misc":{"Dur\u00e9e de lecture estim\u00e9e":"2 minutes"},"schema":{"@context":"https:\/\/schema.org","@graph":[{"@type":"WebPage","@id":"https:\/\/lacourroie.org\/index.php\/en-savoir-2021-10-15-16\/","url":"https:\/\/lacourroie.org\/index.php\/en-savoir-2021-10-15-16\/","name":"en savoir + 2021.10.15-16 - lacourroie","isPartOf":{"@id":"https:\/\/lacourroie.org\/#website"},"primaryImageOfPage":{"@id":"https:\/\/lacourroie.org\/index.php\/en-savoir-2021-10-15-16\/#primaryimage"},"image":{"@id":"https:\/\/lacourroie.org\/index.php\/en-savoir-2021-10-15-16\/#primaryimage"},"thumbnailUrl":"https:\/\/lacourroie.org\/wp-content\/uploads\/2021\/10\/Trio-MEYER-QUEYRAS-LE-SAGE-768x577.png","datePublished":"2021-09-27T19:07:05+00:00","dateModified":"2021-10-06T21:38:38+00:00","description":"%","breadcrumb":{"@id":"https:\/\/lacourroie.org\/index.php\/en-savoir-2021-10-15-16\/#breadcrumb"},"inLanguage":"fr-FR","potentialAction":[{"@type":"ReadAction","target":["https:\/\/lacourroie.org\/index.php\/en-savoir-2021-10-15-16\/"]}]},{"@type":"ImageObject","inLanguage":"fr-FR","@id":"https:\/\/lacourroie.org\/index.php\/en-savoir-2021-10-15-16\/#primaryimage","url":"https:\/\/lacourroie.org\/wp-content\/uploads\/2021\/10\/Trio-MEYER-QUEYRAS-LE-SAGE.png","contentUrl":"https:\/\/lacourroie.org\/wp-content\/uploads\/2021\/10\/Trio-MEYER-QUEYRAS-LE-SAGE.png","width":4914,"height":3690},{"@type":"BreadcrumbList","@id":"https:\/\/lacourroie.org\/index.php\/en-savoir-2021-10-15-16\/#breadcrumb","itemListElement":[{"@type":"ListItem","position":1,"name":"Accueil","item":"https:\/\/lacourroie.org\/"},{"@type":"ListItem","position":2,"name":"en savoir + 2021.10.15-16"}]},{"@type":"WebSite","@id":"https:\/\/lacourroie.org\/#website","url":"https:\/\/lacourroie.org\/","name":"lacourroie","description":"","publisher":{"@id":"https:\/\/lacourroie.org\/#organization"},"potentialAction":[{"@type":"SearchAction","target":{"@type":"EntryPoint","urlTemplate":"https:\/\/lacourroie.org\/?s={search_term_string}"},"query-input":{"@type":"PropertyValueSpecification","valueRequired":true,"valueName":"search_term_string"}}],"inLanguage":"fr-FR"},{"@type":"Organization","@id":"https:\/\/lacourroie.org\/#organization","name":"lacourroie","url":"https:\/\/lacourroie.org\/","logo":{"@type":"ImageObject","inLanguage":"fr-FR","@id":"https:\/\/lacourroie.org\/#\/schema\/logo\/image\/","url":"https:\/\/lacourroie.org\/wp-content\/uploads\/2021\/01\/cropped-Logo-Courroie-noir@4x.png","contentUrl":"https:\/\/lacourroie.org\/wp-content\/uploads\/2021\/01\/cropped-Logo-Courroie-noir@4x.png","width":2286,"height":583,"caption":"lacourroie"},"image":{"@id":"https:\/\/lacourroie.org\/#\/schema\/logo\/image\/"}}]}},"_links":{"self":[{"href":"https:\/\/lacourroie.org\/index.php\/wp-json\/wp\/v2\/pages\/3153","targetHints":{"allow":["GET"]}}],"collection":[{"href":"https:\/\/lacourroie.org\/index.php\/wp-json\/wp\/v2\/pages"}],"about":[{"href":"https:\/\/lacourroie.org\/index.php\/wp-json\/wp\/v2\/types\/page"}],"author":[{"embeddable":true,"href":"https:\/\/lacourroie.org\/index.php\/wp-json\/wp\/v2\/users\/1"}],"replies":[{"embeddable":true,"href":"https:\/\/lacourroie.org\/index.php\/wp-json\/wp\/v2\/comments?post=3153"}],"version-history":[{"count":44,"href":"https:\/\/lacourroie.org\/index.php\/wp-json\/wp\/v2\/pages\/3153\/revisions"}],"predecessor-version":[{"id":3552,"href":"https:\/\/lacourroie.org\/index.php\/wp-json\/wp\/v2\/pages\/3153\/revisions\/3552"}],"wp:attachment":[{"href":"https:\/\/lacourroie.org\/index.php\/wp-json\/wp\/v2\/media?parent=3153"}],"curies":[{"name":"wp","href":"https:\/\/api.w.org\/{rel}","templated":true}]}}