{"id":3220,"date":"2021-10-05T22:16:12","date_gmt":"2021-10-05T20:16:12","guid":{"rendered":"https:\/\/lacourroie.org\/?page_id=3220"},"modified":"2021-11-05T23:45:01","modified_gmt":"2021-11-05T22:45:01","slug":"en-savoir-2021-11-17-18","status":"publish","type":"page","link":"https:\/\/lacourroie.org\/index.php\/en-savoir-2021-11-17-18\/","title":{"rendered":"en savoir + 2021.11.17-18"},"content":{"rendered":"\t\t<div data-elementor-type=\"wp-page\" data-elementor-id=\"3220\" class=\"elementor elementor-3220\" data-elementor-post-type=\"page\">\n\t\t\t\t\t\t<section class=\"elementor-section elementor-top-section elementor-element elementor-element-0083417 elementor-section-boxed elementor-section-height-default elementor-section-height-default\" data-id=\"0083417\" data-element_type=\"section\" data-e-type=\"section\">\n\t\t\t\t\t\t<div class=\"elementor-container elementor-column-gap-default\">\n\t\t\t\t\t<div class=\"elementor-column elementor-col-50 elementor-top-column elementor-element elementor-element-259e046\" data-id=\"259e046\" data-element_type=\"column\" data-e-type=\"column\">\n\t\t\t<div class=\"elementor-widget-wrap elementor-element-populated\">\n\t\t\t\t\t\t<div class=\"elementor-element elementor-element-6a5952b elementor-widget elementor-widget-heading\" data-id=\"6a5952b\" data-element_type=\"widget\" data-e-type=\"widget\" data-widget_type=\"heading.default\">\n\t\t\t\t<div class=\"elementor-widget-container\">\n\t\t\t\t\t<h3 class=\"elementor-heading-title elementor-size-default\">Novembre 2021<\/h3>\t\t\t\t<\/div>\n\t\t\t\t<\/div>\n\t\t\t\t<div class=\"elementor-element elementor-element-ddf3ac5 elementor-widget elementor-widget-heading\" data-id=\"ddf3ac5\" data-element_type=\"widget\" data-e-type=\"widget\" data-widget_type=\"heading.default\">\n\t\t\t\t<div class=\"elementor-widget-container\">\n\t\t\t\t\t<h3 class=\"elementor-heading-title elementor-size-default\">Mercredi 17 et Jeudi 18 \u00e0 20h21<br><\/h3>\t\t\t\t<\/div>\n\t\t\t\t<\/div>\n\t\t\t\t<div class=\"elementor-element elementor-element-f1e4a8d elementor-widget elementor-widget-heading\" data-id=\"f1e4a8d\" data-element_type=\"widget\" data-e-type=\"widget\" data-widget_type=\"heading.default\">\n\t\t\t\t<div class=\"elementor-widget-container\">\n\t\t\t\t\t<h1 class=\"elementor-heading-title elementor-size-default\">Doric string Quartet<\/h1>\t\t\t\t<\/div>\n\t\t\t\t<\/div>\n\t\t\t\t<div class=\"elementor-element elementor-element-c38d2fe elementor-widget elementor-widget-text-editor\" data-id=\"c38d2fe\" data-element_type=\"widget\" data-e-type=\"widget\" data-widget_type=\"text-editor.default\">\n\t\t\t\t<div class=\"elementor-widget-container\">\n\t\t\t\t\t\t\t\t\t<p>Alex Redington \u2022 violon<br \/>\u2028Ying Xue \u2022 violon<br \/>\u2028H\u00e9l\u00e8ne Cl\u00e9ment \u2022 alto<br \/>\u2028John Myerscough \u2022 violoncelle<\/p>\t\t\t\t\t\t\t\t<\/div>\n\t\t\t\t<\/div>\n\t\t\t\t<div class=\"elementor-element elementor-element-5695426 elementor-widget elementor-widget-image\" data-id=\"5695426\" data-element_type=\"widget\" data-e-type=\"widget\" data-widget_type=\"image.default\">\n\t\t\t\t<div class=\"elementor-widget-container\">\n\t\t\t\t\t\t\t\t\t\t\t\t\t\t\t<img fetchpriority=\"high\" decoding=\"async\" width=\"768\" height=\"512\" src=\"https:\/\/lacourroie.org\/wp-content\/uploads\/2021\/11\/Quatuor-Doric2-768x512.jpg\" class=\"attachment-medium_large size-medium_large wp-image-3483\" alt=\"\" srcset=\"https:\/\/lacourroie.org\/wp-content\/uploads\/2021\/11\/Quatuor-Doric2-768x512.jpg 768w, https:\/\/lacourroie.org\/wp-content\/uploads\/2021\/11\/Quatuor-Doric2-300x200.jpg 300w, https:\/\/lacourroie.org\/wp-content\/uploads\/2021\/11\/Quatuor-Doric2.jpg 1024w\" sizes=\"(max-width: 768px) 100vw, 768px\" \/>\t\t\t\t\t\t\t\t\t\t\t\t\t\t\t<\/div>\n\t\t\t\t<\/div>\n\t\t\t\t\t<\/div>\n\t\t<\/div>\n\t\t\t\t<div class=\"elementor-column elementor-col-50 elementor-top-column elementor-element elementor-element-1c59175\" data-id=\"1c59175\" data-element_type=\"column\" data-e-type=\"column\">\n\t\t\t<div class=\"elementor-widget-wrap elementor-element-populated\">\n\t\t\t\t\t\t<div class=\"elementor-element elementor-element-cce7c07 elementor-widget elementor-widget-heading\" data-id=\"cce7c07\" data-element_type=\"widget\" data-e-type=\"widget\" data-widget_type=\"heading.default\">\n\t\t\t\t<div class=\"elementor-widget-container\">\n\t\t\t\t\t<h4 class=\"elementor-heading-title elementor-size-default\">Bela Bartok (1881-1945)<\/h4>\t\t\t\t<\/div>\n\t\t\t\t<\/div>\n\t\t\t\t<div class=\"elementor-element elementor-element-25b66b2 elementor-widget elementor-widget-text-editor\" data-id=\"25b66b2\" data-element_type=\"widget\" data-e-type=\"widget\" data-widget_type=\"text-editor.default\">\n\t\t\t\t<div class=\"elementor-widget-container\">\n\t\t\t\t\t\t\t\t\t<p><strong>Quatuor \u00e0 cordes n\u00b03 en Ut-di\u00e8se majeur<\/strong><br \/>(Budapest septembre 1927)<br \/>&#8211; Prima parte: Moderato<br \/>&#8211; Seconda parte: Allegro<br \/>&#8211; Ricapitulazione della prima parte: Moderato<br \/>&#8211; Coda: Allegro molto<\/p>\t\t\t\t\t\t\t\t<\/div>\n\t\t\t\t<\/div>\n\t\t\t\t<div class=\"elementor-element elementor-element-1da07cc elementor-widget elementor-widget-heading\" data-id=\"1da07cc\" data-element_type=\"widget\" data-e-type=\"widget\" data-widget_type=\"heading.default\">\n\t\t\t\t<div class=\"elementor-widget-container\">\n\t\t\t\t\t<h4 class=\"elementor-heading-title elementor-size-default\">Ludwig van Beethoven (1770-1827)<\/h4>\t\t\t\t<\/div>\n\t\t\t\t<\/div>\n\t\t\t\t<div class=\"elementor-element elementor-element-40d19a8 elementor-widget elementor-widget-text-editor\" data-id=\"40d19a8\" data-element_type=\"widget\" data-e-type=\"widget\" data-widget_type=\"text-editor.default\">\n\t\t\t\t<div class=\"elementor-widget-container\">\n\t\t\t\t\t\t\t\t\t<p><strong>Quatuor Op 59 n\u00b01 en Fa majeur<\/strong> (1808)<br \/>&#8211; Allegro<br \/>&#8211; Allegretto vivace e sempre scherzando<br \/>&#8211; Adagio molto e mesto &#8211; attacca<br \/>&#8211; \u00ab\u00a0Th\u00e8me Russe\u00a0\u00bb Allegro<\/p>\t\t\t\t\t\t\t\t<\/div>\n\t\t\t\t<\/div>\n\t\t\t\t<div class=\"elementor-element elementor-element-3e48f34 elementor-widget elementor-widget-video\" data-id=\"3e48f34\" data-element_type=\"widget\" data-e-type=\"widget\" data-settings=\"{&quot;youtube_url&quot;:&quot;https:\\\/\\\/youtu.be\\\/OtbrapRbqKo?list=PLej1CPrsp2qoUNRK1eB07RRz3LmAhG8Lz&quot;,&quot;video_type&quot;:&quot;youtube&quot;,&quot;controls&quot;:&quot;yes&quot;}\" data-widget_type=\"video.default\">\n\t\t\t\t<div class=\"elementor-widget-container\">\n\t\t\t\t\t\t\t<div class=\"elementor-wrapper elementor-open-inline\">\n\t\t\t<div class=\"elementor-video\"><\/div>\t\t<\/div>\n\t\t\t\t\t\t<\/div>\n\t\t\t\t<\/div>\n\t\t\t\t<div class=\"elementor-element elementor-element-d8612b3 elementor-align-left elementor-mobile-align-center elementor-widget elementor-widget-button\" data-id=\"d8612b3\" data-element_type=\"widget\" data-e-type=\"widget\" data-widget_type=\"button.default\">\n\t\t\t\t<div class=\"elementor-widget-container\">\n\t\t\t\t\t\t\t\t\t<div class=\"elementor-button-wrapper\">\n\t\t\t\t\t<a class=\"elementor-button elementor-button-link elementor-size-xs\" href=\"https:\/\/lacourroie.org\/index.php\/info\/\" target=\"_blank\" id=\"info\">\n\t\t\t\t\t\t<span class=\"elementor-button-content-wrapper\">\n\t\t\t\t\t\t\t\t\t<span class=\"elementor-button-text\">infos pratiques<\/span>\n\t\t\t\t\t<\/span>\n\t\t\t\t\t<\/a>\n\t\t\t\t<\/div>\n\t\t\t\t\t\t\t\t<\/div>\n\t\t\t\t<\/div>\n\t\t\t\t\t<\/div>\n\t\t<\/div>\n\t\t\t\t\t<\/div>\n\t\t<\/section>\n\t\t\t\t<section class=\"elementor-section elementor-top-section elementor-element elementor-element-747bae6 elementor-section-boxed elementor-section-height-default elementor-section-height-default\" data-id=\"747bae6\" data-element_type=\"section\" data-e-type=\"section\">\n\t\t\t\t\t\t<div class=\"elementor-container elementor-column-gap-default\">\n\t\t\t\t\t<div class=\"elementor-column elementor-col-100 elementor-top-column elementor-element elementor-element-e8ee125\" data-id=\"e8ee125\" data-element_type=\"column\" data-e-type=\"column\">\n\t\t\t<div class=\"elementor-widget-wrap elementor-element-populated\">\n\t\t\t\t\t\t<div class=\"elementor-element elementor-element-af46638 elementor-widget elementor-widget-text-editor\" data-id=\"af46638\" data-element_type=\"widget\" data-e-type=\"widget\" data-widget_type=\"text-editor.default\">\n\t\t\t\t<div class=\"elementor-widget-container\">\n\t\t\t\t\t\t\t\t\t<p>Indiscutablement l&rsquo;un des meilleurs quatuors \u00e0 cordes de sa g\u00e9n\u00e9ration, le Doric String Quartet re\u00e7oit un vibrant accueil autant du public que de la part de la critique et ceci \u00e0 travers le monde. Il remporte de nombreux prix comme en 2008 le 1er Prix du Osaka International Chamber Music Competition au Japon, et le 2\u00e8me Prix du Premio Paolo Borciani International String Quartet Competition en Italie. Il se produit depuis sur les grandes sc\u00e8nes europ\u00e9ennes comme au Concertgebouw d\u2019Amsterdam, aux Konzerthaus de Vienne et de Berlin, au Frankfurt Alte Oper, au Laeiszhalle \u00e0 Hambourg, De Singel \u00e0 Anvers et est r\u00e9guli\u00e8rement invit\u00e9 au Wigmore Hall \u00e0 Londres. Le Quatuor se produit \u00e9galement chaque ann\u00e9e en tourn\u00e9e aux \u00c9tats-Unis et fait ses d\u00e9buts au Carnegie Hall en 2017.<\/p><p>Le Doric String Quartet joue dans de nombreux festivals comme le Festspiele Mecklenburg-Vorpommmen, Schwetzingen, Schwarzenberg Schubertiade, Grafenegg, Aldeburgh, West Cork, Cheltenham, Delft, Incontri inTerra di Siena et Ris\u00f8r Festivals, et collabore avec des artistes comme Ian Bostridge, Mark Padmore, Alexander Melnikov, Pieter Wispelwey, Jonathan Biss, Chen Halevi, Elizabeth Leonskaja, Benjamin Grosvenor, Alina Ibragimova and C\u00e9dric Tiberghien. \u00c0 partir de 2018, le Doric String Quartet assume la direction artistique du Festival Mendelssohn on Mull, ce qui lui permet de jouer un r\u00f4le clef dans la mise en \u0153uvre de la mission essentielle du Festival, celle consistant \u00e0 offrir aux jeunes professionnels de la musique de chambre \u00e0 cordes, une semaine intensive de mentorat, d\u2019encadrement et de d\u00e9veloppement.<\/p><p>R\u00e9cemment, le Doric String Quartet s\u2019est empar\u00e9 de l\u2019oeuvre pour quatuor et orchestre de John Adams, Absolute Jest, qu\u2019il interpr\u00e8te avec le Vienna Symphony au Vienna Konzerthaus sous la direction de John Adams lui-m\u00eame, avec le Netherlands Radio Philharmonic au Concertgebouw d\u2019Amsterdam ainsi qu\u2019avec le BBC Scottish Symphony Orchestra dirig\u00e9 par Markus Stenz. En 2018, Il l\u2019enregistre avec le Royal Scottish National Orchestra dirig\u00e9 par Peter Oundjian sur label Chandos, enregistrement nomm\u00e9 Disque du mois dans BBC Music Magazine et lou\u00e9 pour la \u00ab somptueuse douceur et l\u2019incroyable clart\u00e9 \u00bb de son ex\u00e9cution.<\/p><p>Parmi les moments forts de la saison 2018-19 figurent un week-end en r\u00e9sidence \u00e0 la Fondation Britten \u00e0 Aldeburgh o\u00f9 le Doric String Quartet joue l\u2019int\u00e9grale de ses quatuors qu\u2019il enregistre au Snape Maltings pour le label Chandos. Le Doric String Quartet retourne au Wigmore Hall pour la troisi\u00e8me fois, notamment en collaboration avec le pianiste Jonathan Biss et se produit \u00e9galement \u00e0 la Elbphilharmonie de Hambourg, au Konzerthaus de Dortmund, et pour deux repr\u00e9sentations au Barbican Milton Court avec Benjamin Grosvenor. Il fait ses d\u00e9buts sud-am\u00e9ricains \u00e0 l&rsquo;Usina del Arte de Buenos Aires et entreprend sa tourn\u00e9e annuelle en Am\u00e9rique du Nord, avec cette ann\u00e9e, des repr\u00e9sentations \u00e0 Boston et \u00e0 Philadelphie. Le Doric String Quartet retourne en Australie pour une tourn\u00e9e avec Musica Viva, incluant la premi\u00e8re mondiale du nouveau quatuor de Brett Dean co-command\u00e9 pour les Doric par Musica Viva, le Konzerthaus de Berlin, le Carnegie Hall, la Biennale du quatuor \u00e0 cordes d&rsquo;Amsterdam et le Festival International d&rsquo;\u00c9dimbourg.<\/p><p>En France, le Doric String Quartet fait des d\u00e9buts remarquables \u00e0 l\u2019Auditorium du Louvre en novembre 2018 et est r\u00e9-invit\u00e9 en mai 2020 dans un programme avec Alina Ibragimova et C\u00e9dric Tiberghien. Au cours des derni\u00e8res saisons, il s\u2019est \u00e9galement produit dans la Nuit du Quatuor \u00e0 Paris organis\u00e9e par ProQuartet et la Philharmonie de Paris, au Th\u00e9\u00e2tre Le Crat\u00e8re \u00e0 Al\u00e8s, \u00e0 La Courroie, au Mus\u00e9e d\u2019Orsay, au Festival International du Quatuor \u00e0 Cordes du Luberon, \u00e0 Quatuors \u00e0 cordes en Pays de Fayence et au Th\u00e9\u00e2tre de Verdun.<\/p><p>Depuis 2010, le Doric Quartet enregistre exclusivement pour Chandos Records, avec un r\u00e9pertoire allant de Schumann \u00e0 Korngold et Walton ainsi que des oeuvres avec orchestre comme L&rsquo;Introduction et Allegro Opus 47 d\u2019Elgar et Absolute Jest de John Adam. En 2017, leur enregistrement de Quartettsatz et du Quatuor en Sol majeur de Schubert est nomm\u00e9 Editor\u2019s Choice de Gramophone et pour le Gramophone Award. L\u2019engagement sans faille du Doric String Quartet pour l\u2019interpr\u00e9tation des quatuors \u00e0 cordes de Haydn a d\u00e9j\u00e0 vu la sortie des Opus 20, Opus 76 et Opus 64, dont les enregistrements ont remport\u00e9 un franc succ\u00e8s, en particulier l\u2019Editor\u2019s Choice de Gramophone, le Choc du Mois dans Classica et une pr\u00e9s\u00e9lection pour un Gramophone Award. Ses futures sorties comprennent les quatuors de Mendelssohn, Britten et l&rsquo;int\u00e9gralit\u00e9 de l\u2019Opus 33 de Haydn.<\/p><p>Form\u00e9 en 1998, le Doric String Quartet \u00e9tudie \u00e0 Paris dans le cadre de ProQuartet, puis \u00e0 la Music Academy de B\u00e2le. Il est ensuite s\u00e9lectionn\u00e9 pour \u00eatre repr\u00e9sent\u00e9 par YCAT en 2006. En 2015, le Quatuor a \u00e9t\u00e9 nomm\u00e9 Teaching Quartet in Association at Royal Acad\u00e9mie de musique \u00e0 Londres. H\u00e9l\u00e8ne Cl\u00e9ment, altiste du Quatuor, joue un alto de Guissani 1843, ayant appartenu \u00e0 Frank Bridge et Benjamin Britten et pr\u00eat\u00e9 \u00e0 titre gracieux \u00e0 la Britten-Pears Foundation.<\/p><p>Le Doric String Quartet se produit en accord avec Sulivan Sweetland Artist Management et est repr\u00e9sent\u00e9 en France par Satirino.<\/p>\t\t\t\t\t\t\t\t<\/div>\n\t\t\t\t<\/div>\n\t\t\t\t\t<\/div>\n\t\t<\/div>\n\t\t\t\t\t<\/div>\n\t\t<\/section>\n\t\t\t\t<\/div>\n\t\t","protected":false},"excerpt":{"rendered":"<p>Novembre 2021 Mercredi 17 et Jeudi 18 \u00e0 20h21 Doric string Quartet Alex Redington \u2022 violon\u2028Ying Xue \u2022 violon\u2028H\u00e9l\u00e8ne Cl\u00e9ment \u2022 alto\u2028John Myerscough \u2022 violoncelle Bela Bartok (1881-1945) Quatuor \u00e0 cordes n\u00b03 en Ut-di\u00e8se majeur(Budapest septembre 1927)&#8211; Prima parte: Moderato&#8211; Seconda parte: Allegro&#8211; Ricapitulazione della prima parte: Moderato&#8211; Coda: Allegro molto Ludwig van Beethoven (1770-1827) [&hellip;]<\/p>\n","protected":false},"author":1,"featured_media":0,"parent":0,"menu_order":0,"comment_status":"closed","ping_status":"closed","template":"","meta":{"site-sidebar-layout":"right-sidebar","site-content-layout":"page-builder","ast-site-content-layout":"default","site-content-style":"default","site-sidebar-style":"default","ast-global-header-display":"","ast-banner-title-visibility":"","ast-main-header-display":"","ast-hfb-above-header-display":"","ast-hfb-below-header-display":"","ast-hfb-mobile-header-display":"","site-post-title":"","ast-breadcrumbs-content":"","ast-featured-img":"","footer-sml-layout":"disabled","ast-disable-related-posts":"","theme-transparent-header-meta":"default","adv-header-id-meta":"","stick-header-meta":"","header-above-stick-meta":"","header-main-stick-meta":"","header-below-stick-meta":"","astra-migrate-meta-layouts":"default","ast-page-background-enabled":"default","ast-page-background-meta":{"desktop":{"background-color":"","background-image":"","background-repeat":"repeat","background-position":"center center","background-size":"auto","background-attachment":"scroll","background-type":"","background-media":"","overlay-type":"","overlay-color":"","overlay-opacity":"","overlay-gradient":""},"tablet":{"background-color":"","background-image":"","background-repeat":"repeat","background-position":"center center","background-size":"auto","background-attachment":"scroll","background-type":"","background-media":"","overlay-type":"","overlay-color":"","overlay-opacity":"","overlay-gradient":""},"mobile":{"background-color":"","background-image":"","background-repeat":"repeat","background-position":"center center","background-size":"auto","background-attachment":"scroll","background-type":"","background-media":"","overlay-type":"","overlay-color":"","overlay-opacity":"","overlay-gradient":""}},"ast-content-background-meta":{"desktop":{"background-color":"var(--ast-global-color-5)","background-image":"","background-repeat":"repeat","background-position":"center center","background-size":"auto","background-attachment":"scroll","background-type":"","background-media":"","overlay-type":"","overlay-color":"","overlay-opacity":"","overlay-gradient":""},"tablet":{"background-color":"var(--ast-global-color-5)","background-image":"","background-repeat":"repeat","background-position":"center center","background-size":"auto","background-attachment":"scroll","background-type":"","background-media":"","overlay-type":"","overlay-color":"","overlay-opacity":"","overlay-gradient":""},"mobile":{"background-color":"var(--ast-global-color-5)","background-image":"","background-repeat":"repeat","background-position":"center center","background-size":"auto","background-attachment":"scroll","background-type":"","background-media":"","overlay-type":"","overlay-color":"","overlay-opacity":"","overlay-gradient":""}},"footnotes":""},"class_list":["post-3220","page","type-page","status-publish","hentry"],"yoast_head":"<!-- This site is optimized with the Yoast SEO plugin v27.4 - https:\/\/yoast.com\/product\/yoast-seo-wordpress\/ -->\n<title>en savoir + 2021.11.17-18 - lacourroie<\/title>\n<meta name=\"description\" content=\"%\" \/>\n<meta name=\"robots\" content=\"index, follow, max-snippet:-1, max-image-preview:large, max-video-preview:-1\" \/>\n<link rel=\"canonical\" href=\"https:\/\/lacourroie.org\/index.php\/en-savoir-2021-11-17-18\/\" \/>\n<meta property=\"og:locale\" content=\"fr_FR\" \/>\n<meta property=\"og:type\" content=\"article\" \/>\n<meta property=\"og:title\" content=\"en savoir + 2021.11.17-18 - lacourroie\" \/>\n<meta property=\"og:description\" content=\"%\" \/>\n<meta property=\"og:url\" content=\"https:\/\/lacourroie.org\/index.php\/en-savoir-2021-11-17-18\/\" \/>\n<meta property=\"og:site_name\" content=\"lacourroie\" \/>\n<meta property=\"article:modified_time\" content=\"2021-11-05T22:45:01+00:00\" \/>\n<meta property=\"og:image\" content=\"https:\/\/lacourroie.org\/wp-content\/uploads\/2021\/11\/Quatuor-Doric2-768x512.jpg\" \/>\n<meta name=\"twitter:card\" content=\"summary_large_image\" \/>\n<meta name=\"twitter:label1\" content=\"Dur\u00e9e de lecture estim\u00e9e\" \/>\n\t<meta name=\"twitter:data1\" content=\"5 minutes\" \/>\n<script type=\"application\/ld+json\" class=\"yoast-schema-graph\">{\"@context\":\"https:\\\/\\\/schema.org\",\"@graph\":[{\"@type\":\"WebPage\",\"@id\":\"https:\\\/\\\/lacourroie.org\\\/index.php\\\/en-savoir-2021-11-17-18\\\/\",\"url\":\"https:\\\/\\\/lacourroie.org\\\/index.php\\\/en-savoir-2021-11-17-18\\\/\",\"name\":\"en savoir + 2021.11.17-18 - lacourroie\",\"isPartOf\":{\"@id\":\"https:\\\/\\\/lacourroie.org\\\/#website\"},\"primaryImageOfPage\":{\"@id\":\"https:\\\/\\\/lacourroie.org\\\/index.php\\\/en-savoir-2021-11-17-18\\\/#primaryimage\"},\"image\":{\"@id\":\"https:\\\/\\\/lacourroie.org\\\/index.php\\\/en-savoir-2021-11-17-18\\\/#primaryimage\"},\"thumbnailUrl\":\"https:\\\/\\\/lacourroie.org\\\/wp-content\\\/uploads\\\/2021\\\/11\\\/Quatuor-Doric2-768x512.jpg\",\"datePublished\":\"2021-10-05T20:16:12+00:00\",\"dateModified\":\"2021-11-05T22:45:01+00:00\",\"description\":\"%\",\"breadcrumb\":{\"@id\":\"https:\\\/\\\/lacourroie.org\\\/index.php\\\/en-savoir-2021-11-17-18\\\/#breadcrumb\"},\"inLanguage\":\"fr-FR\",\"potentialAction\":[{\"@type\":\"ReadAction\",\"target\":[\"https:\\\/\\\/lacourroie.org\\\/index.php\\\/en-savoir-2021-11-17-18\\\/\"]}]},{\"@type\":\"ImageObject\",\"inLanguage\":\"fr-FR\",\"@id\":\"https:\\\/\\\/lacourroie.org\\\/index.php\\\/en-savoir-2021-11-17-18\\\/#primaryimage\",\"url\":\"https:\\\/\\\/lacourroie.org\\\/wp-content\\\/uploads\\\/2021\\\/11\\\/Quatuor-Doric2.jpg\",\"contentUrl\":\"https:\\\/\\\/lacourroie.org\\\/wp-content\\\/uploads\\\/2021\\\/11\\\/Quatuor-Doric2.jpg\",\"width\":1024,\"height\":682},{\"@type\":\"BreadcrumbList\",\"@id\":\"https:\\\/\\\/lacourroie.org\\\/index.php\\\/en-savoir-2021-11-17-18\\\/#breadcrumb\",\"itemListElement\":[{\"@type\":\"ListItem\",\"position\":1,\"name\":\"Accueil\",\"item\":\"https:\\\/\\\/lacourroie.org\\\/\"},{\"@type\":\"ListItem\",\"position\":2,\"name\":\"en savoir + 2021.11.17-18\"}]},{\"@type\":\"WebSite\",\"@id\":\"https:\\\/\\\/lacourroie.org\\\/#website\",\"url\":\"https:\\\/\\\/lacourroie.org\\\/\",\"name\":\"lacourroie\",\"description\":\"\",\"publisher\":{\"@id\":\"https:\\\/\\\/lacourroie.org\\\/#organization\"},\"potentialAction\":[{\"@type\":\"SearchAction\",\"target\":{\"@type\":\"EntryPoint\",\"urlTemplate\":\"https:\\\/\\\/lacourroie.org\\\/?s={search_term_string}\"},\"query-input\":{\"@type\":\"PropertyValueSpecification\",\"valueRequired\":true,\"valueName\":\"search_term_string\"}}],\"inLanguage\":\"fr-FR\"},{\"@type\":\"Organization\",\"@id\":\"https:\\\/\\\/lacourroie.org\\\/#organization\",\"name\":\"lacourroie\",\"url\":\"https:\\\/\\\/lacourroie.org\\\/\",\"logo\":{\"@type\":\"ImageObject\",\"inLanguage\":\"fr-FR\",\"@id\":\"https:\\\/\\\/lacourroie.org\\\/#\\\/schema\\\/logo\\\/image\\\/\",\"url\":\"https:\\\/\\\/lacourroie.org\\\/wp-content\\\/uploads\\\/2021\\\/01\\\/cropped-Logo-Courroie-noir@4x.png\",\"contentUrl\":\"https:\\\/\\\/lacourroie.org\\\/wp-content\\\/uploads\\\/2021\\\/01\\\/cropped-Logo-Courroie-noir@4x.png\",\"width\":2286,\"height\":583,\"caption\":\"lacourroie\"},\"image\":{\"@id\":\"https:\\\/\\\/lacourroie.org\\\/#\\\/schema\\\/logo\\\/image\\\/\"}}]}<\/script>\n<!-- \/ Yoast SEO plugin. -->","yoast_head_json":{"title":"en savoir + 2021.11.17-18 - lacourroie","description":"%","robots":{"index":"index","follow":"follow","max-snippet":"max-snippet:-1","max-image-preview":"max-image-preview:large","max-video-preview":"max-video-preview:-1"},"canonical":"https:\/\/lacourroie.org\/index.php\/en-savoir-2021-11-17-18\/","og_locale":"fr_FR","og_type":"article","og_title":"en savoir + 2021.11.17-18 - lacourroie","og_description":"%","og_url":"https:\/\/lacourroie.org\/index.php\/en-savoir-2021-11-17-18\/","og_site_name":"lacourroie","article_modified_time":"2021-11-05T22:45:01+00:00","og_image":[{"url":"https:\/\/lacourroie.org\/wp-content\/uploads\/2021\/11\/Quatuor-Doric2-768x512.jpg","type":"","width":"","height":""}],"twitter_card":"summary_large_image","twitter_misc":{"Dur\u00e9e de lecture estim\u00e9e":"5 minutes"},"schema":{"@context":"https:\/\/schema.org","@graph":[{"@type":"WebPage","@id":"https:\/\/lacourroie.org\/index.php\/en-savoir-2021-11-17-18\/","url":"https:\/\/lacourroie.org\/index.php\/en-savoir-2021-11-17-18\/","name":"en savoir + 2021.11.17-18 - lacourroie","isPartOf":{"@id":"https:\/\/lacourroie.org\/#website"},"primaryImageOfPage":{"@id":"https:\/\/lacourroie.org\/index.php\/en-savoir-2021-11-17-18\/#primaryimage"},"image":{"@id":"https:\/\/lacourroie.org\/index.php\/en-savoir-2021-11-17-18\/#primaryimage"},"thumbnailUrl":"https:\/\/lacourroie.org\/wp-content\/uploads\/2021\/11\/Quatuor-Doric2-768x512.jpg","datePublished":"2021-10-05T20:16:12+00:00","dateModified":"2021-11-05T22:45:01+00:00","description":"%","breadcrumb":{"@id":"https:\/\/lacourroie.org\/index.php\/en-savoir-2021-11-17-18\/#breadcrumb"},"inLanguage":"fr-FR","potentialAction":[{"@type":"ReadAction","target":["https:\/\/lacourroie.org\/index.php\/en-savoir-2021-11-17-18\/"]}]},{"@type":"ImageObject","inLanguage":"fr-FR","@id":"https:\/\/lacourroie.org\/index.php\/en-savoir-2021-11-17-18\/#primaryimage","url":"https:\/\/lacourroie.org\/wp-content\/uploads\/2021\/11\/Quatuor-Doric2.jpg","contentUrl":"https:\/\/lacourroie.org\/wp-content\/uploads\/2021\/11\/Quatuor-Doric2.jpg","width":1024,"height":682},{"@type":"BreadcrumbList","@id":"https:\/\/lacourroie.org\/index.php\/en-savoir-2021-11-17-18\/#breadcrumb","itemListElement":[{"@type":"ListItem","position":1,"name":"Accueil","item":"https:\/\/lacourroie.org\/"},{"@type":"ListItem","position":2,"name":"en savoir + 2021.11.17-18"}]},{"@type":"WebSite","@id":"https:\/\/lacourroie.org\/#website","url":"https:\/\/lacourroie.org\/","name":"lacourroie","description":"","publisher":{"@id":"https:\/\/lacourroie.org\/#organization"},"potentialAction":[{"@type":"SearchAction","target":{"@type":"EntryPoint","urlTemplate":"https:\/\/lacourroie.org\/?s={search_term_string}"},"query-input":{"@type":"PropertyValueSpecification","valueRequired":true,"valueName":"search_term_string"}}],"inLanguage":"fr-FR"},{"@type":"Organization","@id":"https:\/\/lacourroie.org\/#organization","name":"lacourroie","url":"https:\/\/lacourroie.org\/","logo":{"@type":"ImageObject","inLanguage":"fr-FR","@id":"https:\/\/lacourroie.org\/#\/schema\/logo\/image\/","url":"https:\/\/lacourroie.org\/wp-content\/uploads\/2021\/01\/cropped-Logo-Courroie-noir@4x.png","contentUrl":"https:\/\/lacourroie.org\/wp-content\/uploads\/2021\/01\/cropped-Logo-Courroie-noir@4x.png","width":2286,"height":583,"caption":"lacourroie"},"image":{"@id":"https:\/\/lacourroie.org\/#\/schema\/logo\/image\/"}}]}},"_links":{"self":[{"href":"https:\/\/lacourroie.org\/index.php\/wp-json\/wp\/v2\/pages\/3220","targetHints":{"allow":["GET"]}}],"collection":[{"href":"https:\/\/lacourroie.org\/index.php\/wp-json\/wp\/v2\/pages"}],"about":[{"href":"https:\/\/lacourroie.org\/index.php\/wp-json\/wp\/v2\/types\/page"}],"author":[{"embeddable":true,"href":"https:\/\/lacourroie.org\/index.php\/wp-json\/wp\/v2\/users\/1"}],"replies":[{"embeddable":true,"href":"https:\/\/lacourroie.org\/index.php\/wp-json\/wp\/v2\/comments?post=3220"}],"version-history":[{"count":41,"href":"https:\/\/lacourroie.org\/index.php\/wp-json\/wp\/v2\/pages\/3220\/revisions"}],"predecessor-version":[{"id":3554,"href":"https:\/\/lacourroie.org\/index.php\/wp-json\/wp\/v2\/pages\/3220\/revisions\/3554"}],"wp:attachment":[{"href":"https:\/\/lacourroie.org\/index.php\/wp-json\/wp\/v2\/media?parent=3220"}],"curies":[{"name":"wp","href":"https:\/\/api.w.org\/{rel}","templated":true}]}}