{"id":3493,"date":"2021-11-19T11:01:51","date_gmt":"2021-11-19T10:01:51","guid":{"rendered":"https:\/\/lacourroie.org\/?page_id=3493"},"modified":"2021-12-11T14:47:54","modified_gmt":"2021-12-11T13:47:54","slug":"en-savoir-2021-12-11","status":"publish","type":"page","link":"https:\/\/lacourroie.org\/index.php\/en-savoir-2021-12-11\/","title":{"rendered":"en savoir + 2021.12.11"},"content":{"rendered":"\t\t<div data-elementor-type=\"wp-page\" data-elementor-id=\"3493\" class=\"elementor elementor-3493\" data-elementor-post-type=\"page\">\n\t\t\t\t\t\t<section class=\"elementor-section elementor-top-section elementor-element elementor-element-0083417 elementor-section-boxed elementor-section-height-default elementor-section-height-default\" data-id=\"0083417\" data-element_type=\"section\" data-e-type=\"section\">\n\t\t\t\t\t\t<div class=\"elementor-container elementor-column-gap-default\">\n\t\t\t\t\t<div class=\"elementor-column elementor-col-50 elementor-top-column elementor-element elementor-element-259e046\" data-id=\"259e046\" data-element_type=\"column\" data-e-type=\"column\">\n\t\t\t<div class=\"elementor-widget-wrap elementor-element-populated\">\n\t\t\t\t\t\t<div class=\"elementor-element elementor-element-6a5952b elementor-widget elementor-widget-heading\" data-id=\"6a5952b\" data-element_type=\"widget\" data-e-type=\"widget\" data-widget_type=\"heading.default\">\n\t\t\t\t<div class=\"elementor-widget-container\">\n\t\t\t\t\t<h3 class=\"elementor-heading-title elementor-size-default\">Samedi 11 d\u00e9cembre 2021 \u00e0 20h21<\/h3>\t\t\t\t<\/div>\n\t\t\t\t<\/div>\n\t\t\t\t<div class=\"elementor-element elementor-element-762daf4 elementor-widget elementor-widget-text-path\" data-id=\"762daf4\" data-element_type=\"widget\" data-e-type=\"widget\" data-settings=\"{&quot;text&quot;:&quot;COMPLET&quot;,&quot;align&quot;:&quot;right&quot;,&quot;start_point&quot;:{&quot;unit&quot;:&quot;%&quot;,&quot;size&quot;:57,&quot;sizes&quot;:[]},&quot;link&quot;:{&quot;url&quot;:&quot;&quot;,&quot;is_external&quot;:&quot;&quot;,&quot;nofollow&quot;:&quot;&quot;,&quot;custom_attributes&quot;:&quot;&quot;}}\" data-widget_type=\"text-path.default\">\n\t\t\t\t<div class=\"elementor-widget-container\">\n\t\t\t\t\t\t\t<div class=\"e-text-path\" data-text=\"COMPLET\" data-url=\"\/\/lacourroie.org\/wp-content\/plugins\/elementor\/assets\/svg-paths\/line.svg\" data-link-url=\"\"><\/div>\n\t\t\t\t\t\t<\/div>\n\t\t\t\t<\/div>\n\t\t\t\t<div class=\"elementor-element elementor-element-f1e4a8d elementor-widget elementor-widget-heading\" data-id=\"f1e4a8d\" data-element_type=\"widget\" data-e-type=\"widget\" data-widget_type=\"heading.default\">\n\t\t\t\t<div class=\"elementor-widget-container\">\n\t\t\t\t\t<h1 class=\"elementor-heading-title elementor-size-default\">\"Falsetas\"<\/h1>\t\t\t\t<\/div>\n\t\t\t\t<\/div>\n\t\t\t\t<div class=\"elementor-element elementor-element-37e99dd elementor-widget elementor-widget-heading\" data-id=\"37e99dd\" data-element_type=\"widget\" data-e-type=\"widget\" data-widget_type=\"heading.default\">\n\t\t\t\t<div class=\"elementor-widget-container\">\n\t\t\t\t\t<h5 class=\"elementor-heading-title elementor-size-default\">Yardani Torres Maiani \u2022 violon<br>\nMarc Crofts \u2022 violon<\/h5>\t\t\t\t<\/div>\n\t\t\t\t<\/div>\n\t\t\t\t<div class=\"elementor-element elementor-element-095e85f elementor-widget elementor-widget-image\" data-id=\"095e85f\" data-element_type=\"widget\" data-e-type=\"widget\" data-widget_type=\"image.default\">\n\t\t\t\t<div class=\"elementor-widget-container\">\n\t\t\t\t\t\t\t\t\t\t\t\t\t\t\t<img fetchpriority=\"high\" decoding=\"async\" width=\"300\" height=\"264\" src=\"https:\/\/lacourroie.org\/wp-content\/uploads\/2021\/11\/Falsetas-Yardani-Crofts-300x264.jpg\" class=\"attachment-medium size-medium wp-image-3514\" alt=\"\" srcset=\"https:\/\/lacourroie.org\/wp-content\/uploads\/2021\/11\/Falsetas-Yardani-Crofts-300x264.jpg 300w, https:\/\/lacourroie.org\/wp-content\/uploads\/2021\/11\/Falsetas-Yardani-Crofts-768x676.jpg 768w, https:\/\/lacourroie.org\/wp-content\/uploads\/2021\/11\/Falsetas-Yardani-Crofts.jpg 776w\" sizes=\"(max-width: 300px) 100vw, 300px\" \/>\t\t\t\t\t\t\t\t\t\t\t\t\t\t\t<\/div>\n\t\t\t\t<\/div>\n\t\t\t\t\t<\/div>\n\t\t<\/div>\n\t\t\t\t<div class=\"elementor-column elementor-col-50 elementor-top-column elementor-element elementor-element-1c59175\" data-id=\"1c59175\" data-element_type=\"column\" data-e-type=\"column\">\n\t\t\t<div class=\"elementor-widget-wrap elementor-element-populated\">\n\t\t\t\t\t\t<div class=\"elementor-element elementor-element-af46638 elementor-widget elementor-widget-text-editor\" data-id=\"af46638\" data-element_type=\"widget\" data-e-type=\"widget\" data-widget_type=\"text-editor.default\">\n\t\t\t\t<div class=\"elementor-widget-container\">\n\t\t\t\t\t\t\t\t\t<p>En flamenco, une Falseta est une br\u00e8ve section instrumentale, g\u00e9n\u00e9ralement assur\u00e9e par la guitare, entre les parties chant\u00e9es. Le violon n\u2019\u00e9tant ni tout \u00e0 fait une voix, ni tout \u00e0 fait une guitare, comment peut-il exister par lui m\u00eame dans le monde du flamenco ?<br \/>Jouer du flamenco \u00e0 deux violons, c\u2019est le d\u00e9fi que se sont lanc\u00e9s Yardani Torres Maiani et Marc Crofts. En passant par une \u00e9tude et une d\u00e9construction des \u00e9l\u00e9ments propres \u00e0 cette musique, les deux musiciens tentent de mettre en place une v\u00e9ritable grammaire du violon flamenco.<br \/>Le duo propose un programme de leurs compositions et une relecture des classiques de Vicente Amigo, Paco de Lucia\u2026 .<br \/>FALSETAS c\u2019est la rencontre du violon et du flamenco, mais ce sont aussi les regards crois\u00e9s de Yardani et de Marc, et le dialogue entre leurs visions, nourries respectivement par la musique classique et par le jazz.<br \/>Enfin, ce projet s\u2019accompagne d\u2019une volont\u00e9 de transmission, avec une recherche autour de la question de l\u2019\u00e9criture du flamenco, tradition a priori orale.<\/p>\t\t\t\t\t\t\t\t<\/div>\n\t\t\t\t<\/div>\n\t\t\t\t<div class=\"elementor-element elementor-element-d8612b3 elementor-align-left elementor-mobile-align-center elementor-widget elementor-widget-button\" data-id=\"d8612b3\" data-element_type=\"widget\" data-e-type=\"widget\" data-widget_type=\"button.default\">\n\t\t\t\t<div class=\"elementor-widget-container\">\n\t\t\t\t\t\t\t\t\t<div class=\"elementor-button-wrapper\">\n\t\t\t\t\t<a class=\"elementor-button elementor-button-link elementor-size-xs\" href=\"https:\/\/lacourroie.org\/index.php\/info\/\" target=\"_blank\" id=\"info\">\n\t\t\t\t\t\t<span class=\"elementor-button-content-wrapper\">\n\t\t\t\t\t\t\t\t\t<span class=\"elementor-button-text\">infos pratiques<\/span>\n\t\t\t\t\t<\/span>\n\t\t\t\t\t<\/a>\n\t\t\t\t<\/div>\n\t\t\t\t\t\t\t\t<\/div>\n\t\t\t\t<\/div>\n\t\t\t\t\t<\/div>\n\t\t<\/div>\n\t\t\t\t\t<\/div>\n\t\t<\/section>\n\t\t\t\t<section class=\"elementor-section elementor-top-section elementor-element elementor-element-747bae6 elementor-section-boxed elementor-section-height-default elementor-section-height-default\" data-id=\"747bae6\" data-element_type=\"section\" data-e-type=\"section\">\n\t\t\t\t\t\t<div class=\"elementor-container elementor-column-gap-default\">\n\t\t\t\t\t<div class=\"elementor-column elementor-col-100 elementor-top-column elementor-element elementor-element-e8ee125\" data-id=\"e8ee125\" data-element_type=\"column\" data-e-type=\"column\">\n\t\t\t<div class=\"elementor-widget-wrap elementor-element-populated\">\n\t\t\t\t\t\t<div class=\"elementor-element elementor-element-eb6afb7 elementor-widget elementor-widget-accordion\" data-id=\"eb6afb7\" data-element_type=\"widget\" data-e-type=\"widget\" data-widget_type=\"accordion.default\">\n\t\t\t\t<div class=\"elementor-widget-container\">\n\t\t\t\t\t\t\t<div class=\"elementor-accordion\">\n\t\t\t\t\t\t\t<div class=\"elementor-accordion-item\">\n\t\t\t\t\t<div id=\"elementor-tab-title-2461\" class=\"elementor-tab-title\" data-tab=\"1\" role=\"button\" aria-controls=\"elementor-tab-content-2461\" aria-expanded=\"false\">\n\t\t\t\t\t\t\t\t\t\t\t\t\t<span class=\"elementor-accordion-icon elementor-accordion-icon-left\" aria-hidden=\"true\">\n\t\t\t\t\t\t\t\t\t\t\t\t\t\t\t<span class=\"elementor-accordion-icon-closed\"><i class=\"fas fa-plus\"><\/i><\/span>\n\t\t\t\t\t\t\t\t<span class=\"elementor-accordion-icon-opened\"><i class=\"fas fa-minus\"><\/i><\/span>\n\t\t\t\t\t\t\t\t\t\t\t\t\t\t<\/span>\n\t\t\t\t\t\t\t\t\t\t\t\t<a class=\"elementor-accordion-title\" tabindex=\"0\">Yardani Torres Maiani<\/a>\n\t\t\t\t\t<\/div>\n\t\t\t\t\t<div id=\"elementor-tab-content-2461\" class=\"elementor-tab-content elementor-clearfix\" data-tab=\"1\" role=\"region\" aria-labelledby=\"elementor-tab-title-2461\"><div id=\"comp-k55oig65\" class=\"_1Q9if\" data-testid=\"richTextElement\"><h6 class=\"font_2\" style=\"text-align: center; font-size: 50px;\">Yardani Torres Maiani<\/h6><\/div><div id=\"comp-k55of9op\" class=\"_1Q9if\" data-testid=\"richTextElement\"><h6 class=\"font_8\" style=\"font-size: 19px; text-align: justify;\"><span style=\"font-size: 19px;\">Violoniste et compositeur n\u00e9 en Andalousie en 1988, Yardani\u00a0commence ses \u00e9tudes\u00a0 dans une \u00e9cole de musique de la Costa del Sol, puis au conservatoire de Malaga et grandit dans ce haut-lieu de la musique gitane que sont les Saintes Maries de la Mer.<\/span><\/h6><h6 class=\"font_8\" style=\"font-size: 19px; text-align: justify;\"><span style=\"font-size: 19px;\">Il obtient le dipl\u00f4me d\u2019\u00e9tudes musicales au conservatoire d\u2019Avignon et entre \u00e0 17 ans \u00e0 la haute \u00e9cole de musique de Lausanne, ou il obtient le dipl\u00f4me de bachelor.<\/span><\/h6><h6 class=\"font_8\" style=\"font-size: 19px; text-align: justify;\"><span style=\"font-size: 19px;\">El\u00e8ve de la violoniste Marie-Annick Nicolas, il obtient le dipl\u00f4me master of Arts en interpr\u00e9tation musicale au conservatoire de Gen\u00e8ve en 2011.\u00a0<\/span><\/h6><h6 class=\"font_8\" style=\"font-size: 19px; text-align: justify;\"><span style=\"font-size: 19px;\">La m\u00eame ann\u00e9e il remporte le prix Henryk Szering.<\/span><\/h6><h6 class=\"font_8\" style=\"font-size: 19px; text-align: justify;\"><span style=\"font-size: 19px;\">Depuis, voyageur en musique, selon ses propres mots, il a jou\u00e9 aux festivals de Paris, d\u2019Avignon, aux fl\u00e2neries musicales de Reims, au festival de Colmar.<\/span><\/h6><h6 class=\"font_8\" style=\"font-size: 19px; text-align: justify;\"><span style=\"font-size: 19px;\">Si comme violoniste il s\u2019inscrit incontestablement dans la jeune g\u00e9n\u00e9ration d\u2019\u00e9lite de l\u2019\u00e9cole fran\u00e7aise, Yardani Torres-Maiani est pour autant bien plus qu\u2019un soliste brillant. Musicien curieux, en recherche perp\u00e9tuelle, il compose et exp\u00e9rimente avec la m\u00eame passion pour son instrument f\u00e9tiche que celle qui le m\u00e8ne dans l\u2019exploration des grandes pages de Bach, Paganini, Enesco, Piazzolla \u2026<\/span><\/h6><h6 class=\"font_8\" style=\"font-size: 19px; text-align: justify;\"><span style=\"font-size: 19px;\">Cette singularit\u00e9 prend source dans une tradition familiale foisonnante, aux affluents du flamenco et des musiques classiques.\u00a0<\/span><\/h6><h6 class=\"font_8\" style=\"font-size: 19px; text-align: justify;\"><span style=\"font-size: 19px;\">Pourvu d\u2019une formidable efficience technique, son approche de l\u2019instrument ressemble \u00e0 ces r\u00eaveries des po\u00e8tes romantiques, m\u00e9lange de virtuosit\u00e9 et d\u2019\u00e9vidente simplicit\u00e9.<\/span><\/h6><h6 class=\"font_8\" style=\"font-size: 19px; text-align: justify;\"><span style=\"font-size: 19px;\">Toute cette richesse d\u2019influences se cristallise dans son travail de compositeur et d\u2019arrangeur. Ses opus \u00e0 la verve lyrique, aux atmosph\u00e8res a\u00e9riennes et exalt\u00e9es r\u00e9v\u00e8lent une signature, o\u00f9 les accents flamenco ne sont que le pretexte, l\u2019entr\u00e9e en mati\u00e8re d\u2019un v\u00e9ritable imaginaire musical.<\/span><\/h6><\/div><\/div>\n\t\t\t\t<\/div>\n\t\t\t\t\t\t\t<div class=\"elementor-accordion-item\">\n\t\t\t\t\t<div id=\"elementor-tab-title-2462\" class=\"elementor-tab-title\" data-tab=\"2\" role=\"button\" aria-controls=\"elementor-tab-content-2462\" aria-expanded=\"false\">\n\t\t\t\t\t\t\t\t\t\t\t\t\t<span class=\"elementor-accordion-icon elementor-accordion-icon-left\" aria-hidden=\"true\">\n\t\t\t\t\t\t\t\t\t\t\t\t\t\t\t<span class=\"elementor-accordion-icon-closed\"><i class=\"fas fa-plus\"><\/i><\/span>\n\t\t\t\t\t\t\t\t<span class=\"elementor-accordion-icon-opened\"><i class=\"fas fa-minus\"><\/i><\/span>\n\t\t\t\t\t\t\t\t\t\t\t\t\t\t<\/span>\n\t\t\t\t\t\t\t\t\t\t\t\t<a class=\"elementor-accordion-title\" tabindex=\"0\">Marc Crofts<\/a>\n\t\t\t\t\t<\/div>\n\t\t\t\t\t<div id=\"elementor-tab-content-2462\" class=\"elementor-tab-content elementor-clearfix\" data-tab=\"2\" role=\"region\" aria-labelledby=\"elementor-tab-title-2462\"><div id=\"comp-k55omyoj\" class=\"_1Q9if\" data-testid=\"richTextElement\"><h6 class=\"font_8\">N\u00e9 en Suisse d&rsquo;un p\u00e8re anglais et d&rsquo;une m\u00e8re s\u00e9farade et ashkenaze, Marc Crofts s&rsquo;est forg\u00e9 une identit\u00e9 musicale riche et sinc\u00e8re, s&rsquo;impr\u00e9gnant de diff\u00e9rentes traditions. C&rsquo;est ce qui lui vaudra de jouer avec des musiciens du monde entier, d&rsquo;Istanbul jusqu\u2019\u00e0 S\u00e9ville.<\/h6><h6 class=\"font_8\"><span class=\"wixGuard\">\u200b<\/span><\/h6><h6 class=\"font_8\">Apr\u00e8s des \u00e9tudes \u00e0 la Haute Ecole de Musique de Lausanne, qui ont largement contribu\u00e9 au d\u00e9veloppement de son vocabulaire musical et narratif, Marc n&rsquo;a jamais cess\u00e9 de chercher \u00e0 \u00e9tendre son savoir musical.<\/h6><h6 class=\"font_8\"><br \/>Fondateur du groupe Gilgul (musique des Balkans), pour qui il a \u00e9crit de nombreux morceaux, il compose et se produit r\u00e9guli\u00e8rement avec d&rsquo;autres ensembles, qu&rsquo;il s&rsquo;agisse du Yolanda Almodovar Flamenco Band (tourn\u00e9es en Suisse et au Dannemark en 2018), de Swing High, Gypson 5ive, ou encore Hotegezugt.<\/h6><h6 class=\"font_8\">\u200b<\/h6><h6 class=\"font_8\">Depuis 2018\u00a0il se consacre principalement \u00e0 son projet en trio, Nomadim,\u00a0avec le guitariste Railo Helmstetter et le bassiste Blaise Hommage. L&rsquo;ensemble propose un jazz lyrique teint\u00e9 d&rsquo;accents\u00a0world.<\/h6><h6 class=\"font_8\">\u200b<\/h6><h6 class=\"font_8\">Son jeu et ses compositions sont nourris d\u2019influences multiples, mais canalis\u00e9s surtout par sa personnalit\u00e9 ouverte.<\/h6><\/div><\/div>\n\t\t\t\t<\/div>\n\t\t\t\t\t\t\t\t<\/div>\n\t\t\t\t\t\t<\/div>\n\t\t\t\t<\/div>\n\t\t\t\t\t<\/div>\n\t\t<\/div>\n\t\t\t\t\t<\/div>\n\t\t<\/section>\n\t\t\t\t<\/div>\n\t\t","protected":false},"excerpt":{"rendered":"<p>Samedi 11 d\u00e9cembre 2021 \u00e0 20h21 \u00ab\u00a0Falsetas\u00a0\u00bb Yardani Torres Maiani \u2022 violon Marc Crofts \u2022 violon En flamenco, une Falseta est une br\u00e8ve section instrumentale, g\u00e9n\u00e9ralement assur\u00e9e par la guitare, entre les parties chant\u00e9es. Le violon n\u2019\u00e9tant ni tout \u00e0 fait une voix, ni tout \u00e0 fait une guitare, comment peut-il exister par lui m\u00eame [&hellip;]<\/p>\n","protected":false},"author":1,"featured_media":0,"parent":0,"menu_order":0,"comment_status":"closed","ping_status":"closed","template":"","meta":{"site-sidebar-layout":"right-sidebar","site-content-layout":"page-builder","ast-site-content-layout":"default","site-content-style":"default","site-sidebar-style":"default","ast-global-header-display":"","ast-banner-title-visibility":"","ast-main-header-display":"","ast-hfb-above-header-display":"","ast-hfb-below-header-display":"","ast-hfb-mobile-header-display":"","site-post-title":"","ast-breadcrumbs-content":"","ast-featured-img":"","footer-sml-layout":"disabled","ast-disable-related-posts":"","theme-transparent-header-meta":"default","adv-header-id-meta":"","stick-header-meta":"","header-above-stick-meta":"","header-main-stick-meta":"","header-below-stick-meta":"","astra-migrate-meta-layouts":"default","ast-page-background-enabled":"default","ast-page-background-meta":{"desktop":{"background-color":"","background-image":"","background-repeat":"repeat","background-position":"center center","background-size":"auto","background-attachment":"scroll","background-type":"","background-media":"","overlay-type":"","overlay-color":"","overlay-opacity":"","overlay-gradient":""},"tablet":{"background-color":"","background-image":"","background-repeat":"repeat","background-position":"center center","background-size":"auto","background-attachment":"scroll","background-type":"","background-media":"","overlay-type":"","overlay-color":"","overlay-opacity":"","overlay-gradient":""},"mobile":{"background-color":"","background-image":"","background-repeat":"repeat","background-position":"center center","background-size":"auto","background-attachment":"scroll","background-type":"","background-media":"","overlay-type":"","overlay-color":"","overlay-opacity":"","overlay-gradient":""}},"ast-content-background-meta":{"desktop":{"background-color":"var(--ast-global-color-5)","background-image":"","background-repeat":"repeat","background-position":"center center","background-size":"auto","background-attachment":"scroll","background-type":"","background-media":"","overlay-type":"","overlay-color":"","overlay-opacity":"","overlay-gradient":""},"tablet":{"background-color":"var(--ast-global-color-5)","background-image":"","background-repeat":"repeat","background-position":"center center","background-size":"auto","background-attachment":"scroll","background-type":"","background-media":"","overlay-type":"","overlay-color":"","overlay-opacity":"","overlay-gradient":""},"mobile":{"background-color":"var(--ast-global-color-5)","background-image":"","background-repeat":"repeat","background-position":"center center","background-size":"auto","background-attachment":"scroll","background-type":"","background-media":"","overlay-type":"","overlay-color":"","overlay-opacity":"","overlay-gradient":""}},"footnotes":""},"class_list":["post-3493","page","type-page","status-publish","hentry"],"yoast_head":"<!-- This site is optimized with the Yoast SEO plugin v27.4 - https:\/\/yoast.com\/product\/yoast-seo-wordpress\/ -->\n<title>en savoir + 2021.12.11 - lacourroie<\/title>\n<meta name=\"description\" content=\"%\" \/>\n<meta name=\"robots\" content=\"index, follow, max-snippet:-1, max-image-preview:large, max-video-preview:-1\" \/>\n<link rel=\"canonical\" href=\"https:\/\/lacourroie.org\/index.php\/en-savoir-2021-12-11\/\" \/>\n<meta property=\"og:locale\" content=\"fr_FR\" \/>\n<meta property=\"og:type\" content=\"article\" \/>\n<meta property=\"og:title\" content=\"en savoir + 2021.12.11 - lacourroie\" \/>\n<meta property=\"og:description\" content=\"%\" \/>\n<meta property=\"og:url\" content=\"https:\/\/lacourroie.org\/index.php\/en-savoir-2021-12-11\/\" \/>\n<meta property=\"og:site_name\" content=\"lacourroie\" \/>\n<meta property=\"article:modified_time\" content=\"2021-12-11T13:47:54+00:00\" \/>\n<meta property=\"og:image\" content=\"https:\/\/lacourroie.org\/wp-content\/uploads\/2021\/11\/Falsetas-Yardani-Crofts-300x264.jpg\" \/>\n<meta name=\"twitter:card\" content=\"summary_large_image\" \/>\n<meta name=\"twitter:label1\" content=\"Dur\u00e9e de lecture estim\u00e9e\" \/>\n\t<meta name=\"twitter:data1\" content=\"3 minutes\" \/>\n<script type=\"application\/ld+json\" class=\"yoast-schema-graph\">{\"@context\":\"https:\\\/\\\/schema.org\",\"@graph\":[{\"@type\":\"WebPage\",\"@id\":\"https:\\\/\\\/lacourroie.org\\\/index.php\\\/en-savoir-2021-12-11\\\/\",\"url\":\"https:\\\/\\\/lacourroie.org\\\/index.php\\\/en-savoir-2021-12-11\\\/\",\"name\":\"en savoir + 2021.12.11 - lacourroie\",\"isPartOf\":{\"@id\":\"https:\\\/\\\/lacourroie.org\\\/#website\"},\"primaryImageOfPage\":{\"@id\":\"https:\\\/\\\/lacourroie.org\\\/index.php\\\/en-savoir-2021-12-11\\\/#primaryimage\"},\"image\":{\"@id\":\"https:\\\/\\\/lacourroie.org\\\/index.php\\\/en-savoir-2021-12-11\\\/#primaryimage\"},\"thumbnailUrl\":\"https:\\\/\\\/lacourroie.org\\\/wp-content\\\/uploads\\\/2021\\\/11\\\/Falsetas-Yardani-Crofts-300x264.jpg\",\"datePublished\":\"2021-11-19T10:01:51+00:00\",\"dateModified\":\"2021-12-11T13:47:54+00:00\",\"description\":\"%\",\"breadcrumb\":{\"@id\":\"https:\\\/\\\/lacourroie.org\\\/index.php\\\/en-savoir-2021-12-11\\\/#breadcrumb\"},\"inLanguage\":\"fr-FR\",\"potentialAction\":[{\"@type\":\"ReadAction\",\"target\":[\"https:\\\/\\\/lacourroie.org\\\/index.php\\\/en-savoir-2021-12-11\\\/\"]}]},{\"@type\":\"ImageObject\",\"inLanguage\":\"fr-FR\",\"@id\":\"https:\\\/\\\/lacourroie.org\\\/index.php\\\/en-savoir-2021-12-11\\\/#primaryimage\",\"url\":\"https:\\\/\\\/lacourroie.org\\\/wp-content\\\/uploads\\\/2021\\\/11\\\/Falsetas-Yardani-Crofts.jpg\",\"contentUrl\":\"https:\\\/\\\/lacourroie.org\\\/wp-content\\\/uploads\\\/2021\\\/11\\\/Falsetas-Yardani-Crofts.jpg\",\"width\":776,\"height\":683},{\"@type\":\"BreadcrumbList\",\"@id\":\"https:\\\/\\\/lacourroie.org\\\/index.php\\\/en-savoir-2021-12-11\\\/#breadcrumb\",\"itemListElement\":[{\"@type\":\"ListItem\",\"position\":1,\"name\":\"Accueil\",\"item\":\"https:\\\/\\\/lacourroie.org\\\/\"},{\"@type\":\"ListItem\",\"position\":2,\"name\":\"en savoir + 2021.12.11\"}]},{\"@type\":\"WebSite\",\"@id\":\"https:\\\/\\\/lacourroie.org\\\/#website\",\"url\":\"https:\\\/\\\/lacourroie.org\\\/\",\"name\":\"lacourroie\",\"description\":\"\",\"publisher\":{\"@id\":\"https:\\\/\\\/lacourroie.org\\\/#organization\"},\"potentialAction\":[{\"@type\":\"SearchAction\",\"target\":{\"@type\":\"EntryPoint\",\"urlTemplate\":\"https:\\\/\\\/lacourroie.org\\\/?s={search_term_string}\"},\"query-input\":{\"@type\":\"PropertyValueSpecification\",\"valueRequired\":true,\"valueName\":\"search_term_string\"}}],\"inLanguage\":\"fr-FR\"},{\"@type\":\"Organization\",\"@id\":\"https:\\\/\\\/lacourroie.org\\\/#organization\",\"name\":\"lacourroie\",\"url\":\"https:\\\/\\\/lacourroie.org\\\/\",\"logo\":{\"@type\":\"ImageObject\",\"inLanguage\":\"fr-FR\",\"@id\":\"https:\\\/\\\/lacourroie.org\\\/#\\\/schema\\\/logo\\\/image\\\/\",\"url\":\"https:\\\/\\\/lacourroie.org\\\/wp-content\\\/uploads\\\/2021\\\/01\\\/cropped-Logo-Courroie-noir@4x.png\",\"contentUrl\":\"https:\\\/\\\/lacourroie.org\\\/wp-content\\\/uploads\\\/2021\\\/01\\\/cropped-Logo-Courroie-noir@4x.png\",\"width\":2286,\"height\":583,\"caption\":\"lacourroie\"},\"image\":{\"@id\":\"https:\\\/\\\/lacourroie.org\\\/#\\\/schema\\\/logo\\\/image\\\/\"}}]}<\/script>\n<!-- \/ Yoast SEO plugin. -->","yoast_head_json":{"title":"en savoir + 2021.12.11 - lacourroie","description":"%","robots":{"index":"index","follow":"follow","max-snippet":"max-snippet:-1","max-image-preview":"max-image-preview:large","max-video-preview":"max-video-preview:-1"},"canonical":"https:\/\/lacourroie.org\/index.php\/en-savoir-2021-12-11\/","og_locale":"fr_FR","og_type":"article","og_title":"en savoir + 2021.12.11 - lacourroie","og_description":"%","og_url":"https:\/\/lacourroie.org\/index.php\/en-savoir-2021-12-11\/","og_site_name":"lacourroie","article_modified_time":"2021-12-11T13:47:54+00:00","og_image":[{"url":"https:\/\/lacourroie.org\/wp-content\/uploads\/2021\/11\/Falsetas-Yardani-Crofts-300x264.jpg","type":"","width":"","height":""}],"twitter_card":"summary_large_image","twitter_misc":{"Dur\u00e9e de lecture estim\u00e9e":"3 minutes"},"schema":{"@context":"https:\/\/schema.org","@graph":[{"@type":"WebPage","@id":"https:\/\/lacourroie.org\/index.php\/en-savoir-2021-12-11\/","url":"https:\/\/lacourroie.org\/index.php\/en-savoir-2021-12-11\/","name":"en savoir + 2021.12.11 - lacourroie","isPartOf":{"@id":"https:\/\/lacourroie.org\/#website"},"primaryImageOfPage":{"@id":"https:\/\/lacourroie.org\/index.php\/en-savoir-2021-12-11\/#primaryimage"},"image":{"@id":"https:\/\/lacourroie.org\/index.php\/en-savoir-2021-12-11\/#primaryimage"},"thumbnailUrl":"https:\/\/lacourroie.org\/wp-content\/uploads\/2021\/11\/Falsetas-Yardani-Crofts-300x264.jpg","datePublished":"2021-11-19T10:01:51+00:00","dateModified":"2021-12-11T13:47:54+00:00","description":"%","breadcrumb":{"@id":"https:\/\/lacourroie.org\/index.php\/en-savoir-2021-12-11\/#breadcrumb"},"inLanguage":"fr-FR","potentialAction":[{"@type":"ReadAction","target":["https:\/\/lacourroie.org\/index.php\/en-savoir-2021-12-11\/"]}]},{"@type":"ImageObject","inLanguage":"fr-FR","@id":"https:\/\/lacourroie.org\/index.php\/en-savoir-2021-12-11\/#primaryimage","url":"https:\/\/lacourroie.org\/wp-content\/uploads\/2021\/11\/Falsetas-Yardani-Crofts.jpg","contentUrl":"https:\/\/lacourroie.org\/wp-content\/uploads\/2021\/11\/Falsetas-Yardani-Crofts.jpg","width":776,"height":683},{"@type":"BreadcrumbList","@id":"https:\/\/lacourroie.org\/index.php\/en-savoir-2021-12-11\/#breadcrumb","itemListElement":[{"@type":"ListItem","position":1,"name":"Accueil","item":"https:\/\/lacourroie.org\/"},{"@type":"ListItem","position":2,"name":"en savoir + 2021.12.11"}]},{"@type":"WebSite","@id":"https:\/\/lacourroie.org\/#website","url":"https:\/\/lacourroie.org\/","name":"lacourroie","description":"","publisher":{"@id":"https:\/\/lacourroie.org\/#organization"},"potentialAction":[{"@type":"SearchAction","target":{"@type":"EntryPoint","urlTemplate":"https:\/\/lacourroie.org\/?s={search_term_string}"},"query-input":{"@type":"PropertyValueSpecification","valueRequired":true,"valueName":"search_term_string"}}],"inLanguage":"fr-FR"},{"@type":"Organization","@id":"https:\/\/lacourroie.org\/#organization","name":"lacourroie","url":"https:\/\/lacourroie.org\/","logo":{"@type":"ImageObject","inLanguage":"fr-FR","@id":"https:\/\/lacourroie.org\/#\/schema\/logo\/image\/","url":"https:\/\/lacourroie.org\/wp-content\/uploads\/2021\/01\/cropped-Logo-Courroie-noir@4x.png","contentUrl":"https:\/\/lacourroie.org\/wp-content\/uploads\/2021\/01\/cropped-Logo-Courroie-noir@4x.png","width":2286,"height":583,"caption":"lacourroie"},"image":{"@id":"https:\/\/lacourroie.org\/#\/schema\/logo\/image\/"}}]}},"_links":{"self":[{"href":"https:\/\/lacourroie.org\/index.php\/wp-json\/wp\/v2\/pages\/3493","targetHints":{"allow":["GET"]}}],"collection":[{"href":"https:\/\/lacourroie.org\/index.php\/wp-json\/wp\/v2\/pages"}],"about":[{"href":"https:\/\/lacourroie.org\/index.php\/wp-json\/wp\/v2\/types\/page"}],"author":[{"embeddable":true,"href":"https:\/\/lacourroie.org\/index.php\/wp-json\/wp\/v2\/users\/1"}],"replies":[{"embeddable":true,"href":"https:\/\/lacourroie.org\/index.php\/wp-json\/wp\/v2\/comments?post=3493"}],"version-history":[{"count":19,"href":"https:\/\/lacourroie.org\/index.php\/wp-json\/wp\/v2\/pages\/3493\/revisions"}],"predecessor-version":[{"id":3567,"href":"https:\/\/lacourroie.org\/index.php\/wp-json\/wp\/v2\/pages\/3493\/revisions\/3567"}],"wp:attachment":[{"href":"https:\/\/lacourroie.org\/index.php\/wp-json\/wp\/v2\/media?parent=3493"}],"curies":[{"name":"wp","href":"https:\/\/api.w.org\/{rel}","templated":true}]}}