{"id":3809,"date":"2022-01-25T13:25:17","date_gmt":"2022-01-25T12:25:17","guid":{"rendered":"https:\/\/lacourroie.org\/?page_id=3809"},"modified":"2022-03-01T10:31:16","modified_gmt":"2022-03-01T09:31:16","slug":"en-savoir-2022-02-28","status":"publish","type":"page","link":"https:\/\/lacourroie.org\/index.php\/en-savoir-2022-02-28\/","title":{"rendered":"en savoir + 2022.02.28"},"content":{"rendered":"\t\t<div data-elementor-type=\"wp-page\" data-elementor-id=\"3809\" class=\"elementor elementor-3809\" data-elementor-post-type=\"page\">\n\t\t\t\t\t\t<section class=\"elementor-section elementor-top-section elementor-element elementor-element-0083417 elementor-section-boxed elementor-section-height-default elementor-section-height-default\" data-id=\"0083417\" data-element_type=\"section\" data-e-type=\"section\">\n\t\t\t\t\t\t<div class=\"elementor-container elementor-column-gap-default\">\n\t\t\t\t\t<div class=\"elementor-column elementor-col-50 elementor-top-column elementor-element elementor-element-259e046\" data-id=\"259e046\" data-element_type=\"column\" data-e-type=\"column\">\n\t\t\t<div class=\"elementor-widget-wrap elementor-element-populated\">\n\t\t\t\t\t\t<div class=\"elementor-element elementor-element-6153e5c elementor-widget elementor-widget-spacer\" data-id=\"6153e5c\" data-element_type=\"widget\" data-e-type=\"widget\" data-widget_type=\"spacer.default\">\n\t\t\t\t<div class=\"elementor-widget-container\">\n\t\t\t\t\t\t\t<div class=\"elementor-spacer\">\n\t\t\t<div class=\"elementor-spacer-inner\"><\/div>\n\t\t<\/div>\n\t\t\t\t\t\t<\/div>\n\t\t\t\t<\/div>\n\t\t\t\t<div class=\"elementor-element elementor-element-6a5952b elementor-widget elementor-widget-heading\" data-id=\"6a5952b\" data-element_type=\"widget\" data-e-type=\"widget\" data-widget_type=\"heading.default\">\n\t\t\t\t<div class=\"elementor-widget-container\">\n\t\t\t\t\t<h3 class=\"elementor-heading-title elementor-size-default\">Lundi 28 f\u00e9vrier 2022 \u00e0 20h22<\/h3>\t\t\t\t<\/div>\n\t\t\t\t<\/div>\n\t\t\t\t<div class=\"elementor-element elementor-element-b5dee77 elementor-widget elementor-widget-heading\" data-id=\"b5dee77\" data-element_type=\"widget\" data-e-type=\"widget\" data-widget_type=\"heading.default\">\n\t\t\t\t<div class=\"elementor-widget-container\">\n\t\t\t\t\t<h4 class=\"elementor-heading-title elementor-size-default\">Aline Piboule \u2022 piano<\/h4>\t\t\t\t<\/div>\n\t\t\t\t<\/div>\n\t\t\t\t<div class=\"elementor-element elementor-element-5c00042 elementor-widget elementor-widget-heading\" data-id=\"5c00042\" data-element_type=\"widget\" data-e-type=\"widget\" data-widget_type=\"heading.default\">\n\t\t\t\t<div class=\"elementor-widget-container\">\n\t\t\t\t\t<h2 class=\"elementor-heading-title elementor-size-default\">\"L'\u0153uvre au noir\"<\/h2>\t\t\t\t<\/div>\n\t\t\t\t<\/div>\n\t\t\t\t<div class=\"elementor-element elementor-element-d8748cb elementor-widget elementor-widget-image\" data-id=\"d8748cb\" data-element_type=\"widget\" data-e-type=\"widget\" data-widget_type=\"image.default\">\n\t\t\t\t<div class=\"elementor-widget-container\">\n\t\t\t\t\t\t\t\t\t\t\t\t\t\t\t<img fetchpriority=\"high\" decoding=\"async\" width=\"300\" height=\"199\" src=\"https:\/\/lacourroie.org\/wp-content\/uploads\/2022\/01\/Aline-Piboule-portrait.jpg\" class=\"attachment-large size-large wp-image-3824\" alt=\"\" \/>\t\t\t\t\t\t\t\t\t\t\t\t\t\t\t<\/div>\n\t\t\t\t<\/div>\n\t\t\t\t<div class=\"elementor-element elementor-element-02fa915 elementor-widget elementor-widget-text-editor\" data-id=\"02fa915\" data-element_type=\"widget\" data-e-type=\"widget\" data-widget_type=\"text-editor.default\">\n\t\t\t\t<div class=\"elementor-widget-container\">\n\t\t\t\t\t\t\t\t\t<p>Ce programme se veut une \u00e9vocation musicale du d\u00e9sespoir, de la solitude, du travail de deuil, mais \u00e9galement de la pl\u00e9nitude, de l&rsquo;apaisement et de la compl\u00e9tude . Que ce soit par la sonate D784 de\u00a0<b>Schubert<\/b>, par l&rsquo;\u00e9vocation de la mort d&rsquo;Orph\u00e9e de<b>\u00a0Gl\u00fcck<\/b>, ou au travers de la pi\u00e8ce de musique contemporaine de\u00a0<b>Thomas Ad\u00e8s<\/b>\u00a0inspir\u00e9e par un th\u00e8me baroque de\u00a0<b>John Dowland,<\/b>\u00a0cette proposition se veut le reflet d&rsquo;un voyage int\u00e9rieur marqu\u00e9 par les \u00e9preuves r\u00e9centes v\u00e9cues lors de cette pand\u00e9mie, marqu\u00e9 \u00e9galement par le bilan sur nos vies qu&rsquo;une \u00ab pause forc\u00e9e \u00bb a permis et enfin travers\u00e9 par la lueur d&rsquo;espoir et l&rsquo;esp\u00e9rance d&rsquo;un renouveau (<b>Franck<\/b>).<\/p>\t\t\t\t\t\t\t\t<\/div>\n\t\t\t\t<\/div>\n\t\t\t\t\t<\/div>\n\t\t<\/div>\n\t\t\t\t<div class=\"elementor-column elementor-col-50 elementor-top-column elementor-element elementor-element-1c59175\" data-id=\"1c59175\" data-element_type=\"column\" data-e-type=\"column\">\n\t\t\t<div class=\"elementor-widget-wrap elementor-element-populated\">\n\t\t\t\t\t\t<div class=\"elementor-element elementor-element-26e6c2f elementor-widget elementor-widget-spacer\" data-id=\"26e6c2f\" data-element_type=\"widget\" data-e-type=\"widget\" data-widget_type=\"spacer.default\">\n\t\t\t\t<div class=\"elementor-widget-container\">\n\t\t\t\t\t\t\t<div class=\"elementor-spacer\">\n\t\t\t<div class=\"elementor-spacer-inner\"><\/div>\n\t\t<\/div>\n\t\t\t\t\t\t<\/div>\n\t\t\t\t<\/div>\n\t\t\t\t<div class=\"elementor-element elementor-element-33ac9a1 elementor-widget elementor-widget-heading\" data-id=\"33ac9a1\" data-element_type=\"widget\" data-e-type=\"widget\" data-widget_type=\"heading.default\">\n\t\t\t\t<div class=\"elementor-widget-container\">\n\t\t\t\t\t<h3 class=\"elementor-heading-title elementor-size-default\">Programme<\/h3>\t\t\t\t<\/div>\n\t\t\t\t<\/div>\n\t\t\t\t<div class=\"elementor-element elementor-element-70f1f80 elementor-widget elementor-widget-text-editor\" data-id=\"70f1f80\" data-element_type=\"widget\" data-e-type=\"widget\" data-widget_type=\"text-editor.default\">\n\t\t\t\t<div class=\"elementor-widget-container\">\n\t\t\t\t\t\t\t\t\t<p><strong>Franz Schubert <\/strong>1797-1828<br>Sonate en La mineur D784 n\u00b014<br>&#8211; Allegro giusto<br>&#8211; Andante<br>&#8211; Allegro vivace<\/p>\n<p><b>Christoph Willibald Gluck<\/b> 1714-1787<em><br><\/em>Arrangement pour piano seul de Giovanni Sgambati 1841-1914<em><br>La mort d&rsquo;Orph\u00e9e<\/em><\/p>\n<p><strong>Thomas Ades<\/strong> 1971<strong><br><\/strong><em>Darknesse visible<\/em><\/p>\n<p><strong>Franz Schubert \/ Franz Liszt <br><\/strong><em>Auf dem wasser zu singen<\/em><strong><br><\/strong><\/p>\n<p><strong>C\u00e9sar Franck<\/strong> 1822-1890<br><em>Pr\u00e9lude Choral et fugue<\/em><\/p>\t\t\t\t\t\t\t\t<\/div>\n\t\t\t\t<\/div>\n\t\t\t\t<div class=\"elementor-element elementor-element-d8612b3 elementor-align-left elementor-mobile-align-center elementor-widget elementor-widget-button\" data-id=\"d8612b3\" data-element_type=\"widget\" data-e-type=\"widget\" data-widget_type=\"button.default\">\n\t\t\t\t<div class=\"elementor-widget-container\">\n\t\t\t\t\t\t\t\t\t<div class=\"elementor-button-wrapper\">\n\t\t\t\t\t<a class=\"elementor-button elementor-button-link elementor-size-xs\" href=\"https:\/\/lacourroie.org\/index.php\/info\/\" target=\"_blank\" id=\"info\">\n\t\t\t\t\t\t<span class=\"elementor-button-content-wrapper\">\n\t\t\t\t\t\t\t\t\t<span class=\"elementor-button-text\">infos pratiques<\/span>\n\t\t\t\t\t<\/span>\n\t\t\t\t\t<\/a>\n\t\t\t\t<\/div>\n\t\t\t\t\t\t\t\t<\/div>\n\t\t\t\t<\/div>\n\t\t\t\t\t<\/div>\n\t\t<\/div>\n\t\t\t\t\t<\/div>\n\t\t<\/section>\n\t\t\t\t<section class=\"elementor-section elementor-top-section elementor-element elementor-element-41b6ccb elementor-section-boxed elementor-section-height-default elementor-section-height-default\" data-id=\"41b6ccb\" data-element_type=\"section\" data-e-type=\"section\">\n\t\t\t\t\t\t<div class=\"elementor-container elementor-column-gap-default\">\n\t\t\t\t\t<div class=\"elementor-column elementor-col-100 elementor-top-column elementor-element elementor-element-317a310\" data-id=\"317a310\" data-element_type=\"column\" data-e-type=\"column\">\n\t\t\t<div class=\"elementor-widget-wrap elementor-element-populated\">\n\t\t\t\t\t\t<div class=\"elementor-element elementor-element-0db2bc3 elementor-widget elementor-widget-text-editor\" data-id=\"0db2bc3\" data-element_type=\"widget\" data-e-type=\"widget\" data-widget_type=\"text-editor.default\">\n\t\t\t\t<div class=\"elementor-widget-container\">\n\t\t\t\t\t\t\t\t\t<p><strong>Aline Piboule \u2022 pianiste<\/strong><\/p><p><em>\u00ab Une s\u00e9rie de fulgurances qui mettent en lumi\u00e8re la capacit\u00e9 peu courante de la pianiste \u00e0 manier les \u00e9clats spectaculaires sans perdre en int\u00e9riorit\u00e9 dans le parcours \u00e0 long terme. \u00bb<\/em> Pierre Gervasoni, Le Monde, 03 Avril 2021 <br \/>Depuis toujours Aline Piboule tient \u00e0 proposer une expe\u0301rience au public qui va plus loin que l&rsquo;ide\u0301e du concert traditionnel. Me\u0302lant les styles, e\u0301poques, invitant le public a\u0300 e\u0301couter diffe\u0301remment gra\u0302ce a\u0300 des jeux de miroirs, elle affectionne particuli\u00e8rement les univers qui se croisent et s&rsquo;enrichissent, et conc\u0327oit des programmes autour de the\u0301matiques autres que purement musicologiques ou stylistiques qu&rsquo;elle pr\u00e9sente au public. Cette de\u0301marche permet de cre\u0301er un lien particulier et de \u00ab de\u0301sacraliser \u00bb le re\u0301cital classique.<br \/>Elle est invite\u0301e dans les principaux festivals et salles de concert en France dont La Roque d&rsquo;Anthe\u0301ron, La Folle journe\u0301e de Nantes, Festival Berlioz, Festival de Radio France Occitanie, Les Lisztomanias, le Piano(s) Lille Festival, l\u2019Arsenal de Metz, le The\u0301a\u0302tre du Cha\u0302telet&#8230; mais e\u0301galement a\u0300 l&rsquo;international (Le Printemps des Arts de Monte-Carlo, Centre Beethoven \u00e0 Buenos Aires, Queen Elizabeth Hall \u00e0 Londres&#8230;).<br \/>Elle cr\u00e9e \u00e9galement des ponts avec les autres arts afin de stimuler diffe\u0301remment l&rsquo;imaginaire et permettre de toucher un plus large public. Elle a notamment cre\u0301\u00e9 en 2020 avec l\u2019e\u0301crivain Pascal Quignard, Prix Goncourt, auteur de \u201cTous les matins du monde\u201d un Re\u0301cit-Re\u0301cital autour de son livre \u00ab Boute\u0300s \u00bb (e\u0301dition Galile\u0301e) qu&rsquo;ils jouent depuis en France et a\u0300 l\u2019e\u0301tranger.<br \/>Aline Piboule a conc\u0327u son premier disque en soliste mettant en regard l&rsquo;oeuvre de Faure\u0301 et de Dutilleux (Label Artalinna 2017). Celui-ci a e\u0301te\u0301 de nombreuses fois re\u0301compense\u0301, avec notamment 4F Te\u0301le\u0301rama, 5 Diapasons, 4* Classica, a e\u0301te\u0301 se\u0301lectionne\u0301 par le journal Le Monde et chronique\u0301 dans Cadence. En juillet 2018 ce disque a e\u0301te\u0301 re\u0301fe\u0301rence\u0301 dans le dossier \u00ab La discographie ide\u0301ale du piano \u00bb du magazine Classica.<br \/>Son second disque paru en mars 2021 sur le Label Printemps des Arts de Monte-Carlo est consacre\u0301 a\u0300 Aubert, Ferroud, Samazeuilh et Decaux, compositeurs fran\u00e7ais du d\u00e9but du 20\u00e8me si\u00e8cle, importants mais rarement jou\u00e9s. Ce disque a eu un tre\u0300s large succe\u0300s, et figure parmi les 15 meilleurs disques CHOC de l&rsquo;anne\u0301e 2021 par les magazines Classica et Crescendo en Belgique. Il a re\u00e7u \u00e9galement \u00ab 5 \u00bb Diapason, le Supersonic Pizzicato, et a \u00e9t\u00e9 nomin\u00e9 aux International Classical Music Awards (ICMA 2022) dans la cat\u00e9gorie soliste.<br \/>La sortie de ce disque a e\u0301te\u0301 e\u0301galement l&rsquo;occasion pour Pierre Gervasoni d&rsquo;e\u0301crire le portrait d&rsquo;Aline Piboule dans le journal \u00ab Le Monde \u00bb.<br \/>Egalement chambriste recherch\u00e9e, elle enregistre deux disques avec le fl\u00fbtiste Jocelyn Aubrun qui ont re\u00e7u un tr\u00e8s bel accueil de la presse sp\u00e9cialis\u00e9e.<br \/>Pianiste engag\u00e9e, attach\u00e9e \u00e0 la transmission et au partage avec les futures g\u00e9n\u00e9rations, Aline Piboule a con\u00e7u des r\u00e9citals avec les Jeunesses Musicales de France permettant au jeune public une premi\u00e8re approche du r\u00e9pertoire pianistique allant de Chopin \u00e0 nos jours.<br \/>Titulaire du CA de piano, elle enseigne la musique de chambre au CRR de Paris.<br \/>Aline Piboule a effectu\u00e9 ses \u00e9tudes aux CNSMD de Lyon et de Paris, et a suivi l\u2019enseignement de Jean Saulnier \u00e0 l\u2019Universit\u00e9 de Montr\u00e9al. En 2014, elle remporte cinq prix au Concours International de piano d\u2019Orl\u00e9ans.<\/p>\t\t\t\t\t\t\t\t<\/div>\n\t\t\t\t<\/div>\n\t\t\t\t\t<\/div>\n\t\t<\/div>\n\t\t\t\t\t<\/div>\n\t\t<\/section>\n\t\t\t\t<\/div>\n\t\t","protected":false},"excerpt":{"rendered":"<p>Lundi 28 f\u00e9vrier 2022 \u00e0 20h22 Aline Piboule \u2022 piano \u00ab\u00a0L&rsquo;\u0153uvre au noir\u00a0\u00bb Ce programme se veut une \u00e9vocation musicale du d\u00e9sespoir, de la solitude, du travail de deuil, mais \u00e9galement de la pl\u00e9nitude, de l&rsquo;apaisement et de la compl\u00e9tude . Que ce soit par la sonate D784 de\u00a0Schubert, par l&rsquo;\u00e9vocation de la mort d&rsquo;Orph\u00e9e [&hellip;]<\/p>\n","protected":false},"author":1,"featured_media":0,"parent":0,"menu_order":0,"comment_status":"closed","ping_status":"closed","template":"","meta":{"site-sidebar-layout":"right-sidebar","site-content-layout":"page-builder","ast-site-content-layout":"default","site-content-style":"default","site-sidebar-style":"default","ast-global-header-display":"","ast-banner-title-visibility":"","ast-main-header-display":"","ast-hfb-above-header-display":"","ast-hfb-below-header-display":"","ast-hfb-mobile-header-display":"","site-post-title":"","ast-breadcrumbs-content":"","ast-featured-img":"","footer-sml-layout":"disabled","ast-disable-related-posts":"","theme-transparent-header-meta":"default","adv-header-id-meta":"","stick-header-meta":"","header-above-stick-meta":"","header-main-stick-meta":"","header-below-stick-meta":"","astra-migrate-meta-layouts":"default","ast-page-background-enabled":"default","ast-page-background-meta":{"desktop":{"background-color":"","background-image":"","background-repeat":"repeat","background-position":"center center","background-size":"auto","background-attachment":"scroll","background-type":"","background-media":"","overlay-type":"","overlay-color":"","overlay-opacity":"","overlay-gradient":""},"tablet":{"background-color":"","background-image":"","background-repeat":"repeat","background-position":"center center","background-size":"auto","background-attachment":"scroll","background-type":"","background-media":"","overlay-type":"","overlay-color":"","overlay-opacity":"","overlay-gradient":""},"mobile":{"background-color":"","background-image":"","background-repeat":"repeat","background-position":"center center","background-size":"auto","background-attachment":"scroll","background-type":"","background-media":"","overlay-type":"","overlay-color":"","overlay-opacity":"","overlay-gradient":""}},"ast-content-background-meta":{"desktop":{"background-color":"var(--ast-global-color-5)","background-image":"","background-repeat":"repeat","background-position":"center center","background-size":"auto","background-attachment":"scroll","background-type":"","background-media":"","overlay-type":"","overlay-color":"","overlay-opacity":"","overlay-gradient":""},"tablet":{"background-color":"var(--ast-global-color-5)","background-image":"","background-repeat":"repeat","background-position":"center center","background-size":"auto","background-attachment":"scroll","background-type":"","background-media":"","overlay-type":"","overlay-color":"","overlay-opacity":"","overlay-gradient":""},"mobile":{"background-color":"var(--ast-global-color-5)","background-image":"","background-repeat":"repeat","background-position":"center center","background-size":"auto","background-attachment":"scroll","background-type":"","background-media":"","overlay-type":"","overlay-color":"","overlay-opacity":"","overlay-gradient":""}},"footnotes":""},"class_list":["post-3809","page","type-page","status-publish","hentry"],"yoast_head":"<!-- This site is optimized with the Yoast SEO plugin v27.4 - https:\/\/yoast.com\/product\/yoast-seo-wordpress\/ -->\n<title>en savoir + 2022.02.28 - lacourroie<\/title>\n<meta name=\"description\" content=\"%\" \/>\n<meta name=\"robots\" content=\"index, follow, max-snippet:-1, max-image-preview:large, max-video-preview:-1\" \/>\n<link rel=\"canonical\" href=\"https:\/\/lacourroie.org\/index.php\/en-savoir-2022-02-28\/\" \/>\n<meta property=\"og:locale\" content=\"fr_FR\" \/>\n<meta property=\"og:type\" content=\"article\" \/>\n<meta property=\"og:title\" content=\"en savoir + 2022.02.28 - lacourroie\" \/>\n<meta property=\"og:description\" content=\"%\" \/>\n<meta property=\"og:url\" content=\"https:\/\/lacourroie.org\/index.php\/en-savoir-2022-02-28\/\" \/>\n<meta property=\"og:site_name\" content=\"lacourroie\" \/>\n<meta property=\"article:modified_time\" content=\"2022-03-01T09:31:16+00:00\" \/>\n<meta property=\"og:image\" content=\"https:\/\/lacourroie.org\/wp-content\/uploads\/2022\/01\/Aline-Piboule-portrait.jpg\" \/>\n<meta name=\"twitter:card\" content=\"summary_large_image\" \/>\n<meta name=\"twitter:label1\" content=\"Dur\u00e9e de lecture estim\u00e9e\" \/>\n\t<meta name=\"twitter:data1\" content=\"4 minutes\" \/>\n<script type=\"application\/ld+json\" class=\"yoast-schema-graph\">{\"@context\":\"https:\\\/\\\/schema.org\",\"@graph\":[{\"@type\":\"WebPage\",\"@id\":\"https:\\\/\\\/lacourroie.org\\\/index.php\\\/en-savoir-2022-02-28\\\/\",\"url\":\"https:\\\/\\\/lacourroie.org\\\/index.php\\\/en-savoir-2022-02-28\\\/\",\"name\":\"en savoir + 2022.02.28 - lacourroie\",\"isPartOf\":{\"@id\":\"https:\\\/\\\/lacourroie.org\\\/#website\"},\"primaryImageOfPage\":{\"@id\":\"https:\\\/\\\/lacourroie.org\\\/index.php\\\/en-savoir-2022-02-28\\\/#primaryimage\"},\"image\":{\"@id\":\"https:\\\/\\\/lacourroie.org\\\/index.php\\\/en-savoir-2022-02-28\\\/#primaryimage\"},\"thumbnailUrl\":\"https:\\\/\\\/lacourroie.org\\\/wp-content\\\/uploads\\\/2022\\\/01\\\/Aline-Piboule-portrait.jpg\",\"datePublished\":\"2022-01-25T12:25:17+00:00\",\"dateModified\":\"2022-03-01T09:31:16+00:00\",\"description\":\"%\",\"breadcrumb\":{\"@id\":\"https:\\\/\\\/lacourroie.org\\\/index.php\\\/en-savoir-2022-02-28\\\/#breadcrumb\"},\"inLanguage\":\"fr-FR\",\"potentialAction\":[{\"@type\":\"ReadAction\",\"target\":[\"https:\\\/\\\/lacourroie.org\\\/index.php\\\/en-savoir-2022-02-28\\\/\"]}]},{\"@type\":\"ImageObject\",\"inLanguage\":\"fr-FR\",\"@id\":\"https:\\\/\\\/lacourroie.org\\\/index.php\\\/en-savoir-2022-02-28\\\/#primaryimage\",\"url\":\"https:\\\/\\\/lacourroie.org\\\/wp-content\\\/uploads\\\/2022\\\/01\\\/Aline-Piboule-portrait.jpg\",\"contentUrl\":\"https:\\\/\\\/lacourroie.org\\\/wp-content\\\/uploads\\\/2022\\\/01\\\/Aline-Piboule-portrait.jpg\",\"width\":300,\"height\":199},{\"@type\":\"BreadcrumbList\",\"@id\":\"https:\\\/\\\/lacourroie.org\\\/index.php\\\/en-savoir-2022-02-28\\\/#breadcrumb\",\"itemListElement\":[{\"@type\":\"ListItem\",\"position\":1,\"name\":\"Accueil\",\"item\":\"https:\\\/\\\/lacourroie.org\\\/\"},{\"@type\":\"ListItem\",\"position\":2,\"name\":\"en savoir + 2022.02.28\"}]},{\"@type\":\"WebSite\",\"@id\":\"https:\\\/\\\/lacourroie.org\\\/#website\",\"url\":\"https:\\\/\\\/lacourroie.org\\\/\",\"name\":\"lacourroie\",\"description\":\"\",\"publisher\":{\"@id\":\"https:\\\/\\\/lacourroie.org\\\/#organization\"},\"potentialAction\":[{\"@type\":\"SearchAction\",\"target\":{\"@type\":\"EntryPoint\",\"urlTemplate\":\"https:\\\/\\\/lacourroie.org\\\/?s={search_term_string}\"},\"query-input\":{\"@type\":\"PropertyValueSpecification\",\"valueRequired\":true,\"valueName\":\"search_term_string\"}}],\"inLanguage\":\"fr-FR\"},{\"@type\":\"Organization\",\"@id\":\"https:\\\/\\\/lacourroie.org\\\/#organization\",\"name\":\"lacourroie\",\"url\":\"https:\\\/\\\/lacourroie.org\\\/\",\"logo\":{\"@type\":\"ImageObject\",\"inLanguage\":\"fr-FR\",\"@id\":\"https:\\\/\\\/lacourroie.org\\\/#\\\/schema\\\/logo\\\/image\\\/\",\"url\":\"https:\\\/\\\/lacourroie.org\\\/wp-content\\\/uploads\\\/2021\\\/01\\\/cropped-Logo-Courroie-noir@4x.png\",\"contentUrl\":\"https:\\\/\\\/lacourroie.org\\\/wp-content\\\/uploads\\\/2021\\\/01\\\/cropped-Logo-Courroie-noir@4x.png\",\"width\":2286,\"height\":583,\"caption\":\"lacourroie\"},\"image\":{\"@id\":\"https:\\\/\\\/lacourroie.org\\\/#\\\/schema\\\/logo\\\/image\\\/\"}}]}<\/script>\n<!-- \/ Yoast SEO plugin. -->","yoast_head_json":{"title":"en savoir + 2022.02.28 - lacourroie","description":"%","robots":{"index":"index","follow":"follow","max-snippet":"max-snippet:-1","max-image-preview":"max-image-preview:large","max-video-preview":"max-video-preview:-1"},"canonical":"https:\/\/lacourroie.org\/index.php\/en-savoir-2022-02-28\/","og_locale":"fr_FR","og_type":"article","og_title":"en savoir + 2022.02.28 - lacourroie","og_description":"%","og_url":"https:\/\/lacourroie.org\/index.php\/en-savoir-2022-02-28\/","og_site_name":"lacourroie","article_modified_time":"2022-03-01T09:31:16+00:00","og_image":[{"url":"https:\/\/lacourroie.org\/wp-content\/uploads\/2022\/01\/Aline-Piboule-portrait.jpg","type":"","width":"","height":""}],"twitter_card":"summary_large_image","twitter_misc":{"Dur\u00e9e de lecture estim\u00e9e":"4 minutes"},"schema":{"@context":"https:\/\/schema.org","@graph":[{"@type":"WebPage","@id":"https:\/\/lacourroie.org\/index.php\/en-savoir-2022-02-28\/","url":"https:\/\/lacourroie.org\/index.php\/en-savoir-2022-02-28\/","name":"en savoir + 2022.02.28 - lacourroie","isPartOf":{"@id":"https:\/\/lacourroie.org\/#website"},"primaryImageOfPage":{"@id":"https:\/\/lacourroie.org\/index.php\/en-savoir-2022-02-28\/#primaryimage"},"image":{"@id":"https:\/\/lacourroie.org\/index.php\/en-savoir-2022-02-28\/#primaryimage"},"thumbnailUrl":"https:\/\/lacourroie.org\/wp-content\/uploads\/2022\/01\/Aline-Piboule-portrait.jpg","datePublished":"2022-01-25T12:25:17+00:00","dateModified":"2022-03-01T09:31:16+00:00","description":"%","breadcrumb":{"@id":"https:\/\/lacourroie.org\/index.php\/en-savoir-2022-02-28\/#breadcrumb"},"inLanguage":"fr-FR","potentialAction":[{"@type":"ReadAction","target":["https:\/\/lacourroie.org\/index.php\/en-savoir-2022-02-28\/"]}]},{"@type":"ImageObject","inLanguage":"fr-FR","@id":"https:\/\/lacourroie.org\/index.php\/en-savoir-2022-02-28\/#primaryimage","url":"https:\/\/lacourroie.org\/wp-content\/uploads\/2022\/01\/Aline-Piboule-portrait.jpg","contentUrl":"https:\/\/lacourroie.org\/wp-content\/uploads\/2022\/01\/Aline-Piboule-portrait.jpg","width":300,"height":199},{"@type":"BreadcrumbList","@id":"https:\/\/lacourroie.org\/index.php\/en-savoir-2022-02-28\/#breadcrumb","itemListElement":[{"@type":"ListItem","position":1,"name":"Accueil","item":"https:\/\/lacourroie.org\/"},{"@type":"ListItem","position":2,"name":"en savoir + 2022.02.28"}]},{"@type":"WebSite","@id":"https:\/\/lacourroie.org\/#website","url":"https:\/\/lacourroie.org\/","name":"lacourroie","description":"","publisher":{"@id":"https:\/\/lacourroie.org\/#organization"},"potentialAction":[{"@type":"SearchAction","target":{"@type":"EntryPoint","urlTemplate":"https:\/\/lacourroie.org\/?s={search_term_string}"},"query-input":{"@type":"PropertyValueSpecification","valueRequired":true,"valueName":"search_term_string"}}],"inLanguage":"fr-FR"},{"@type":"Organization","@id":"https:\/\/lacourroie.org\/#organization","name":"lacourroie","url":"https:\/\/lacourroie.org\/","logo":{"@type":"ImageObject","inLanguage":"fr-FR","@id":"https:\/\/lacourroie.org\/#\/schema\/logo\/image\/","url":"https:\/\/lacourroie.org\/wp-content\/uploads\/2021\/01\/cropped-Logo-Courroie-noir@4x.png","contentUrl":"https:\/\/lacourroie.org\/wp-content\/uploads\/2021\/01\/cropped-Logo-Courroie-noir@4x.png","width":2286,"height":583,"caption":"lacourroie"},"image":{"@id":"https:\/\/lacourroie.org\/#\/schema\/logo\/image\/"}}]}},"_links":{"self":[{"href":"https:\/\/lacourroie.org\/index.php\/wp-json\/wp\/v2\/pages\/3809","targetHints":{"allow":["GET"]}}],"collection":[{"href":"https:\/\/lacourroie.org\/index.php\/wp-json\/wp\/v2\/pages"}],"about":[{"href":"https:\/\/lacourroie.org\/index.php\/wp-json\/wp\/v2\/types\/page"}],"author":[{"embeddable":true,"href":"https:\/\/lacourroie.org\/index.php\/wp-json\/wp\/v2\/users\/1"}],"replies":[{"embeddable":true,"href":"https:\/\/lacourroie.org\/index.php\/wp-json\/wp\/v2\/comments?post=3809"}],"version-history":[{"count":40,"href":"https:\/\/lacourroie.org\/index.php\/wp-json\/wp\/v2\/pages\/3809\/revisions"}],"predecessor-version":[{"id":3915,"href":"https:\/\/lacourroie.org\/index.php\/wp-json\/wp\/v2\/pages\/3809\/revisions\/3915"}],"wp:attachment":[{"href":"https:\/\/lacourroie.org\/index.php\/wp-json\/wp\/v2\/media?parent=3809"}],"curies":[{"name":"wp","href":"https:\/\/api.w.org\/{rel}","templated":true}]}}