{"id":4149,"date":"2022-05-09T11:45:22","date_gmt":"2022-05-09T09:45:22","guid":{"rendered":"https:\/\/lacourroie.org\/?page_id=4149"},"modified":"2022-05-24T20:10:29","modified_gmt":"2022-05-24T18:10:29","slug":"en-savoir-2022-05-27-28","status":"publish","type":"page","link":"https:\/\/lacourroie.org\/index.php\/en-savoir-2022-05-27-28\/","title":{"rendered":"en savoir + 2022.05.27-28"},"content":{"rendered":"\t\t<div data-elementor-type=\"wp-page\" data-elementor-id=\"4149\" class=\"elementor elementor-4149\" data-elementor-post-type=\"page\">\n\t\t\t\t\t\t<section class=\"elementor-section elementor-top-section elementor-element elementor-element-0083417 elementor-section-boxed elementor-section-height-default elementor-section-height-default\" data-id=\"0083417\" data-element_type=\"section\" data-e-type=\"section\">\n\t\t\t\t\t\t<div class=\"elementor-container elementor-column-gap-default\">\n\t\t\t\t\t<div class=\"elementor-column elementor-col-100 elementor-top-column elementor-element elementor-element-259e046\" data-id=\"259e046\" data-element_type=\"column\" data-e-type=\"column\">\n\t\t\t<div class=\"elementor-widget-wrap elementor-element-populated\">\n\t\t\t\t\t\t<section class=\"elementor-section elementor-inner-section elementor-element elementor-element-09d2c84 elementor-section-boxed elementor-section-height-default elementor-section-height-default\" data-id=\"09d2c84\" data-element_type=\"section\" data-e-type=\"section\">\n\t\t\t\t\t\t<div class=\"elementor-container elementor-column-gap-default\">\n\t\t\t\t\t<div class=\"elementor-column elementor-col-50 elementor-inner-column elementor-element elementor-element-4d56dda\" data-id=\"4d56dda\" data-element_type=\"column\" data-e-type=\"column\">\n\t\t\t<div class=\"elementor-widget-wrap elementor-element-populated\">\n\t\t\t\t\t\t<div class=\"elementor-element elementor-element-6a5952b elementor-widget elementor-widget-heading\" data-id=\"6a5952b\" data-element_type=\"widget\" data-e-type=\"widget\" data-widget_type=\"heading.default\">\n\t\t\t\t<div class=\"elementor-widget-container\">\n\t\t\t\t\t<h4 class=\"elementor-heading-title elementor-size-default\">Vendredi 27 mai 2022 \u00e0 20h22<\/h4>\t\t\t\t<\/div>\n\t\t\t\t<\/div>\n\t\t\t\t<div class=\"elementor-element elementor-element-008da8a elementor-widget elementor-widget-heading\" data-id=\"008da8a\" data-element_type=\"widget\" data-e-type=\"widget\" data-widget_type=\"heading.default\">\n\t\t\t\t<div class=\"elementor-widget-container\">\n\t\t\t\t\t<h4 class=\"elementor-heading-title elementor-size-default\">Samedi 28 mai 2022 \u00e0 11h<\/h4>\t\t\t\t<\/div>\n\t\t\t\t<\/div>\n\t\t\t\t<div class=\"elementor-element elementor-element-a064437 elementor-widget elementor-widget-heading\" data-id=\"a064437\" data-element_type=\"widget\" data-e-type=\"widget\" data-widget_type=\"heading.default\">\n\t\t\t\t<div class=\"elementor-widget-container\">\n\t\t\t\t\t<h3 class=\"elementor-heading-title elementor-size-default\">Les deux sextuors de Brahms<\/h3>\t\t\t\t<\/div>\n\t\t\t\t<\/div>\n\t\t\t\t<div class=\"elementor-element elementor-element-2f1d6fb elementor-widget elementor-widget-text-editor\" data-id=\"2f1d6fb\" data-element_type=\"widget\" data-e-type=\"widget\" data-widget_type=\"text-editor.default\">\n\t\t\t\t<div class=\"elementor-widget-container\">\n\t\t\t\t\t\t\t\t\t<p><strong>Shuichi Okada<\/strong> \u2022 Violon<br \/><strong>Manon Galy<\/strong> \u2022 Violon<br \/><strong>Manuel Vioque-Judde<\/strong> \u2022 Alto<br \/><strong>Gr\u00e9goire Vecchioni<\/strong> \u2022 Alto<br \/><strong>Aur\u00e9lien Pascal<\/strong> \u2022 Violoncelle<br \/><strong>Fran\u00e7ois Robin<\/strong> \u2022 Violoncelle<\/p>\t\t\t\t\t\t\t\t<\/div>\n\t\t\t\t<\/div>\n\t\t\t\t<div class=\"elementor-element elementor-element-2c412a9 elementor-widget elementor-widget-text-editor\" data-id=\"2c412a9\" data-element_type=\"widget\" data-e-type=\"widget\" data-widget_type=\"text-editor.default\">\n\t\t\t\t<div class=\"elementor-widget-container\">\n\t\t\t\t\t\t\t\t\t<p><strong>Sextuor n\u00b01 en Si b\u00e9mol Majeur Op 18<\/strong><br \/><em>Fr\u00fchlingssextett \u00abSextuor du printemps\u00bb<\/em> <br \/>I. Allegro ma non troppo<br \/>II. Andante ma moderato<br \/>III. Scherzo. Allegro molto &#8211; Trio. Animato<br \/>IV. Rondo. Poco Allegretto e grazioso<\/p><p><strong>Sextuor n\u00b02 en Sol Majeur Op 36<\/strong> <br \/>I. Allegro non troppo<br \/>II. Scherzo. Allegro non troppo &#8211; (Trio) Presto giocoso<br \/>III. Adagio<br \/>IV. Poco Allegro<\/p>\t\t\t\t\t\t\t\t<\/div>\n\t\t\t\t<\/div>\n\t\t\t\t\t<\/div>\n\t\t<\/div>\n\t\t\t\t<div class=\"elementor-column elementor-col-50 elementor-inner-column elementor-element elementor-element-2791ee2\" data-id=\"2791ee2\" data-element_type=\"column\" data-e-type=\"column\">\n\t\t\t<div class=\"elementor-widget-wrap elementor-element-populated\">\n\t\t\t\t\t\t<div class=\"elementor-element elementor-element-7fc36a8 elementor-widget elementor-widget-heading\" data-id=\"7fc36a8\" data-element_type=\"widget\" data-e-type=\"widget\" data-widget_type=\"heading.default\">\n\t\t\t\t<div class=\"elementor-widget-container\">\n\t\t\t\t\t<h4 class=\"elementor-heading-title elementor-size-default\">Johannes Brahms (1833-1897)<\/h4>\t\t\t\t<\/div>\n\t\t\t\t<\/div>\n\t\t\t\t<div class=\"elementor-element elementor-element-ec0debb elementor-widget elementor-widget-image\" data-id=\"ec0debb\" data-element_type=\"widget\" data-e-type=\"widget\" data-widget_type=\"image.default\">\n\t\t\t\t<div class=\"elementor-widget-container\">\n\t\t\t\t\t\t\t\t\t\t\t\t\t\t\t<img fetchpriority=\"high\" decoding=\"async\" width=\"264\" height=\"300\" src=\"https:\/\/lacourroie.org\/wp-content\/uploads\/2022\/05\/Brahms-264x300.jpg\" class=\"attachment-medium size-medium wp-image-4161\" alt=\"\" srcset=\"https:\/\/lacourroie.org\/wp-content\/uploads\/2022\/05\/Brahms-264x300.jpg 264w, https:\/\/lacourroie.org\/wp-content\/uploads\/2022\/05\/Brahms-902x1024.jpg 902w, https:\/\/lacourroie.org\/wp-content\/uploads\/2022\/05\/Brahms-768x872.jpg 768w, https:\/\/lacourroie.org\/wp-content\/uploads\/2022\/05\/Brahms-1353x1536.jpg 1353w, https:\/\/lacourroie.org\/wp-content\/uploads\/2022\/05\/Brahms.jpg 1409w\" sizes=\"(max-width: 264px) 100vw, 264px\" \/>\t\t\t\t\t\t\t\t\t\t\t\t\t\t\t<\/div>\n\t\t\t\t<\/div>\n\t\t\t\t<div class=\"elementor-element elementor-element-2148f88 elementor-widget elementor-widget-text-editor\" data-id=\"2148f88\" data-element_type=\"widget\" data-e-type=\"widget\" data-widget_type=\"text-editor.default\">\n\t\t\t\t<div class=\"elementor-widget-container\">\n\t\t\t\t\t\t\t\t\t<p>Chefs-d&rsquo;\u0153uvre s&rsquo;il en est, ces deux sextuors \u00e0 cordes de Johannes Brahms seront interpr\u00e9t\u00e9s par la fine-fleur de la nouvelle g\u00e9n\u00e9ration, sous la houlette de l&rsquo;altiste Manuel Vioque-Judde (certain\u00b7es ont encore s\u00fbrement en m\u00e9moire son magnifique concert Chostakovitch donn\u00e9 derni\u00e8rement \u00e0 la Courroie !)<\/p>\t\t\t\t\t\t\t\t<\/div>\n\t\t\t\t<\/div>\n\t\t\t\t\t<\/div>\n\t\t<\/div>\n\t\t\t\t\t<\/div>\n\t\t<\/section>\n\t\t\t\t<div class=\"elementor-element elementor-element-91e7f97 elementor-widget elementor-widget-text-editor\" data-id=\"91e7f97\" data-element_type=\"widget\" data-e-type=\"widget\" data-widget_type=\"text-editor.default\">\n\t\t\t\t<div class=\"elementor-widget-container\">\n\t\t\t\t\t\t\t\t\t<p>Compos\u00e9s respectivement en 1860 et 1864, les deux sextuors t\u00e9moignent de la nouveaut\u00e9 du discours brahmsien dans le paysage musical europ\u00e9en, notamment par leur raffinement polyphonique. Si quatre ans seulement les s\u00e9parent, on ne peut que constater l\u2019\u00e9volution de l\u2019\u00e9criture de Brahms. Le premier, l&rsquo;Opus 18, rayonne de fra\u00eecheur et de spontan\u00e9it\u00e9, il s\u2019inscrit dans la continuit\u00e9 du classicisme viennois, de Haydn et Beethoven, dans une forme de renouvellement du concerto grosso. La composition du second (op. 36) est li\u00e9e \u00e0 la rupture avec Agathe von Siebold (dont le pr\u00e9nom fournit l\u2019un des th\u00e8mes du premier mouvement), l\u2019\u0153uvre t\u00e9moignant de l\u2019\u00e9panouissement du style et de la sensibilit\u00e9 du compositeur.<\/p>\t\t\t\t\t\t\t\t<\/div>\n\t\t\t\t<\/div>\n\t\t\t\t<div class=\"elementor-element elementor-element-d8612b3 elementor-align-center elementor-mobile-align-center elementor-tablet-align-center elementor-widget elementor-widget-button\" data-id=\"d8612b3\" data-element_type=\"widget\" data-e-type=\"widget\" data-widget_type=\"button.default\">\n\t\t\t\t<div class=\"elementor-widget-container\">\n\t\t\t\t\t\t\t\t\t<div class=\"elementor-button-wrapper\">\n\t\t\t\t\t<a class=\"elementor-button elementor-button-link elementor-size-xs\" href=\"https:\/\/lacourroie.org\/index.php\/info\/\" target=\"_blank\" id=\"info\">\n\t\t\t\t\t\t<span class=\"elementor-button-content-wrapper\">\n\t\t\t\t\t\t\t\t\t<span class=\"elementor-button-text\">infos pratiques<\/span>\n\t\t\t\t\t<\/span>\n\t\t\t\t\t<\/a>\n\t\t\t\t<\/div>\n\t\t\t\t\t\t\t\t<\/div>\n\t\t\t\t<\/div>\n\t\t\t\t\t<\/div>\n\t\t<\/div>\n\t\t\t\t\t<\/div>\n\t\t<\/section>\n\t\t\t\t<\/div>\n\t\t","protected":false},"excerpt":{"rendered":"<p>Vendredi 27 mai 2022 \u00e0 20h22 Samedi 28 mai 2022 \u00e0 11h Les deux sextuors de Brahms Shuichi Okada \u2022 ViolonManon Galy \u2022 ViolonManuel Vioque-Judde \u2022 AltoGr\u00e9goire Vecchioni \u2022 AltoAur\u00e9lien Pascal \u2022 VioloncelleFran\u00e7ois Robin \u2022 Violoncelle Sextuor n\u00b01 en Si b\u00e9mol Majeur Op 18Fr\u00fchlingssextett \u00abSextuor du printemps\u00bb I. Allegro ma non troppoII. Andante ma moderatoIII. [&hellip;]<\/p>\n","protected":false},"author":1,"featured_media":0,"parent":0,"menu_order":0,"comment_status":"closed","ping_status":"closed","template":"","meta":{"site-sidebar-layout":"right-sidebar","site-content-layout":"page-builder","ast-site-content-layout":"default","site-content-style":"default","site-sidebar-style":"default","ast-global-header-display":"","ast-banner-title-visibility":"","ast-main-header-display":"","ast-hfb-above-header-display":"","ast-hfb-below-header-display":"","ast-hfb-mobile-header-display":"","site-post-title":"","ast-breadcrumbs-content":"","ast-featured-img":"","footer-sml-layout":"disabled","ast-disable-related-posts":"","theme-transparent-header-meta":"default","adv-header-id-meta":"","stick-header-meta":"","header-above-stick-meta":"","header-main-stick-meta":"","header-below-stick-meta":"","astra-migrate-meta-layouts":"default","ast-page-background-enabled":"default","ast-page-background-meta":{"desktop":{"background-color":"","background-image":"","background-repeat":"repeat","background-position":"center center","background-size":"auto","background-attachment":"scroll","background-type":"","background-media":"","overlay-type":"","overlay-color":"","overlay-opacity":"","overlay-gradient":""},"tablet":{"background-color":"","background-image":"","background-repeat":"repeat","background-position":"center center","background-size":"auto","background-attachment":"scroll","background-type":"","background-media":"","overlay-type":"","overlay-color":"","overlay-opacity":"","overlay-gradient":""},"mobile":{"background-color":"","background-image":"","background-repeat":"repeat","background-position":"center center","background-size":"auto","background-attachment":"scroll","background-type":"","background-media":"","overlay-type":"","overlay-color":"","overlay-opacity":"","overlay-gradient":""}},"ast-content-background-meta":{"desktop":{"background-color":"var(--ast-global-color-5)","background-image":"","background-repeat":"repeat","background-position":"center center","background-size":"auto","background-attachment":"scroll","background-type":"","background-media":"","overlay-type":"","overlay-color":"","overlay-opacity":"","overlay-gradient":""},"tablet":{"background-color":"var(--ast-global-color-5)","background-image":"","background-repeat":"repeat","background-position":"center center","background-size":"auto","background-attachment":"scroll","background-type":"","background-media":"","overlay-type":"","overlay-color":"","overlay-opacity":"","overlay-gradient":""},"mobile":{"background-color":"var(--ast-global-color-5)","background-image":"","background-repeat":"repeat","background-position":"center center","background-size":"auto","background-attachment":"scroll","background-type":"","background-media":"","overlay-type":"","overlay-color":"","overlay-opacity":"","overlay-gradient":""}},"footnotes":""},"class_list":["post-4149","page","type-page","status-publish","hentry"],"yoast_head":"<!-- This site is optimized with the Yoast SEO plugin v27.3 - https:\/\/yoast.com\/product\/yoast-seo-wordpress\/ -->\n<title>en savoir + 2022.05.27-28 - lacourroie<\/title>\n<meta name=\"description\" content=\"%\" \/>\n<meta name=\"robots\" content=\"index, follow, max-snippet:-1, max-image-preview:large, max-video-preview:-1\" \/>\n<link rel=\"canonical\" href=\"https:\/\/lacourroie.org\/index.php\/en-savoir-2022-05-27-28\/\" \/>\n<meta property=\"og:locale\" content=\"fr_FR\" \/>\n<meta property=\"og:type\" content=\"article\" \/>\n<meta property=\"og:title\" content=\"en savoir + 2022.05.27-28 - lacourroie\" \/>\n<meta property=\"og:description\" content=\"%\" \/>\n<meta property=\"og:url\" content=\"https:\/\/lacourroie.org\/index.php\/en-savoir-2022-05-27-28\/\" \/>\n<meta property=\"og:site_name\" content=\"lacourroie\" \/>\n<meta property=\"article:modified_time\" content=\"2022-05-24T18:10:29+00:00\" \/>\n<meta property=\"og:image\" content=\"https:\/\/lacourroie.org\/wp-content\/uploads\/2022\/05\/Brahms-264x300.jpg\" \/>\n<meta name=\"twitter:card\" content=\"summary_large_image\" \/>\n<meta name=\"twitter:label1\" content=\"Dur\u00e9e de lecture estim\u00e9e\" \/>\n\t<meta name=\"twitter:data1\" content=\"2 minutes\" \/>\n<script type=\"application\/ld+json\" class=\"yoast-schema-graph\">{\"@context\":\"https:\\\/\\\/schema.org\",\"@graph\":[{\"@type\":\"WebPage\",\"@id\":\"https:\\\/\\\/lacourroie.org\\\/index.php\\\/en-savoir-2022-05-27-28\\\/\",\"url\":\"https:\\\/\\\/lacourroie.org\\\/index.php\\\/en-savoir-2022-05-27-28\\\/\",\"name\":\"en savoir + 2022.05.27-28 - lacourroie\",\"isPartOf\":{\"@id\":\"https:\\\/\\\/lacourroie.org\\\/#website\"},\"primaryImageOfPage\":{\"@id\":\"https:\\\/\\\/lacourroie.org\\\/index.php\\\/en-savoir-2022-05-27-28\\\/#primaryimage\"},\"image\":{\"@id\":\"https:\\\/\\\/lacourroie.org\\\/index.php\\\/en-savoir-2022-05-27-28\\\/#primaryimage\"},\"thumbnailUrl\":\"https:\\\/\\\/lacourroie.org\\\/wp-content\\\/uploads\\\/2022\\\/05\\\/Brahms-264x300.jpg\",\"datePublished\":\"2022-05-09T09:45:22+00:00\",\"dateModified\":\"2022-05-24T18:10:29+00:00\",\"description\":\"%\",\"breadcrumb\":{\"@id\":\"https:\\\/\\\/lacourroie.org\\\/index.php\\\/en-savoir-2022-05-27-28\\\/#breadcrumb\"},\"inLanguage\":\"fr-FR\",\"potentialAction\":[{\"@type\":\"ReadAction\",\"target\":[\"https:\\\/\\\/lacourroie.org\\\/index.php\\\/en-savoir-2022-05-27-28\\\/\"]}]},{\"@type\":\"ImageObject\",\"inLanguage\":\"fr-FR\",\"@id\":\"https:\\\/\\\/lacourroie.org\\\/index.php\\\/en-savoir-2022-05-27-28\\\/#primaryimage\",\"url\":\"https:\\\/\\\/lacourroie.org\\\/wp-content\\\/uploads\\\/2022\\\/05\\\/Brahms.jpg\",\"contentUrl\":\"https:\\\/\\\/lacourroie.org\\\/wp-content\\\/uploads\\\/2022\\\/05\\\/Brahms.jpg\",\"width\":1409,\"height\":1600},{\"@type\":\"BreadcrumbList\",\"@id\":\"https:\\\/\\\/lacourroie.org\\\/index.php\\\/en-savoir-2022-05-27-28\\\/#breadcrumb\",\"itemListElement\":[{\"@type\":\"ListItem\",\"position\":1,\"name\":\"Accueil\",\"item\":\"https:\\\/\\\/lacourroie.org\\\/\"},{\"@type\":\"ListItem\",\"position\":2,\"name\":\"en savoir + 2022.05.27-28\"}]},{\"@type\":\"WebSite\",\"@id\":\"https:\\\/\\\/lacourroie.org\\\/#website\",\"url\":\"https:\\\/\\\/lacourroie.org\\\/\",\"name\":\"lacourroie\",\"description\":\"\",\"publisher\":{\"@id\":\"https:\\\/\\\/lacourroie.org\\\/#organization\"},\"potentialAction\":[{\"@type\":\"SearchAction\",\"target\":{\"@type\":\"EntryPoint\",\"urlTemplate\":\"https:\\\/\\\/lacourroie.org\\\/?s={search_term_string}\"},\"query-input\":{\"@type\":\"PropertyValueSpecification\",\"valueRequired\":true,\"valueName\":\"search_term_string\"}}],\"inLanguage\":\"fr-FR\"},{\"@type\":\"Organization\",\"@id\":\"https:\\\/\\\/lacourroie.org\\\/#organization\",\"name\":\"lacourroie\",\"url\":\"https:\\\/\\\/lacourroie.org\\\/\",\"logo\":{\"@type\":\"ImageObject\",\"inLanguage\":\"fr-FR\",\"@id\":\"https:\\\/\\\/lacourroie.org\\\/#\\\/schema\\\/logo\\\/image\\\/\",\"url\":\"https:\\\/\\\/lacourroie.org\\\/wp-content\\\/uploads\\\/2021\\\/01\\\/cropped-Logo-Courroie-noir@4x.png\",\"contentUrl\":\"https:\\\/\\\/lacourroie.org\\\/wp-content\\\/uploads\\\/2021\\\/01\\\/cropped-Logo-Courroie-noir@4x.png\",\"width\":2286,\"height\":583,\"caption\":\"lacourroie\"},\"image\":{\"@id\":\"https:\\\/\\\/lacourroie.org\\\/#\\\/schema\\\/logo\\\/image\\\/\"}}]}<\/script>\n<!-- \/ Yoast SEO plugin. -->","yoast_head_json":{"title":"en savoir + 2022.05.27-28 - lacourroie","description":"%","robots":{"index":"index","follow":"follow","max-snippet":"max-snippet:-1","max-image-preview":"max-image-preview:large","max-video-preview":"max-video-preview:-1"},"canonical":"https:\/\/lacourroie.org\/index.php\/en-savoir-2022-05-27-28\/","og_locale":"fr_FR","og_type":"article","og_title":"en savoir + 2022.05.27-28 - lacourroie","og_description":"%","og_url":"https:\/\/lacourroie.org\/index.php\/en-savoir-2022-05-27-28\/","og_site_name":"lacourroie","article_modified_time":"2022-05-24T18:10:29+00:00","og_image":[{"url":"https:\/\/lacourroie.org\/wp-content\/uploads\/2022\/05\/Brahms-264x300.jpg","type":"","width":"","height":""}],"twitter_card":"summary_large_image","twitter_misc":{"Dur\u00e9e de lecture estim\u00e9e":"2 minutes"},"schema":{"@context":"https:\/\/schema.org","@graph":[{"@type":"WebPage","@id":"https:\/\/lacourroie.org\/index.php\/en-savoir-2022-05-27-28\/","url":"https:\/\/lacourroie.org\/index.php\/en-savoir-2022-05-27-28\/","name":"en savoir + 2022.05.27-28 - lacourroie","isPartOf":{"@id":"https:\/\/lacourroie.org\/#website"},"primaryImageOfPage":{"@id":"https:\/\/lacourroie.org\/index.php\/en-savoir-2022-05-27-28\/#primaryimage"},"image":{"@id":"https:\/\/lacourroie.org\/index.php\/en-savoir-2022-05-27-28\/#primaryimage"},"thumbnailUrl":"https:\/\/lacourroie.org\/wp-content\/uploads\/2022\/05\/Brahms-264x300.jpg","datePublished":"2022-05-09T09:45:22+00:00","dateModified":"2022-05-24T18:10:29+00:00","description":"%","breadcrumb":{"@id":"https:\/\/lacourroie.org\/index.php\/en-savoir-2022-05-27-28\/#breadcrumb"},"inLanguage":"fr-FR","potentialAction":[{"@type":"ReadAction","target":["https:\/\/lacourroie.org\/index.php\/en-savoir-2022-05-27-28\/"]}]},{"@type":"ImageObject","inLanguage":"fr-FR","@id":"https:\/\/lacourroie.org\/index.php\/en-savoir-2022-05-27-28\/#primaryimage","url":"https:\/\/lacourroie.org\/wp-content\/uploads\/2022\/05\/Brahms.jpg","contentUrl":"https:\/\/lacourroie.org\/wp-content\/uploads\/2022\/05\/Brahms.jpg","width":1409,"height":1600},{"@type":"BreadcrumbList","@id":"https:\/\/lacourroie.org\/index.php\/en-savoir-2022-05-27-28\/#breadcrumb","itemListElement":[{"@type":"ListItem","position":1,"name":"Accueil","item":"https:\/\/lacourroie.org\/"},{"@type":"ListItem","position":2,"name":"en savoir + 2022.05.27-28"}]},{"@type":"WebSite","@id":"https:\/\/lacourroie.org\/#website","url":"https:\/\/lacourroie.org\/","name":"lacourroie","description":"","publisher":{"@id":"https:\/\/lacourroie.org\/#organization"},"potentialAction":[{"@type":"SearchAction","target":{"@type":"EntryPoint","urlTemplate":"https:\/\/lacourroie.org\/?s={search_term_string}"},"query-input":{"@type":"PropertyValueSpecification","valueRequired":true,"valueName":"search_term_string"}}],"inLanguage":"fr-FR"},{"@type":"Organization","@id":"https:\/\/lacourroie.org\/#organization","name":"lacourroie","url":"https:\/\/lacourroie.org\/","logo":{"@type":"ImageObject","inLanguage":"fr-FR","@id":"https:\/\/lacourroie.org\/#\/schema\/logo\/image\/","url":"https:\/\/lacourroie.org\/wp-content\/uploads\/2021\/01\/cropped-Logo-Courroie-noir@4x.png","contentUrl":"https:\/\/lacourroie.org\/wp-content\/uploads\/2021\/01\/cropped-Logo-Courroie-noir@4x.png","width":2286,"height":583,"caption":"lacourroie"},"image":{"@id":"https:\/\/lacourroie.org\/#\/schema\/logo\/image\/"}}]}},"_links":{"self":[{"href":"https:\/\/lacourroie.org\/index.php\/wp-json\/wp\/v2\/pages\/4149","targetHints":{"allow":["GET"]}}],"collection":[{"href":"https:\/\/lacourroie.org\/index.php\/wp-json\/wp\/v2\/pages"}],"about":[{"href":"https:\/\/lacourroie.org\/index.php\/wp-json\/wp\/v2\/types\/page"}],"author":[{"embeddable":true,"href":"https:\/\/lacourroie.org\/index.php\/wp-json\/wp\/v2\/users\/1"}],"replies":[{"embeddable":true,"href":"https:\/\/lacourroie.org\/index.php\/wp-json\/wp\/v2\/comments?post=4149"}],"version-history":[{"count":62,"href":"https:\/\/lacourroie.org\/index.php\/wp-json\/wp\/v2\/pages\/4149\/revisions"}],"predecessor-version":[{"id":4233,"href":"https:\/\/lacourroie.org\/index.php\/wp-json\/wp\/v2\/pages\/4149\/revisions\/4233"}],"wp:attachment":[{"href":"https:\/\/lacourroie.org\/index.php\/wp-json\/wp\/v2\/media?parent=4149"}],"curies":[{"name":"wp","href":"https:\/\/api.w.org\/{rel}","templated":true}]}}