{"id":6048,"date":"2023-09-11T20:03:13","date_gmt":"2023-09-11T18:03:13","guid":{"rendered":"https:\/\/lacourroie.org\/?page_id=6048"},"modified":"2023-09-23T17:46:56","modified_gmt":"2023-09-23T15:46:56","slug":"en-savoir-2023-09-22-23-24","status":"publish","type":"page","link":"https:\/\/lacourroie.org\/index.php\/en-savoir-2023-09-22-23-24\/","title":{"rendered":"en savoir + 2023.09.22-23-24"},"content":{"rendered":"\t\t<div data-elementor-type=\"wp-page\" data-elementor-id=\"6048\" class=\"elementor elementor-6048\" data-elementor-post-type=\"page\">\n\t\t\t\t\t\t<section class=\"elementor-section elementor-top-section elementor-element elementor-element-0083417 elementor-section-boxed elementor-section-height-default elementor-section-height-default\" data-id=\"0083417\" data-element_type=\"section\" data-e-type=\"section\">\n\t\t\t\t\t\t<div class=\"elementor-container elementor-column-gap-default\">\n\t\t\t\t\t<div class=\"elementor-column elementor-col-100 elementor-top-column elementor-element elementor-element-259e046\" data-id=\"259e046\" data-element_type=\"column\" data-e-type=\"column\">\n\t\t\t<div class=\"elementor-widget-wrap elementor-element-populated\">\n\t\t\t\t\t\t<section class=\"elementor-section elementor-inner-section elementor-element elementor-element-ef9c36f elementor-section-boxed elementor-section-height-default elementor-section-height-default\" data-id=\"ef9c36f\" data-element_type=\"section\" data-e-type=\"section\">\n\t\t\t\t\t\t<div class=\"elementor-container elementor-column-gap-default\">\n\t\t\t\t\t<div class=\"elementor-column elementor-col-50 elementor-inner-column elementor-element elementor-element-feea8de\" data-id=\"feea8de\" data-element_type=\"column\" data-e-type=\"column\">\n\t\t\t<div class=\"elementor-widget-wrap elementor-element-populated\">\n\t\t\t\t\t\t<div class=\"elementor-element elementor-element-39a2ac2 elementor-widget elementor-widget-heading\" data-id=\"39a2ac2\" data-element_type=\"widget\" data-e-type=\"widget\" data-widget_type=\"heading.default\">\n\t\t\t\t<div class=\"elementor-widget-container\">\n\t\t\t\t\t<h2 class=\"elementor-heading-title elementor-size-large\">SEPTEMBRE 2023<\/h2>\t\t\t\t<\/div>\n\t\t\t\t<\/div>\n\t\t\t\t<div class=\"elementor-element elementor-element-7eab906 elementor-widget elementor-widget-heading\" data-id=\"7eab906\" data-element_type=\"widget\" data-e-type=\"widget\" data-widget_type=\"heading.default\">\n\t\t\t\t<div class=\"elementor-widget-container\">\n\t\t\t\t\t<h2 class=\"elementor-heading-title elementor-size-default\">COMPLET<\/h2>\t\t\t\t<\/div>\n\t\t\t\t<\/div>\n\t\t\t\t<div class=\"elementor-element elementor-element-1c74dd5 elementor-widget elementor-widget-text-editor\" data-id=\"1c74dd5\" data-element_type=\"widget\" data-e-type=\"widget\" data-widget_type=\"text-editor.default\">\n\t\t\t\t<div class=\"elementor-widget-container\">\n\t\t\t\t\t\t\t\t\t<p><strong>Vendredi 22 \u00e0 20h23 <\/strong><br \/><strong>Samedi 23 \u00e0 20h23<\/strong><br \/><strong>Dimanche 24 \u00e0 11h<\/strong><br \/><i>Petit d\u00e9jeuner (en option) \u00e0 partir de 9h30<\/i><\/p>\t\t\t\t\t\t\t\t<\/div>\n\t\t\t\t<\/div>\n\t\t\t\t<div class=\"elementor-element elementor-element-7daa23c elementor-widget elementor-widget-heading\" data-id=\"7daa23c\" data-element_type=\"widget\" data-e-type=\"widget\" data-widget_type=\"heading.default\">\n\t\t\t\t<div class=\"elementor-widget-container\">\n\t\t\t\t\t<h1 class=\"elementor-heading-title elementor-size-default\">\"A profusion\"<\/h1>\t\t\t\t<\/div>\n\t\t\t\t<\/div>\n\t\t\t\t<div class=\"elementor-element elementor-element-c1e736d elementor-widget elementor-widget-text-editor\" data-id=\"c1e736d\" data-element_type=\"widget\" data-e-type=\"widget\" data-widget_type=\"text-editor.default\">\n\t\t\t\t<div class=\"elementor-widget-container\">\n\t\t\t\t\t\t\t\t\t<p><strong>l&rsquo;Orchestre du Jour<\/strong><br \/>Alice Pierot<\/p>\t\t\t\t\t\t\t\t<\/div>\n\t\t\t\t<\/div>\n\t\t\t\t<div class=\"elementor-element elementor-element-6b4f2f6 elementor-widget elementor-widget-text-editor\" data-id=\"6b4f2f6\" data-element_type=\"widget\" data-e-type=\"widget\" data-widget_type=\"text-editor.default\">\n\t\t\t\t<div class=\"elementor-widget-container\">\n\t\t\t\t\t\t\t\t\t<p><b>Anne Parisot<\/b> \u2022 fl\u00fbte traversi\u00e8re<br \/><b>Marine Sablonni\u00e8re<\/b> \u2022 fl\u00fbte \u00e0 bec<br \/><b>Freddy Eichelberger <\/b>\u2022 clavecin<br \/><b>Alice Pi\u00e9rot<\/b> \u2022 violon<br \/><strong>Guillaume Beaulieu<\/strong> \u2022 fl\u00fbte \u00e0 bec<br \/><strong>Fanny Paccoud<\/strong> \u2022 violon<br \/><strong>Emmanuelle Dauvin<\/strong> \u2022 violon<br \/><strong>Laeticia Balestro<\/strong> \u2022 alto<br \/><strong>Nils de Dinechin<\/strong> \u2022 violoncelle<br \/><strong>Michael Chanu<\/strong> \u2022 contrebasse<\/p>\t\t\t\t\t\t\t\t<\/div>\n\t\t\t\t<\/div>\n\t\t\t\t<div class=\"elementor-element elementor-element-2039b1d elementor-widget elementor-widget-text-editor\" data-id=\"2039b1d\" data-element_type=\"widget\" data-e-type=\"widget\" data-widget_type=\"text-editor.default\">\n\t\t\t\t<div class=\"elementor-widget-container\">\n\t\t\t\t\t\t\t\t\t<p>Plat du jour, menu du jour, phrase du jour, Orchestre du Jour ?<br \/><strong>L&rsquo;Orchestre du Jour<\/strong> est n\u00e9 de la conjugaison d&rsquo;un lieu, La Courroie, et de l&rsquo;\u00e9lan d&rsquo;une musicienne, Alice Pi\u00e9rot; il est n\u00e9 d&rsquo;un lien, tiss\u00e9 ann\u00e9e apr\u00e8s ann\u00e9e, entre le public de la Courroie et les artistes qui s&rsquo;y produisent, entre Alice Pi\u00e9rot et les musiciens et musiciennes qu&rsquo;elle c\u00f4toie, certains, certaines depuis trente ans, n\u00e9 du d\u00e9sir de se retrouver autour d&rsquo;une partition comme autour d&rsquo;un feu, entre f\u00eate et c\u00e9r\u00e9monie. Un orchestre qui peut jaillir \u00e0 tout instant parce que les liens sont l\u00e0, solides et confiants. <br \/>Intelligence collective, proximit\u00e9 dans ce qu&rsquo;elle a de plus simple, proximit\u00e9 g\u00e9ographique, proximit\u00e9 de c\u0153ur, l&rsquo;Orchestre du Jour r\u00e9unit des forces vives pour \u00e9laborer des projets, in situ.<\/p>\t\t\t\t\t\t\t\t<\/div>\n\t\t\t\t<\/div>\n\t\t\t\t\t<\/div>\n\t\t<\/div>\n\t\t\t\t<div class=\"elementor-column elementor-col-50 elementor-inner-column elementor-element elementor-element-8d0e4c4\" data-id=\"8d0e4c4\" data-element_type=\"column\" data-e-type=\"column\">\n\t\t\t<div class=\"elementor-widget-wrap elementor-element-populated\">\n\t\t\t\t\t\t<div class=\"elementor-element elementor-element-47fd104 elementor-widget elementor-widget-image\" data-id=\"47fd104\" data-element_type=\"widget\" data-e-type=\"widget\" data-widget_type=\"image.default\">\n\t\t\t\t<div class=\"elementor-widget-container\">\n\t\t\t\t\t\t\t\t\t\t\t\t\t\t\t<img fetchpriority=\"high\" decoding=\"async\" width=\"300\" height=\"225\" src=\"https:\/\/lacourroie.org\/wp-content\/uploads\/2023\/09\/4A6EA6F1-AAF8-4468-BCA9-297B8FDFC790_1_105_c-300x225.jpeg\" class=\"attachment-medium size-medium wp-image-6185\" alt=\"\" srcset=\"https:\/\/lacourroie.org\/wp-content\/uploads\/2023\/09\/4A6EA6F1-AAF8-4468-BCA9-297B8FDFC790_1_105_c-300x225.jpeg 300w, https:\/\/lacourroie.org\/wp-content\/uploads\/2023\/09\/4A6EA6F1-AAF8-4468-BCA9-297B8FDFC790_1_105_c-768x576.jpeg 768w, https:\/\/lacourroie.org\/wp-content\/uploads\/2023\/09\/4A6EA6F1-AAF8-4468-BCA9-297B8FDFC790_1_105_c.jpeg 1024w\" sizes=\"(max-width: 300px) 100vw, 300px\" \/>\t\t\t\t\t\t\t\t\t\t\t\t\t\t\t<\/div>\n\t\t\t\t<\/div>\n\t\t\t\t<div class=\"elementor-element elementor-element-7e62d3d elementor-widget elementor-widget-heading\" data-id=\"7e62d3d\" data-element_type=\"widget\" data-e-type=\"widget\" data-widget_type=\"heading.default\">\n\t\t\t\t<div class=\"elementor-widget-container\">\n\t\t\t\t\t<h5 class=\"elementor-heading-title elementor-size-default\">Johann Sebastian Bach<\/h5>\t\t\t\t<\/div>\n\t\t\t\t<\/div>\n\t\t\t\t<div class=\"elementor-element elementor-element-fce4edc elementor-widget elementor-widget-text-editor\" data-id=\"fce4edc\" data-element_type=\"widget\" data-e-type=\"widget\" data-widget_type=\"text-editor.default\">\n\t\t\t\t<div class=\"elementor-widget-container\">\n\t\t\t\t\t\t\t\t\t<h6><b>Concerto Brandebourgeois IV (sol majeur) BWV 1049<\/b><\/h6>\n<p><em><strong>\u2022 Allegro<\/strong><\/em><br><em><strong>\u2022 Andante<\/strong><\/em><br><em><strong>\u2022 Presto<\/strong><\/em><br>Solistes : violon, fl\u00fbtes \u00e0 bec altos I et II Accompagnement: violons I et II, altos, violoncelle et basse continue (clavecin et violoncelle).<br>Ce concerto grosso offre au violon solo une place pr\u00e9pond\u00e9rante. On retrouve cette ambigu\u00eft\u00e9 entre concerto grosso et concerto solo dans le concerto V. Ce concerto est de style n\u00e9anmoins tr\u00e8s inspir\u00e9 du concert royal fran\u00e7ais surtout dans le deuxi\u00e8me mouvement, contrastant avec le troisi\u00e8me mouvement du \u00ab\u00a0stylus Antiquus\u00a0\u00bb par sa forme fugu\u00e9e.<br>Ce concerto existe sous forme de concerto pour clavecin (en fa majeur) BWV 1057.<br>Au point de vue technique, on peut noter le fait que la partie de violon soliste est l&rsquo;une des plus difficiles \u00e9crites par Bach et que ce dernier demande des fa # suraigus aux fl\u00fbtes \u00e0 bec, alors que cette note est tr\u00e8s difficile sur cet instrument car devant \u00eatre jou\u00e9e en bouchant le bout de la fl\u00fbte avec le genou.<\/p>\t\t\t\t\t\t\t\t<\/div>\n\t\t\t\t<\/div>\n\t\t\t\t<div class=\"elementor-element elementor-element-607dcf8 elementor-widget elementor-widget-text-editor\" data-id=\"607dcf8\" data-element_type=\"widget\" data-e-type=\"widget\" data-widget_type=\"text-editor.default\">\n\t\t\t\t<div class=\"elementor-widget-container\">\n\t\t\t\t\t\t\t\t\t<h6><b>Concerto Brandebourgeois V (r\u00e9 majeur) BWV 1050<\/b><\/h6>\n<p><em><strong>\u2022 Allegro<\/strong><\/em><br><em><strong>\u2022 Affetuoso<\/strong><\/em><br><em><strong>\u2022 Allegro<\/strong><\/em><br>Solistes : clavecin, fl\u00fbte, violon<br>Accompagnement : violons I et II, altos, violoncelle et basse continue.<br>Une grande cadence virtuose dans l&rsquo;allegro introductif, une pr\u00e9sence continue dans toute l&rsquo;\u0153uvre : la pr\u00e9sence de la fl\u00fbte et du violon dans le concertino soliste ne peut pas masquer que ce concerto est pour l&rsquo;essentiel un concerto soliste pour clavecin, et ainsi historiquement le premier concerto pour clavier et orchestre.<br>Il existe une variante BWV 1050a<\/p>\t\t\t\t\t\t\t\t<\/div>\n\t\t\t\t<\/div>\n\t\t\t\t<div class=\"elementor-element elementor-element-a261fbd elementor-widget elementor-widget-heading\" data-id=\"a261fbd\" data-element_type=\"widget\" data-e-type=\"widget\" data-widget_type=\"heading.default\">\n\t\t\t\t<div class=\"elementor-widget-container\">\n\t\t\t\t\t<h5 class=\"elementor-heading-title elementor-size-default\">Georg Philipp Telemann (1681-1767)<\/h5>\t\t\t\t<\/div>\n\t\t\t\t<\/div>\n\t\t\t\t<div class=\"elementor-element elementor-element-1c1c9ec elementor-widget elementor-widget-text-editor\" data-id=\"1c1c9ec\" data-element_type=\"widget\" data-e-type=\"widget\" data-widget_type=\"text-editor.default\">\n\t\t\t\t<div class=\"elementor-widget-container\">\n\t\t\t\t\t\t\t\t\t<h6><b>Concerto pour fl\u00fbte \u00e0 bec et traverso en mi mineur TWV 52<\/b><\/h6><p><em><strong>\u2022 Largo<\/strong><\/em><br \/><em><strong>\u2022 Allegro<\/strong><\/em><br \/><em><strong>\u2022 Largo<\/strong><\/em><br \/><em><strong>\u2022 Presto<\/strong><\/em><\/p>\t\t\t\t\t\t\t\t<\/div>\n\t\t\t\t<\/div>\n\t\t\t\t\t<\/div>\n\t\t<\/div>\n\t\t\t\t\t<\/div>\n\t\t<\/section>\n\t\t\t\t<div class=\"elementor-element elementor-element-d8612b3 elementor-align-center elementor-mobile-align-center elementor-tablet-align-center elementor-widget elementor-widget-button\" data-id=\"d8612b3\" data-element_type=\"widget\" data-e-type=\"widget\" data-widget_type=\"button.default\">\n\t\t\t\t<div class=\"elementor-widget-container\">\n\t\t\t\t\t\t\t\t\t<div class=\"elementor-button-wrapper\">\n\t\t\t\t\t<a class=\"elementor-button elementor-button-link elementor-size-xs\" href=\"https:\/\/lacourroie.org\/index.php\/infos-pratiques-petit-dej\/\" target=\"_blank\" id=\"info\">\n\t\t\t\t\t\t<span class=\"elementor-button-content-wrapper\">\n\t\t\t\t\t\t\t\t\t<span class=\"elementor-button-text\">infos pratiques<\/span>\n\t\t\t\t\t<\/span>\n\t\t\t\t\t<\/a>\n\t\t\t\t<\/div>\n\t\t\t\t\t\t\t\t<\/div>\n\t\t\t\t<\/div>\n\t\t\t\t\t<\/div>\n\t\t<\/div>\n\t\t\t\t\t<\/div>\n\t\t<\/section>\n\t\t\t\t<section class=\"elementor-section elementor-top-section elementor-element elementor-element-c3e5694 elementor-section-boxed elementor-section-height-default elementor-section-height-default\" data-id=\"c3e5694\" data-element_type=\"section\" data-e-type=\"section\">\n\t\t\t\t\t\t<div class=\"elementor-container elementor-column-gap-default\">\n\t\t\t\t\t<div class=\"elementor-column elementor-col-100 elementor-top-column elementor-element elementor-element-f76d7a6\" data-id=\"f76d7a6\" data-element_type=\"column\" data-e-type=\"column\">\n\t\t\t<div class=\"elementor-widget-wrap\">\n\t\t\t\t\t\t\t<\/div>\n\t\t<\/div>\n\t\t\t\t\t<\/div>\n\t\t<\/section>\n\t\t\t\t<\/div>\n\t\t","protected":false},"excerpt":{"rendered":"<p>SEPTEMBRE 2023 COMPLET Vendredi 22 \u00e0 20h23 Samedi 23 \u00e0 20h23Dimanche 24 \u00e0 11hPetit d\u00e9jeuner (en option) \u00e0 partir de 9h30 \u00ab\u00a0A profusion\u00a0\u00bb l&rsquo;Orchestre du JourAlice Pierot Anne Parisot \u2022 fl\u00fbte traversi\u00e8reMarine Sablonni\u00e8re \u2022 fl\u00fbte \u00e0 becFreddy Eichelberger \u2022 clavecinAlice Pi\u00e9rot \u2022 violonGuillaume Beaulieu \u2022 fl\u00fbte \u00e0 becFanny Paccoud \u2022 violonEmmanuelle Dauvin \u2022 violonLaeticia Balestro [&hellip;]<\/p>\n","protected":false},"author":1,"featured_media":0,"parent":0,"menu_order":0,"comment_status":"closed","ping_status":"closed","template":"","meta":{"site-sidebar-layout":"right-sidebar","site-content-layout":"page-builder","ast-site-content-layout":"default","site-content-style":"default","site-sidebar-style":"default","ast-global-header-display":"","ast-banner-title-visibility":"","ast-main-header-display":"","ast-hfb-above-header-display":"","ast-hfb-below-header-display":"","ast-hfb-mobile-header-display":"","site-post-title":"","ast-breadcrumbs-content":"","ast-featured-img":"","footer-sml-layout":"disabled","ast-disable-related-posts":"","theme-transparent-header-meta":"default","adv-header-id-meta":"","stick-header-meta":"","header-above-stick-meta":"","header-main-stick-meta":"","header-below-stick-meta":"","astra-migrate-meta-layouts":"default","ast-page-background-enabled":"default","ast-page-background-meta":{"desktop":{"background-color":"","background-image":"","background-repeat":"repeat","background-position":"center center","background-size":"auto","background-attachment":"scroll","background-type":"","background-media":"","overlay-type":"","overlay-color":"","overlay-opacity":"","overlay-gradient":""},"tablet":{"background-color":"","background-image":"","background-repeat":"repeat","background-position":"center center","background-size":"auto","background-attachment":"scroll","background-type":"","background-media":"","overlay-type":"","overlay-color":"","overlay-opacity":"","overlay-gradient":""},"mobile":{"background-color":"","background-image":"","background-repeat":"repeat","background-position":"center center","background-size":"auto","background-attachment":"scroll","background-type":"","background-media":"","overlay-type":"","overlay-color":"","overlay-opacity":"","overlay-gradient":""}},"ast-content-background-meta":{"desktop":{"background-color":"var(--ast-global-color-5)","background-image":"","background-repeat":"repeat","background-position":"center center","background-size":"auto","background-attachment":"scroll","background-type":"","background-media":"","overlay-type":"","overlay-color":"","overlay-opacity":"","overlay-gradient":""},"tablet":{"background-color":"var(--ast-global-color-5)","background-image":"","background-repeat":"repeat","background-position":"center center","background-size":"auto","background-attachment":"scroll","background-type":"","background-media":"","overlay-type":"","overlay-color":"","overlay-opacity":"","overlay-gradient":""},"mobile":{"background-color":"var(--ast-global-color-5)","background-image":"","background-repeat":"repeat","background-position":"center center","background-size":"auto","background-attachment":"scroll","background-type":"","background-media":"","overlay-type":"","overlay-color":"","overlay-opacity":"","overlay-gradient":""}},"footnotes":""},"class_list":["post-6048","page","type-page","status-publish","hentry"],"yoast_head":"<!-- This site is optimized with the Yoast SEO plugin v27.5 - https:\/\/yoast.com\/product\/yoast-seo-wordpress\/ -->\n<title>en savoir + 2023.09.22-23-24 - lacourroie<\/title>\n<meta name=\"description\" content=\"%\" \/>\n<meta name=\"robots\" content=\"index, follow, max-snippet:-1, max-image-preview:large, max-video-preview:-1\" \/>\n<link rel=\"canonical\" href=\"https:\/\/lacourroie.org\/index.php\/en-savoir-2023-09-22-23-24\/\" \/>\n<meta property=\"og:locale\" content=\"fr_FR\" \/>\n<meta property=\"og:type\" content=\"article\" \/>\n<meta property=\"og:title\" content=\"en savoir + 2023.09.22-23-24 - lacourroie\" \/>\n<meta property=\"og:description\" content=\"%\" \/>\n<meta property=\"og:url\" content=\"https:\/\/lacourroie.org\/index.php\/en-savoir-2023-09-22-23-24\/\" \/>\n<meta property=\"og:site_name\" content=\"lacourroie\" \/>\n<meta property=\"article:modified_time\" content=\"2023-09-23T15:46:56+00:00\" \/>\n<meta property=\"og:image\" content=\"https:\/\/lacourroie.org\/wp-content\/uploads\/2023\/09\/4A6EA6F1-AAF8-4468-BCA9-297B8FDFC790_1_105_c-300x225.jpeg\" \/>\n<meta name=\"twitter:card\" content=\"summary_large_image\" \/>\n<meta name=\"twitter:label1\" content=\"Dur\u00e9e de lecture estim\u00e9e\" \/>\n\t<meta name=\"twitter:data1\" content=\"3 minutes\" \/>\n<script type=\"application\/ld+json\" class=\"yoast-schema-graph\">{\"@context\":\"https:\\\/\\\/schema.org\",\"@graph\":[{\"@type\":\"WebPage\",\"@id\":\"https:\\\/\\\/lacourroie.org\\\/index.php\\\/en-savoir-2023-09-22-23-24\\\/\",\"url\":\"https:\\\/\\\/lacourroie.org\\\/index.php\\\/en-savoir-2023-09-22-23-24\\\/\",\"name\":\"en savoir + 2023.09.22-23-24 - lacourroie\",\"isPartOf\":{\"@id\":\"https:\\\/\\\/lacourroie.org\\\/#website\"},\"primaryImageOfPage\":{\"@id\":\"https:\\\/\\\/lacourroie.org\\\/index.php\\\/en-savoir-2023-09-22-23-24\\\/#primaryimage\"},\"image\":{\"@id\":\"https:\\\/\\\/lacourroie.org\\\/index.php\\\/en-savoir-2023-09-22-23-24\\\/#primaryimage\"},\"thumbnailUrl\":\"https:\\\/\\\/lacourroie.org\\\/wp-content\\\/uploads\\\/2023\\\/09\\\/4A6EA6F1-AAF8-4468-BCA9-297B8FDFC790_1_105_c-300x225.jpeg\",\"datePublished\":\"2023-09-11T18:03:13+00:00\",\"dateModified\":\"2023-09-23T15:46:56+00:00\",\"description\":\"%\",\"breadcrumb\":{\"@id\":\"https:\\\/\\\/lacourroie.org\\\/index.php\\\/en-savoir-2023-09-22-23-24\\\/#breadcrumb\"},\"inLanguage\":\"fr-FR\",\"potentialAction\":[{\"@type\":\"ReadAction\",\"target\":[\"https:\\\/\\\/lacourroie.org\\\/index.php\\\/en-savoir-2023-09-22-23-24\\\/\"]}]},{\"@type\":\"ImageObject\",\"inLanguage\":\"fr-FR\",\"@id\":\"https:\\\/\\\/lacourroie.org\\\/index.php\\\/en-savoir-2023-09-22-23-24\\\/#primaryimage\",\"url\":\"https:\\\/\\\/lacourroie.org\\\/wp-content\\\/uploads\\\/2023\\\/09\\\/4A6EA6F1-AAF8-4468-BCA9-297B8FDFC790_1_105_c-300x225.jpeg\",\"contentUrl\":\"https:\\\/\\\/lacourroie.org\\\/wp-content\\\/uploads\\\/2023\\\/09\\\/4A6EA6F1-AAF8-4468-BCA9-297B8FDFC790_1_105_c-300x225.jpeg\"},{\"@type\":\"BreadcrumbList\",\"@id\":\"https:\\\/\\\/lacourroie.org\\\/index.php\\\/en-savoir-2023-09-22-23-24\\\/#breadcrumb\",\"itemListElement\":[{\"@type\":\"ListItem\",\"position\":1,\"name\":\"Accueil\",\"item\":\"https:\\\/\\\/lacourroie.org\\\/\"},{\"@type\":\"ListItem\",\"position\":2,\"name\":\"en savoir + 2023.09.22-23-24\"}]},{\"@type\":\"WebSite\",\"@id\":\"https:\\\/\\\/lacourroie.org\\\/#website\",\"url\":\"https:\\\/\\\/lacourroie.org\\\/\",\"name\":\"lacourroie\",\"description\":\"\",\"publisher\":{\"@id\":\"https:\\\/\\\/lacourroie.org\\\/#organization\"},\"potentialAction\":[{\"@type\":\"SearchAction\",\"target\":{\"@type\":\"EntryPoint\",\"urlTemplate\":\"https:\\\/\\\/lacourroie.org\\\/?s={search_term_string}\"},\"query-input\":{\"@type\":\"PropertyValueSpecification\",\"valueRequired\":true,\"valueName\":\"search_term_string\"}}],\"inLanguage\":\"fr-FR\"},{\"@type\":\"Organization\",\"@id\":\"https:\\\/\\\/lacourroie.org\\\/#organization\",\"name\":\"lacourroie\",\"url\":\"https:\\\/\\\/lacourroie.org\\\/\",\"logo\":{\"@type\":\"ImageObject\",\"inLanguage\":\"fr-FR\",\"@id\":\"https:\\\/\\\/lacourroie.org\\\/#\\\/schema\\\/logo\\\/image\\\/\",\"url\":\"https:\\\/\\\/lacourroie.org\\\/wp-content\\\/uploads\\\/2021\\\/01\\\/cropped-Logo-Courroie-noir@4x.png\",\"contentUrl\":\"https:\\\/\\\/lacourroie.org\\\/wp-content\\\/uploads\\\/2021\\\/01\\\/cropped-Logo-Courroie-noir@4x.png\",\"width\":2286,\"height\":583,\"caption\":\"lacourroie\"},\"image\":{\"@id\":\"https:\\\/\\\/lacourroie.org\\\/#\\\/schema\\\/logo\\\/image\\\/\"}}]}<\/script>\n<!-- \/ Yoast SEO plugin. -->","yoast_head_json":{"title":"en savoir + 2023.09.22-23-24 - lacourroie","description":"%","robots":{"index":"index","follow":"follow","max-snippet":"max-snippet:-1","max-image-preview":"max-image-preview:large","max-video-preview":"max-video-preview:-1"},"canonical":"https:\/\/lacourroie.org\/index.php\/en-savoir-2023-09-22-23-24\/","og_locale":"fr_FR","og_type":"article","og_title":"en savoir + 2023.09.22-23-24 - lacourroie","og_description":"%","og_url":"https:\/\/lacourroie.org\/index.php\/en-savoir-2023-09-22-23-24\/","og_site_name":"lacourroie","article_modified_time":"2023-09-23T15:46:56+00:00","og_image":[{"url":"https:\/\/lacourroie.org\/wp-content\/uploads\/2023\/09\/4A6EA6F1-AAF8-4468-BCA9-297B8FDFC790_1_105_c-300x225.jpeg","type":"","width":"","height":""}],"twitter_card":"summary_large_image","twitter_misc":{"Dur\u00e9e de lecture estim\u00e9e":"3 minutes"},"schema":{"@context":"https:\/\/schema.org","@graph":[{"@type":"WebPage","@id":"https:\/\/lacourroie.org\/index.php\/en-savoir-2023-09-22-23-24\/","url":"https:\/\/lacourroie.org\/index.php\/en-savoir-2023-09-22-23-24\/","name":"en savoir + 2023.09.22-23-24 - lacourroie","isPartOf":{"@id":"https:\/\/lacourroie.org\/#website"},"primaryImageOfPage":{"@id":"https:\/\/lacourroie.org\/index.php\/en-savoir-2023-09-22-23-24\/#primaryimage"},"image":{"@id":"https:\/\/lacourroie.org\/index.php\/en-savoir-2023-09-22-23-24\/#primaryimage"},"thumbnailUrl":"https:\/\/lacourroie.org\/wp-content\/uploads\/2023\/09\/4A6EA6F1-AAF8-4468-BCA9-297B8FDFC790_1_105_c-300x225.jpeg","datePublished":"2023-09-11T18:03:13+00:00","dateModified":"2023-09-23T15:46:56+00:00","description":"%","breadcrumb":{"@id":"https:\/\/lacourroie.org\/index.php\/en-savoir-2023-09-22-23-24\/#breadcrumb"},"inLanguage":"fr-FR","potentialAction":[{"@type":"ReadAction","target":["https:\/\/lacourroie.org\/index.php\/en-savoir-2023-09-22-23-24\/"]}]},{"@type":"ImageObject","inLanguage":"fr-FR","@id":"https:\/\/lacourroie.org\/index.php\/en-savoir-2023-09-22-23-24\/#primaryimage","url":"https:\/\/lacourroie.org\/wp-content\/uploads\/2023\/09\/4A6EA6F1-AAF8-4468-BCA9-297B8FDFC790_1_105_c-300x225.jpeg","contentUrl":"https:\/\/lacourroie.org\/wp-content\/uploads\/2023\/09\/4A6EA6F1-AAF8-4468-BCA9-297B8FDFC790_1_105_c-300x225.jpeg"},{"@type":"BreadcrumbList","@id":"https:\/\/lacourroie.org\/index.php\/en-savoir-2023-09-22-23-24\/#breadcrumb","itemListElement":[{"@type":"ListItem","position":1,"name":"Accueil","item":"https:\/\/lacourroie.org\/"},{"@type":"ListItem","position":2,"name":"en savoir + 2023.09.22-23-24"}]},{"@type":"WebSite","@id":"https:\/\/lacourroie.org\/#website","url":"https:\/\/lacourroie.org\/","name":"lacourroie","description":"","publisher":{"@id":"https:\/\/lacourroie.org\/#organization"},"potentialAction":[{"@type":"SearchAction","target":{"@type":"EntryPoint","urlTemplate":"https:\/\/lacourroie.org\/?s={search_term_string}"},"query-input":{"@type":"PropertyValueSpecification","valueRequired":true,"valueName":"search_term_string"}}],"inLanguage":"fr-FR"},{"@type":"Organization","@id":"https:\/\/lacourroie.org\/#organization","name":"lacourroie","url":"https:\/\/lacourroie.org\/","logo":{"@type":"ImageObject","inLanguage":"fr-FR","@id":"https:\/\/lacourroie.org\/#\/schema\/logo\/image\/","url":"https:\/\/lacourroie.org\/wp-content\/uploads\/2021\/01\/cropped-Logo-Courroie-noir@4x.png","contentUrl":"https:\/\/lacourroie.org\/wp-content\/uploads\/2021\/01\/cropped-Logo-Courroie-noir@4x.png","width":2286,"height":583,"caption":"lacourroie"},"image":{"@id":"https:\/\/lacourroie.org\/#\/schema\/logo\/image\/"}}]}},"_links":{"self":[{"href":"https:\/\/lacourroie.org\/index.php\/wp-json\/wp\/v2\/pages\/6048","targetHints":{"allow":["GET"]}}],"collection":[{"href":"https:\/\/lacourroie.org\/index.php\/wp-json\/wp\/v2\/pages"}],"about":[{"href":"https:\/\/lacourroie.org\/index.php\/wp-json\/wp\/v2\/types\/page"}],"author":[{"embeddable":true,"href":"https:\/\/lacourroie.org\/index.php\/wp-json\/wp\/v2\/users\/1"}],"replies":[{"embeddable":true,"href":"https:\/\/lacourroie.org\/index.php\/wp-json\/wp\/v2\/comments?post=6048"}],"version-history":[{"count":103,"href":"https:\/\/lacourroie.org\/index.php\/wp-json\/wp\/v2\/pages\/6048\/revisions"}],"predecessor-version":[{"id":6210,"href":"https:\/\/lacourroie.org\/index.php\/wp-json\/wp\/v2\/pages\/6048\/revisions\/6210"}],"wp:attachment":[{"href":"https:\/\/lacourroie.org\/index.php\/wp-json\/wp\/v2\/media?parent=6048"}],"curies":[{"name":"wp","href":"https:\/\/api.w.org\/{rel}","templated":true}]}}