{"id":6754,"date":"2024-01-30T23:02:38","date_gmt":"2024-01-30T22:02:38","guid":{"rendered":"https:\/\/lacourroie.org\/?page_id=6754"},"modified":"2024-02-09T23:57:31","modified_gmt":"2024-02-09T22:57:31","slug":"en-savoir-2024-02-10","status":"publish","type":"page","link":"https:\/\/lacourroie.org\/index.php\/en-savoir-2024-02-10\/","title":{"rendered":"en savoir + 2024.02.10"},"content":{"rendered":"\t\t<div data-elementor-type=\"wp-page\" data-elementor-id=\"6754\" class=\"elementor elementor-6754\" data-elementor-post-type=\"page\">\n\t\t\t\t\t\t<section class=\"elementor-section elementor-top-section elementor-element elementor-element-0083417 elementor-section-boxed elementor-section-height-default elementor-section-height-default\" data-id=\"0083417\" data-element_type=\"section\" data-e-type=\"section\">\n\t\t\t\t\t\t<div class=\"elementor-container elementor-column-gap-default\">\n\t\t\t\t\t<div class=\"elementor-column elementor-col-100 elementor-top-column elementor-element elementor-element-259e046\" data-id=\"259e046\" data-element_type=\"column\" data-e-type=\"column\">\n\t\t\t<div class=\"elementor-widget-wrap elementor-element-populated\">\n\t\t\t\t\t\t<section class=\"elementor-section elementor-inner-section elementor-element elementor-element-ef9c36f elementor-section-boxed elementor-section-height-default elementor-section-height-default\" data-id=\"ef9c36f\" data-element_type=\"section\" data-e-type=\"section\">\n\t\t\t\t\t\t<div class=\"elementor-container elementor-column-gap-default\">\n\t\t\t\t\t<div class=\"elementor-column elementor-col-50 elementor-inner-column elementor-element elementor-element-feea8de\" data-id=\"feea8de\" data-element_type=\"column\" data-e-type=\"column\">\n\t\t\t<div class=\"elementor-widget-wrap elementor-element-populated\">\n\t\t\t\t\t\t<div class=\"elementor-element elementor-element-38d678b elementor-widget elementor-widget-heading\" data-id=\"38d678b\" data-element_type=\"widget\" data-e-type=\"widget\" data-widget_type=\"heading.default\">\n\t\t\t\t<div class=\"elementor-widget-container\">\n\t\t\t\t\t<h2 class=\"elementor-heading-title elementor-size-default\">Samedi 10 f\u00e9vrier 2024 \u2022\u00a020h24<\/h2>\t\t\t\t<\/div>\n\t\t\t\t<\/div>\n\t\t\t\t<div class=\"elementor-element elementor-element-42fb6b1 elementor-widget elementor-widget-heading\" data-id=\"42fb6b1\" data-element_type=\"widget\" data-e-type=\"widget\" data-widget_type=\"heading.default\">\n\t\t\t\t<div class=\"elementor-widget-container\">\n\t\t\t\t\t<h3 class=\"elementor-heading-title elementor-size-default\">!! Attention, changement de lieu !!<\/h3>\t\t\t\t<\/div>\n\t\t\t\t<\/div>\n\t\t\t\t<div class=\"elementor-element elementor-element-d515056 elementor-widget elementor-widget-text-editor\" data-id=\"d515056\" data-element_type=\"widget\" data-e-type=\"widget\" data-widget_type=\"text-editor.default\">\n\t\t\t\t<div class=\"elementor-widget-container\">\n\t\t\t\t\t\t\t\t\t<p>Ce Concert aura lieu \u00e0 <strong>la Garance,<\/strong><br \/><strong>Sc\u00e8ne Nationale de Cavaillon<\/strong><br \/>Rue du Languedoc<br \/>84300 Cavaillon<\/p>\t\t\t\t\t\t\t\t<\/div>\n\t\t\t\t<\/div>\n\t\t\t\t<div class=\"elementor-element elementor-element-c7fddaa elementor-widget elementor-widget-heading\" data-id=\"c7fddaa\" data-element_type=\"widget\" data-e-type=\"widget\" data-widget_type=\"heading.default\">\n\t\t\t\t<div class=\"elementor-widget-container\">\n\t\t\t\t\t<h1 class=\"elementor-heading-title elementor-size-large\">OCTOTRIP<\/h1>\t\t\t\t<\/div>\n\t\t\t\t<\/div>\n\t\t\t\t<div class=\"elementor-element elementor-element-797ef82 elementor-widget elementor-widget-image\" data-id=\"797ef82\" data-element_type=\"widget\" data-e-type=\"widget\" data-widget_type=\"image.default\">\n\t\t\t\t<div class=\"elementor-widget-container\">\n\t\t\t\t\t\t\t\t\t\t\t\t\t\t\t<img fetchpriority=\"high\" decoding=\"async\" width=\"768\" height=\"512\" src=\"https:\/\/lacourroie.org\/wp-content\/uploads\/2024\/02\/Octotrip-768x512.jpg\" class=\"attachment-medium_large size-medium_large wp-image-6790\" alt=\"\" srcset=\"https:\/\/lacourroie.org\/wp-content\/uploads\/2024\/02\/Octotrip-768x512.jpg 768w, https:\/\/lacourroie.org\/wp-content\/uploads\/2024\/02\/Octotrip-300x200.jpg 300w, https:\/\/lacourroie.org\/wp-content\/uploads\/2024\/02\/Octotrip-1024x683.jpg 1024w, https:\/\/lacourroie.org\/wp-content\/uploads\/2024\/02\/Octotrip-1536x1024.jpg 1536w, https:\/\/lacourroie.org\/wp-content\/uploads\/2024\/02\/Octotrip-2048x1365.jpg 2048w\" sizes=\"(max-width: 768px) 100vw, 768px\" \/>\t\t\t\t\t\t\t\t\t\t\t\t\t\t\t<\/div>\n\t\t\t\t<\/div>\n\t\t\t\t\t<\/div>\n\t\t<\/div>\n\t\t\t\t<div class=\"elementor-column elementor-col-50 elementor-inner-column elementor-element elementor-element-8d0e4c4\" data-id=\"8d0e4c4\" data-element_type=\"column\" data-e-type=\"column\">\n\t\t\t<div class=\"elementor-widget-wrap elementor-element-populated\">\n\t\t\t\t\t\t<div class=\"elementor-element elementor-element-8803801 elementor-widget elementor-widget-heading\" data-id=\"8803801\" data-element_type=\"widget\" data-e-type=\"widget\" data-widget_type=\"heading.default\">\n\t\t\t\t<div class=\"elementor-widget-container\">\n\t\t\t\t\t<h4 class=\"elementor-heading-title elementor-size-default\">PROGRAMME<\/h4>\t\t\t\t<\/div>\n\t\t\t\t<\/div>\n\t\t\t\t<div class=\"elementor-element elementor-element-86b34c0 elementor-widget elementor-widget-text-editor\" data-id=\"86b34c0\" data-element_type=\"widget\" data-e-type=\"widget\" data-widget_type=\"text-editor.default\">\n\t\t\t\t<div class=\"elementor-widget-container\">\n\t\t\t\t\t\t\t\t\t<p>1\/ <em><strong>Heptatrip<\/strong><\/em> &#8211; Patrice Caratini<br \/>2\/ <em><strong>Allemande<\/strong><\/em> (Partita n\u00b01 BWV 1002) &#8211; <br \/>Johann Sebastian Bach &#8211; Arr. Robinson Khoury <br \/>3\/ <em><strong>Las Cataratas<\/strong><\/em> &#8211; Robinson Khoury <br \/>4\/ <em><strong>Miniature 1<\/strong><\/em> &#8211; Robinson Khoury <br \/>5\/ <em><strong>Rite c\u00e9leste<\/strong><\/em> &#8211; Robinson Khoury <br \/>6\/ <em><strong>Kubism<\/strong><\/em> &#8211; Robinson Khoury <br \/>7\/ <strong><em>Courante<\/em><\/strong> (Partita n\u00b01 BWV 1002) &#8211; <br \/>Johann Sebastian Bach &#8211; Arr. Robinson Khoury <br \/>8\/ <em><strong>Miniature 2<\/strong><\/em> &#8211; Robinson Khoury <br \/>9\/ <em><strong>Simplement<\/strong> <\/em>&#8211; Patrice Caratini<br \/>10\/ <em><strong>Miniature 3<\/strong><\/em>&#8211; Robinson Khoury <br \/>11\/<em><strong>Jerusalem<\/strong><\/em> &#8211; Fran\u00e7ois Chapuis <br \/>12\/ <em><strong>Marguerite et Micheline<\/strong><\/em> &#8211; Bastien Ballaz<br \/>13\/ <em><strong>Lamento<\/strong> <\/em>&#8211; Fran\u00e7ois Chapuis<\/p>\t\t\t\t\t\t\t\t<\/div>\n\t\t\t\t<\/div>\n\t\t\t\t<div class=\"elementor-element elementor-element-60a1ba9 elementor-widget elementor-widget-text-editor\" data-id=\"60a1ba9\" data-element_type=\"widget\" data-e-type=\"widget\" data-widget_type=\"text-editor.default\">\n\t\t\t\t<div class=\"elementor-widget-container\">\n\t\t\t\t\t\t\t\t\t<p><strong>TROMBONE<\/strong><br \/>Charlie Maussion \u2022 Alexis Lahens \u2022 Robinson Khoury \u2022 Fran\u00e7ois Chapuis \u2022 Nicolas Vazquez \u2022 Jules Boittin<br \/><strong>TUBA<\/strong><br \/>Victor Auffray \u2022 Lucas Dessaint<\/p>\t\t\t\t\t\t\t\t<\/div>\n\t\t\t\t<\/div>\n\t\t\t\t\t<\/div>\n\t\t<\/div>\n\t\t\t\t\t<\/div>\n\t\t<\/section>\n\t\t\t\t<div class=\"elementor-element elementor-element-3c4a73b elementor-widget elementor-widget-text-editor\" data-id=\"3c4a73b\" data-element_type=\"widget\" data-e-type=\"widget\" data-widget_type=\"text-editor.default\">\n\t\t\t\t<div class=\"elementor-widget-container\">\n\t\t\t\t\t\t\t\t\t<p><strong>Octotrip<\/strong> incarne une fusion audacieuse de styles, offrant ainsi une exp\u00e9rience musicale riche et novatrice, \u00e0 la crois\u00e9e des traditions et de la cr\u00e9ativit\u00e9 contemporaine tout en cassant les codes de la musique de chambre traditionnelle.<br \/>Originaire des quatre coins de la France, c\u2019est au Conservatoire National de Musique et de Danse de Lyon qu&rsquo;Octotrip se cre\u0301e en 2015. Formation a\u0300 premie\u0300re vue he\u0301te\u0301roclite (six trombones, un euphonium et un tuba), elle se fait une place sur la sce\u0300ne musicale actuelle gr\u00e2ce \u00e0 son style, ses influences et sa coh\u00e9sion.<br \/>Le style de cette formation in\u00e9dite se d\u00e9finit par l\u2019ouverture a\u0300 la diversit\u00e9 des langages musicaux, la d\u00e9fense d\u2019un re\u0301pertoire compose\u0301 exclusivement d\u2019arrangements sur mesure et de cre\u0301ations. Les influences musicales proviennent de la musique classique et contemporaine, mais aussi des musiques improvise\u0301es et du jazz.<br \/>L\u2019envie d\u2019aller plus loin dans la recherche de leur son et dans la constitution d\u2019un re\u0301pertoire original les poussent a\u0300 collaborer avec de grands compositeurs tels que Andy Emler ou Patrice Caratini. Mais aussi aupre\u0300s de jeunes compositeurs franc\u0327ais prometteurs tels que Gabriel Philippot ou Bastien Ballaz ou encore Franc\u0327ois Chapuis et Robinson Khoury. Evoluant depuis 2015 en tant que \u00ab\u00a0simple\u00a0\u00bb octuor, Octotrip a pris un virage important en<br \/>2021 avec la r\u00e9alisation de leur tout premier conte musical, \u00ab\u00a0Myriam &amp; le Verger Merveilleux\u00a0\u00bb, qui allie musique, th\u00e9\u00e2tre et danse, avec la danseuse Lauriane Douchin. Enfin, depuis 2023, Octotrip a donn\u00e9 naissance \u00e0 une nouvelle cr\u00e9ation \u00e9tonnante, \u00ab\u00a0Atrahasis\u00a0\u00bb, aux c\u00f4t\u00e9s de la chanteuse\/vocaliste Le\u00efla Martial et de la percussionniste Anissa Nehari. Un disque issu de cette collaboration para\u00eetra au printemps 2024. <br \/>L&rsquo;ensemble Octotrip est soutenu par la Caisse des D\u00e9p\u00f4ts, la DRAC Auvergne-Rh\u00f4ne-Alpes, la Sacem et AJ Atelier des Cuivres.<\/p>\t\t\t\t\t\t\t\t<\/div>\n\t\t\t\t<\/div>\n\t\t\t\t<div class=\"elementor-element elementor-element-b89b542 elementor-widget elementor-widget-image\" data-id=\"b89b542\" data-element_type=\"widget\" data-e-type=\"widget\" data-widget_type=\"image.default\">\n\t\t\t\t<div class=\"elementor-widget-container\">\n\t\t\t\t\t\t\t\t\t\t\t\t\t\t\t<img decoding=\"async\" width=\"150\" height=\"150\" src=\"https:\/\/lacourroie.org\/wp-content\/uploads\/2024\/02\/logo-la-garance-150x150.jpg\" class=\"attachment-thumbnail size-thumbnail wp-image-6809\" alt=\"\" srcset=\"https:\/\/lacourroie.org\/wp-content\/uploads\/2024\/02\/logo-la-garance-150x150.jpg 150w, https:\/\/lacourroie.org\/wp-content\/uploads\/2024\/02\/logo-la-garance-300x300.jpg 300w, https:\/\/lacourroie.org\/wp-content\/uploads\/2024\/02\/logo-la-garance.jpg 474w\" sizes=\"(max-width: 150px) 100vw, 150px\" \/>\t\t\t\t\t\t\t\t\t\t\t\t\t\t\t<\/div>\n\t\t\t\t<\/div>\n\t\t\t\t\t<\/div>\n\t\t<\/div>\n\t\t\t\t\t<\/div>\n\t\t<\/section>\n\t\t\t\t<section class=\"elementor-section elementor-top-section elementor-element elementor-element-c3e5694 elementor-section-boxed elementor-section-height-default elementor-section-height-default\" data-id=\"c3e5694\" data-element_type=\"section\" data-e-type=\"section\">\n\t\t\t\t\t\t<div class=\"elementor-container elementor-column-gap-default\">\n\t\t\t\t\t<div class=\"elementor-column elementor-col-100 elementor-top-column elementor-element elementor-element-f76d7a6\" data-id=\"f76d7a6\" data-element_type=\"column\" data-e-type=\"column\">\n\t\t\t<div class=\"elementor-widget-wrap elementor-element-populated\">\n\t\t\t\t\t\t<div class=\"elementor-element elementor-element-d8612b3 elementor-align-center elementor-mobile-align-center elementor-tablet-align-center elementor-widget elementor-widget-button\" data-id=\"d8612b3\" data-element_type=\"widget\" data-e-type=\"widget\" data-widget_type=\"button.default\">\n\t\t\t\t<div class=\"elementor-widget-container\">\n\t\t\t\t\t\t\t\t\t<div class=\"elementor-button-wrapper\">\n\t\t\t\t\t<a class=\"elementor-button elementor-button-link elementor-size-xs\" href=\"https:\/\/lacourroie.org\/index.php\/infos-pratiques-urgence\/\" target=\"_blank\" id=\"info\">\n\t\t\t\t\t\t<span class=\"elementor-button-content-wrapper\">\n\t\t\t\t\t\t\t\t\t<span class=\"elementor-button-text\">infos pratiques<\/span>\n\t\t\t\t\t<\/span>\n\t\t\t\t\t<\/a>\n\t\t\t\t<\/div>\n\t\t\t\t\t\t\t\t<\/div>\n\t\t\t\t<\/div>\n\t\t\t\t\t<\/div>\n\t\t<\/div>\n\t\t\t\t\t<\/div>\n\t\t<\/section>\n\t\t\t\t<\/div>\n\t\t","protected":false},"excerpt":{"rendered":"<p>Samedi 10 f\u00e9vrier 2024 \u2022\u00a020h24 !! Attention, changement de lieu !! Ce Concert aura lieu \u00e0 la Garance,Sc\u00e8ne Nationale de CavaillonRue du Languedoc84300 Cavaillon OCTOTRIP PROGRAMME 1\/ Heptatrip &#8211; Patrice Caratini2\/ Allemande (Partita n\u00b01 BWV 1002) &#8211; Johann Sebastian Bach &#8211; Arr. Robinson Khoury 3\/ Las Cataratas &#8211; Robinson Khoury 4\/ Miniature 1 &#8211; Robinson [&hellip;]<\/p>\n","protected":false},"author":1,"featured_media":0,"parent":0,"menu_order":0,"comment_status":"closed","ping_status":"closed","template":"","meta":{"site-sidebar-layout":"right-sidebar","site-content-layout":"page-builder","ast-site-content-layout":"default","site-content-style":"default","site-sidebar-style":"default","ast-global-header-display":"","ast-banner-title-visibility":"","ast-main-header-display":"","ast-hfb-above-header-display":"","ast-hfb-below-header-display":"","ast-hfb-mobile-header-display":"","site-post-title":"","ast-breadcrumbs-content":"","ast-featured-img":"","footer-sml-layout":"disabled","ast-disable-related-posts":"","theme-transparent-header-meta":"default","adv-header-id-meta":"","stick-header-meta":"","header-above-stick-meta":"","header-main-stick-meta":"","header-below-stick-meta":"","astra-migrate-meta-layouts":"default","ast-page-background-enabled":"default","ast-page-background-meta":{"desktop":{"background-color":"","background-image":"","background-repeat":"repeat","background-position":"center center","background-size":"auto","background-attachment":"scroll","background-type":"","background-media":"","overlay-type":"","overlay-color":"","overlay-opacity":"","overlay-gradient":""},"tablet":{"background-color":"","background-image":"","background-repeat":"repeat","background-position":"center center","background-size":"auto","background-attachment":"scroll","background-type":"","background-media":"","overlay-type":"","overlay-color":"","overlay-opacity":"","overlay-gradient":""},"mobile":{"background-color":"","background-image":"","background-repeat":"repeat","background-position":"center center","background-size":"auto","background-attachment":"scroll","background-type":"","background-media":"","overlay-type":"","overlay-color":"","overlay-opacity":"","overlay-gradient":""}},"ast-content-background-meta":{"desktop":{"background-color":"var(--ast-global-color-5)","background-image":"","background-repeat":"repeat","background-position":"center center","background-size":"auto","background-attachment":"scroll","background-type":"","background-media":"","overlay-type":"","overlay-color":"","overlay-opacity":"","overlay-gradient":""},"tablet":{"background-color":"var(--ast-global-color-5)","background-image":"","background-repeat":"repeat","background-position":"center center","background-size":"auto","background-attachment":"scroll","background-type":"","background-media":"","overlay-type":"","overlay-color":"","overlay-opacity":"","overlay-gradient":""},"mobile":{"background-color":"var(--ast-global-color-5)","background-image":"","background-repeat":"repeat","background-position":"center center","background-size":"auto","background-attachment":"scroll","background-type":"","background-media":"","overlay-type":"","overlay-color":"","overlay-opacity":"","overlay-gradient":""}},"footnotes":""},"class_list":["post-6754","page","type-page","status-publish","hentry"],"yoast_head":"<!-- This site is optimized with the Yoast SEO plugin v27.4 - https:\/\/yoast.com\/product\/yoast-seo-wordpress\/ -->\n<title>en savoir + 2024.02.10 - lacourroie<\/title>\n<meta name=\"description\" content=\"%\" \/>\n<meta name=\"robots\" content=\"index, follow, max-snippet:-1, max-image-preview:large, max-video-preview:-1\" \/>\n<link rel=\"canonical\" href=\"https:\/\/lacourroie.org\/index.php\/en-savoir-2024-02-10\/\" \/>\n<meta property=\"og:locale\" content=\"fr_FR\" \/>\n<meta property=\"og:type\" content=\"article\" \/>\n<meta property=\"og:title\" content=\"en savoir + 2024.02.10 - lacourroie\" \/>\n<meta property=\"og:description\" content=\"%\" \/>\n<meta property=\"og:url\" content=\"https:\/\/lacourroie.org\/index.php\/en-savoir-2024-02-10\/\" \/>\n<meta property=\"og:site_name\" content=\"lacourroie\" \/>\n<meta property=\"article:modified_time\" content=\"2024-02-09T22:57:31+00:00\" \/>\n<meta property=\"og:image\" content=\"https:\/\/lacourroie.org\/wp-content\/uploads\/2024\/02\/Octotrip-768x512.jpg\" \/>\n<meta name=\"twitter:card\" content=\"summary_large_image\" \/>\n<meta name=\"twitter:label1\" content=\"Dur\u00e9e de lecture estim\u00e9e\" \/>\n\t<meta name=\"twitter:data1\" content=\"3 minutes\" \/>\n<script type=\"application\/ld+json\" class=\"yoast-schema-graph\">{\"@context\":\"https:\\\/\\\/schema.org\",\"@graph\":[{\"@type\":\"WebPage\",\"@id\":\"https:\\\/\\\/lacourroie.org\\\/index.php\\\/en-savoir-2024-02-10\\\/\",\"url\":\"https:\\\/\\\/lacourroie.org\\\/index.php\\\/en-savoir-2024-02-10\\\/\",\"name\":\"en savoir + 2024.02.10 - lacourroie\",\"isPartOf\":{\"@id\":\"https:\\\/\\\/lacourroie.org\\\/#website\"},\"primaryImageOfPage\":{\"@id\":\"https:\\\/\\\/lacourroie.org\\\/index.php\\\/en-savoir-2024-02-10\\\/#primaryimage\"},\"image\":{\"@id\":\"https:\\\/\\\/lacourroie.org\\\/index.php\\\/en-savoir-2024-02-10\\\/#primaryimage\"},\"thumbnailUrl\":\"https:\\\/\\\/lacourroie.org\\\/wp-content\\\/uploads\\\/2024\\\/02\\\/Octotrip-768x512.jpg\",\"datePublished\":\"2024-01-30T22:02:38+00:00\",\"dateModified\":\"2024-02-09T22:57:31+00:00\",\"description\":\"%\",\"breadcrumb\":{\"@id\":\"https:\\\/\\\/lacourroie.org\\\/index.php\\\/en-savoir-2024-02-10\\\/#breadcrumb\"},\"inLanguage\":\"fr-FR\",\"potentialAction\":[{\"@type\":\"ReadAction\",\"target\":[\"https:\\\/\\\/lacourroie.org\\\/index.php\\\/en-savoir-2024-02-10\\\/\"]}]},{\"@type\":\"ImageObject\",\"inLanguage\":\"fr-FR\",\"@id\":\"https:\\\/\\\/lacourroie.org\\\/index.php\\\/en-savoir-2024-02-10\\\/#primaryimage\",\"url\":\"https:\\\/\\\/lacourroie.org\\\/wp-content\\\/uploads\\\/2024\\\/02\\\/Octotrip-scaled.jpg\",\"contentUrl\":\"https:\\\/\\\/lacourroie.org\\\/wp-content\\\/uploads\\\/2024\\\/02\\\/Octotrip-scaled.jpg\",\"width\":2560,\"height\":1706},{\"@type\":\"BreadcrumbList\",\"@id\":\"https:\\\/\\\/lacourroie.org\\\/index.php\\\/en-savoir-2024-02-10\\\/#breadcrumb\",\"itemListElement\":[{\"@type\":\"ListItem\",\"position\":1,\"name\":\"Accueil\",\"item\":\"https:\\\/\\\/lacourroie.org\\\/\"},{\"@type\":\"ListItem\",\"position\":2,\"name\":\"en savoir + 2024.02.10\"}]},{\"@type\":\"WebSite\",\"@id\":\"https:\\\/\\\/lacourroie.org\\\/#website\",\"url\":\"https:\\\/\\\/lacourroie.org\\\/\",\"name\":\"lacourroie\",\"description\":\"\",\"publisher\":{\"@id\":\"https:\\\/\\\/lacourroie.org\\\/#organization\"},\"potentialAction\":[{\"@type\":\"SearchAction\",\"target\":{\"@type\":\"EntryPoint\",\"urlTemplate\":\"https:\\\/\\\/lacourroie.org\\\/?s={search_term_string}\"},\"query-input\":{\"@type\":\"PropertyValueSpecification\",\"valueRequired\":true,\"valueName\":\"search_term_string\"}}],\"inLanguage\":\"fr-FR\"},{\"@type\":\"Organization\",\"@id\":\"https:\\\/\\\/lacourroie.org\\\/#organization\",\"name\":\"lacourroie\",\"url\":\"https:\\\/\\\/lacourroie.org\\\/\",\"logo\":{\"@type\":\"ImageObject\",\"inLanguage\":\"fr-FR\",\"@id\":\"https:\\\/\\\/lacourroie.org\\\/#\\\/schema\\\/logo\\\/image\\\/\",\"url\":\"https:\\\/\\\/lacourroie.org\\\/wp-content\\\/uploads\\\/2021\\\/01\\\/cropped-Logo-Courroie-noir@4x.png\",\"contentUrl\":\"https:\\\/\\\/lacourroie.org\\\/wp-content\\\/uploads\\\/2021\\\/01\\\/cropped-Logo-Courroie-noir@4x.png\",\"width\":2286,\"height\":583,\"caption\":\"lacourroie\"},\"image\":{\"@id\":\"https:\\\/\\\/lacourroie.org\\\/#\\\/schema\\\/logo\\\/image\\\/\"}}]}<\/script>\n<!-- \/ Yoast SEO plugin. -->","yoast_head_json":{"title":"en savoir + 2024.02.10 - lacourroie","description":"%","robots":{"index":"index","follow":"follow","max-snippet":"max-snippet:-1","max-image-preview":"max-image-preview:large","max-video-preview":"max-video-preview:-1"},"canonical":"https:\/\/lacourroie.org\/index.php\/en-savoir-2024-02-10\/","og_locale":"fr_FR","og_type":"article","og_title":"en savoir + 2024.02.10 - lacourroie","og_description":"%","og_url":"https:\/\/lacourroie.org\/index.php\/en-savoir-2024-02-10\/","og_site_name":"lacourroie","article_modified_time":"2024-02-09T22:57:31+00:00","og_image":[{"url":"https:\/\/lacourroie.org\/wp-content\/uploads\/2024\/02\/Octotrip-768x512.jpg","type":"","width":"","height":""}],"twitter_card":"summary_large_image","twitter_misc":{"Dur\u00e9e de lecture estim\u00e9e":"3 minutes"},"schema":{"@context":"https:\/\/schema.org","@graph":[{"@type":"WebPage","@id":"https:\/\/lacourroie.org\/index.php\/en-savoir-2024-02-10\/","url":"https:\/\/lacourroie.org\/index.php\/en-savoir-2024-02-10\/","name":"en savoir + 2024.02.10 - lacourroie","isPartOf":{"@id":"https:\/\/lacourroie.org\/#website"},"primaryImageOfPage":{"@id":"https:\/\/lacourroie.org\/index.php\/en-savoir-2024-02-10\/#primaryimage"},"image":{"@id":"https:\/\/lacourroie.org\/index.php\/en-savoir-2024-02-10\/#primaryimage"},"thumbnailUrl":"https:\/\/lacourroie.org\/wp-content\/uploads\/2024\/02\/Octotrip-768x512.jpg","datePublished":"2024-01-30T22:02:38+00:00","dateModified":"2024-02-09T22:57:31+00:00","description":"%","breadcrumb":{"@id":"https:\/\/lacourroie.org\/index.php\/en-savoir-2024-02-10\/#breadcrumb"},"inLanguage":"fr-FR","potentialAction":[{"@type":"ReadAction","target":["https:\/\/lacourroie.org\/index.php\/en-savoir-2024-02-10\/"]}]},{"@type":"ImageObject","inLanguage":"fr-FR","@id":"https:\/\/lacourroie.org\/index.php\/en-savoir-2024-02-10\/#primaryimage","url":"https:\/\/lacourroie.org\/wp-content\/uploads\/2024\/02\/Octotrip-scaled.jpg","contentUrl":"https:\/\/lacourroie.org\/wp-content\/uploads\/2024\/02\/Octotrip-scaled.jpg","width":2560,"height":1706},{"@type":"BreadcrumbList","@id":"https:\/\/lacourroie.org\/index.php\/en-savoir-2024-02-10\/#breadcrumb","itemListElement":[{"@type":"ListItem","position":1,"name":"Accueil","item":"https:\/\/lacourroie.org\/"},{"@type":"ListItem","position":2,"name":"en savoir + 2024.02.10"}]},{"@type":"WebSite","@id":"https:\/\/lacourroie.org\/#website","url":"https:\/\/lacourroie.org\/","name":"lacourroie","description":"","publisher":{"@id":"https:\/\/lacourroie.org\/#organization"},"potentialAction":[{"@type":"SearchAction","target":{"@type":"EntryPoint","urlTemplate":"https:\/\/lacourroie.org\/?s={search_term_string}"},"query-input":{"@type":"PropertyValueSpecification","valueRequired":true,"valueName":"search_term_string"}}],"inLanguage":"fr-FR"},{"@type":"Organization","@id":"https:\/\/lacourroie.org\/#organization","name":"lacourroie","url":"https:\/\/lacourroie.org\/","logo":{"@type":"ImageObject","inLanguage":"fr-FR","@id":"https:\/\/lacourroie.org\/#\/schema\/logo\/image\/","url":"https:\/\/lacourroie.org\/wp-content\/uploads\/2021\/01\/cropped-Logo-Courroie-noir@4x.png","contentUrl":"https:\/\/lacourroie.org\/wp-content\/uploads\/2021\/01\/cropped-Logo-Courroie-noir@4x.png","width":2286,"height":583,"caption":"lacourroie"},"image":{"@id":"https:\/\/lacourroie.org\/#\/schema\/logo\/image\/"}}]}},"_links":{"self":[{"href":"https:\/\/lacourroie.org\/index.php\/wp-json\/wp\/v2\/pages\/6754","targetHints":{"allow":["GET"]}}],"collection":[{"href":"https:\/\/lacourroie.org\/index.php\/wp-json\/wp\/v2\/pages"}],"about":[{"href":"https:\/\/lacourroie.org\/index.php\/wp-json\/wp\/v2\/types\/page"}],"author":[{"embeddable":true,"href":"https:\/\/lacourroie.org\/index.php\/wp-json\/wp\/v2\/users\/1"}],"replies":[{"embeddable":true,"href":"https:\/\/lacourroie.org\/index.php\/wp-json\/wp\/v2\/comments?post=6754"}],"version-history":[{"count":47,"href":"https:\/\/lacourroie.org\/index.php\/wp-json\/wp\/v2\/pages\/6754\/revisions"}],"predecessor-version":[{"id":6845,"href":"https:\/\/lacourroie.org\/index.php\/wp-json\/wp\/v2\/pages\/6754\/revisions\/6845"}],"wp:attachment":[{"href":"https:\/\/lacourroie.org\/index.php\/wp-json\/wp\/v2\/media?parent=6754"}],"curies":[{"name":"wp","href":"https:\/\/api.w.org\/{rel}","templated":true}]}}