{"id":7399,"date":"2024-05-22T15:40:57","date_gmt":"2024-05-22T13:40:57","guid":{"rendered":"https:\/\/lacourroie.org\/?page_id=7399"},"modified":"2024-06-07T17:32:29","modified_gmt":"2024-06-07T15:32:29","slug":"en-savoir-2024-06-07-08","status":"publish","type":"page","link":"https:\/\/lacourroie.org\/index.php\/en-savoir-2024-06-07-08\/","title":{"rendered":"en savoir + 2024.06.07-08"},"content":{"rendered":"\t\t<div data-elementor-type=\"wp-page\" data-elementor-id=\"7399\" class=\"elementor elementor-7399\" data-elementor-post-type=\"page\">\n\t\t\t\t\t\t<section class=\"elementor-section elementor-top-section elementor-element elementor-element-0083417 elementor-section-boxed elementor-section-height-default elementor-section-height-default\" data-id=\"0083417\" data-element_type=\"section\" data-e-type=\"section\">\n\t\t\t\t\t\t<div class=\"elementor-container elementor-column-gap-default\">\n\t\t\t\t\t<div class=\"elementor-column elementor-col-100 elementor-top-column elementor-element elementor-element-259e046\" data-id=\"259e046\" data-element_type=\"column\" data-e-type=\"column\">\n\t\t\t<div class=\"elementor-widget-wrap elementor-element-populated\">\n\t\t\t\t\t\t<section class=\"elementor-section elementor-inner-section elementor-element elementor-element-ef9c36f elementor-section-boxed elementor-section-height-default elementor-section-height-default\" data-id=\"ef9c36f\" data-element_type=\"section\" data-e-type=\"section\">\n\t\t\t\t\t\t<div class=\"elementor-container elementor-column-gap-default\">\n\t\t\t\t\t<div class=\"elementor-column elementor-col-50 elementor-inner-column elementor-element elementor-element-feea8de\" data-id=\"feea8de\" data-element_type=\"column\" data-e-type=\"column\">\n\t\t\t<div class=\"elementor-widget-wrap elementor-element-populated\">\n\t\t\t\t\t\t<div class=\"elementor-element elementor-element-5f41566 elementor-widget elementor-widget-heading\" data-id=\"5f41566\" data-element_type=\"widget\" data-e-type=\"widget\" data-widget_type=\"heading.default\">\n\t\t\t\t<div class=\"elementor-widget-container\">\n\t\t\t\t\t<h3 class=\"elementor-heading-title elementor-size-default\">Vendredi 7 JUIN \u00e0 20h24<\/h3>\t\t\t\t<\/div>\n\t\t\t\t<\/div>\n\t\t\t\t<div class=\"elementor-element elementor-element-b9ba36a elementor-widget elementor-widget-heading\" data-id=\"b9ba36a\" data-element_type=\"widget\" data-e-type=\"widget\" data-widget_type=\"heading.default\">\n\t\t\t\t<div class=\"elementor-widget-container\">\n\t\t\t\t\t<h3 class=\"elementor-heading-title elementor-size-default\">Samedi 8 JUIN \u00e0 20h24<\/h3>\t\t\t\t<\/div>\n\t\t\t\t<\/div>\n\t\t\t\t<div class=\"elementor-element elementor-element-7daa23c elementor-widget elementor-widget-heading\" data-id=\"7daa23c\" data-element_type=\"widget\" data-e-type=\"widget\" data-widget_type=\"heading.default\">\n\t\t\t\t<div class=\"elementor-widget-container\">\n\t\t\t\t\t<h1 class=\"elementor-heading-title elementor-size-default\">A WEB A LIMB A WIRE<\/h1>\t\t\t\t<\/div>\n\t\t\t\t<\/div>\n\t\t\t\t<div class=\"elementor-element elementor-element-6766d6c elementor-widget elementor-widget-heading\" data-id=\"6766d6c\" data-element_type=\"widget\" data-e-type=\"widget\" data-widget_type=\"heading.default\">\n\t\t\t\t<div class=\"elementor-widget-container\">\n\t\t\t\t\t<h3 class=\"elementor-heading-title elementor-size-default\">de Lo\u00efc Gu\u00e9nin<\/h3>\t\t\t\t<\/div>\n\t\t\t\t<\/div>\n\t\t\t\t<div class=\"elementor-element elementor-element-2039b1d elementor-widget elementor-widget-text-editor\" data-id=\"2039b1d\" data-element_type=\"widget\" data-e-type=\"widget\" data-widget_type=\"text-editor.default\">\n\t\t\t\t<div class=\"elementor-widget-container\">\n\t\t\t\t\t\t\t\t\t<p><strong>Elsa Balas<\/strong> \u2022 alto<br \/><strong>Shao Wei Chou<\/strong> \u2022 fl\u00fbte<br \/><strong>Luc Dedreuil<\/strong> \u2022 violoncelle<br \/><strong>Xavier Charles<\/strong> \u2022 clarinette<br \/><strong>Maxime Echardour<\/strong> \u2022 percussions<br \/><strong>Lo\u00efc Gu\u00e9nin<\/strong> \u2022 Composition, claviers analogiques<br \/><strong>Eric Brochard<\/strong> \u2022 P\u00e9dales d&rsquo;effet, laptop, patch max msp<\/p>\t\t\t\t\t\t\t\t<\/div>\n\t\t\t\t<\/div>\n\t\t\t\t<div class=\"elementor-element elementor-element-6a6b481 elementor-widget elementor-widget-image\" data-id=\"6a6b481\" data-element_type=\"widget\" data-e-type=\"widget\" data-widget_type=\"image.default\">\n\t\t\t\t<div class=\"elementor-widget-container\">\n\t\t\t\t\t\t\t\t\t\t\t\t\t\t\t<img fetchpriority=\"high\" decoding=\"async\" width=\"532\" height=\"354\" src=\"https:\/\/lacourroie.org\/wp-content\/uploads\/2024\/05\/aWeb\u00a9V.Beaume-1.jpg\" class=\"attachment-medium_large size-medium_large wp-image-7448\" alt=\"\" srcset=\"https:\/\/lacourroie.org\/wp-content\/uploads\/2024\/05\/aWeb\u00a9V.Beaume-1.jpg 532w, https:\/\/lacourroie.org\/wp-content\/uploads\/2024\/05\/aWeb\u00a9V.Beaume-1-300x200.jpg 300w\" sizes=\"(max-width: 532px) 100vw, 532px\" \/>\t\t\t\t\t\t\t\t\t\t\t\t\t\t\t<\/div>\n\t\t\t\t<\/div>\n\t\t\t\t<div class=\"elementor-element elementor-element-7696047 elementor-widget elementor-widget-text-editor\" data-id=\"7696047\" data-element_type=\"widget\" data-e-type=\"widget\" data-widget_type=\"text-editor.default\">\n\t\t\t\t<div class=\"elementor-widget-container\">\n\t\t\t\t\t\t\t\t\t<p><strong>Thierry Llorens<\/strong> \u2022 R\u00e9gie g\u00e9n\u00e9rale et technique<br \/><strong>Fany Ridel<\/strong> \u2022 Production, repas, gestion sur site<br \/><strong>No\u00e9mie Kubnick<\/strong> \u2022 M\u00e9diation, repas, gestion sur site<\/p>\t\t\t\t\t\t\t\t<\/div>\n\t\t\t\t<\/div>\n\t\t\t\t\t<\/div>\n\t\t<\/div>\n\t\t\t\t<div class=\"elementor-column elementor-col-50 elementor-inner-column elementor-element elementor-element-8d0e4c4\" data-id=\"8d0e4c4\" data-element_type=\"column\" data-e-type=\"column\">\n\t\t\t<div class=\"elementor-widget-wrap elementor-element-populated\">\n\t\t\t\t\t\t<div class=\"elementor-element elementor-element-5610c23 elementor-widget elementor-widget-image\" data-id=\"5610c23\" data-element_type=\"widget\" data-e-type=\"widget\" data-widget_type=\"image.default\">\n\t\t\t\t<div class=\"elementor-widget-container\">\n\t\t\t\t\t\t\t\t\t\t\t\t\t\t\t<img decoding=\"async\" width=\"768\" height=\"768\" src=\"https:\/\/lacourroie.org\/wp-content\/uploads\/2024\/05\/LoicGuenin3\u00a9PatrickGherdoussi-768x768.jpg\" class=\"attachment-medium_large size-medium_large wp-image-7466\" alt=\"\" srcset=\"https:\/\/lacourroie.org\/wp-content\/uploads\/2024\/05\/LoicGuenin3\u00a9PatrickGherdoussi-768x768.jpg 768w, https:\/\/lacourroie.org\/wp-content\/uploads\/2024\/05\/LoicGuenin3\u00a9PatrickGherdoussi-300x300.jpg 300w, https:\/\/lacourroie.org\/wp-content\/uploads\/2024\/05\/LoicGuenin3\u00a9PatrickGherdoussi-1024x1024.jpg 1024w, https:\/\/lacourroie.org\/wp-content\/uploads\/2024\/05\/LoicGuenin3\u00a9PatrickGherdoussi-150x150.jpg 150w, https:\/\/lacourroie.org\/wp-content\/uploads\/2024\/05\/LoicGuenin3\u00a9PatrickGherdoussi.jpg 1396w\" sizes=\"(max-width: 768px) 100vw, 768px\" \/>\t\t\t\t\t\t\t\t\t\t\t\t\t\t\t<\/div>\n\t\t\t\t<\/div>\n\t\t\t\t<div class=\"elementor-element elementor-element-63153e5 elementor-widget elementor-widget-text-editor\" data-id=\"63153e5\" data-element_type=\"widget\" data-e-type=\"widget\" data-widget_type=\"text-editor.default\">\n\t\t\t\t<div class=\"elementor-widget-container\">\n\t\t\t\t\t\t\t\t\t<p>Dans cette nouvelle pi\u00e8ce, je souhaite op\u00e9rer une fusion entre l\u2019\u00e9lectronique analogique et les instruments acoustiques en travaillant la mati\u00e8re par couches successives, \u00e9paisseurs, telle une coupe profonde au coeur du son.<br \/>Cette pi\u00e8ce visera \u00e0 plonger l\u2019auditeur dans un \u00e9coute immersive. Telle une toile (a web) tiss\u00e9e d\u2019un seul et m\u00eame fil (a wire), je chercherai \u00e0 cr\u00e9er une mati\u00e8re fine et solide \u00e0 la fois, en suivant un principe de construction \u00e9manant de la nature sauvage, telle la surface d\u2019une feuille (a limb), la canop\u00e9e d\u2019une for\u00eat dense ou encore la couche sup\u00e9rieure d\u2019un oc\u00e9an..<br \/>Petites touches sonores, effets de r\u00e9p\u00e9tition minimalistes, mati\u00e8res superpos\u00e9es.. <br \/>Chaque instrumentiste, ainsi que les deux \u00e9lectroniciens,travailleront au millim\u00e8tre une partition qui m\u00ealera \u00e9criture graphique et \u00e9criture plus classique.<br \/>Chacun sera r\u00e9uni par le temps, ma\u00eetre des lieux, permettant \u00e0 une partition s\u00e9par\u00e9e de g\u00e9rer la multi-diffusion 6 points en temps r\u00e9el.<br \/>Je souhaite inviter le public \u00e0 l\u2019exp\u00e9rience de la pleine \u00e9coute. Les accompagner vers un l\u00e2cher-prise permettant de (re)d\u00e9couvrir le son comme \u00e9l\u00e9ment d\u2019un tout.<br \/>Ouvrir les oreilles au maximum pour laisser la musique op\u00e9rer.<br \/><i>Lo\u00efc Gu\u00e9nin<\/i><\/p>\t\t\t\t\t\t\t\t<\/div>\n\t\t\t\t<\/div>\n\t\t\t\t\t<\/div>\n\t\t<\/div>\n\t\t\t\t\t<\/div>\n\t\t<\/section>\n\t\t\t\t<div class=\"elementor-element elementor-element-70d0725 elementor-widget elementor-widget-text-editor\" data-id=\"70d0725\" data-element_type=\"widget\" data-e-type=\"widget\" data-widget_type=\"text-editor.default\">\n\t\t\t\t<div class=\"elementor-widget-container\">\n\t\t\t\t\t\t\t\t\t<p>Le compositeur <strong>Lo\u00efc Gu\u00e9nin,<\/strong> n\u00e9 en 1976, conduit une recherche personnelle sur le son, l\u2019\u00e9coute et l\u2019\u00e9criture musicale contemporaine. Il travaille sur la relation entre les architectures, les environnements naturels, urbains, sociologiques et sonores, et le sens de l\u2019\u00e9coute d\u00e9velopp\u00e9 par chacun\u00b7e.<br \/>Il assure la direction artistique de sa compagnie, Le Phare \u00e0 Lucioles, qui produit et diffuse ses cr\u00e9ations aux \u00e9chelles nationale et internationale, ainsi que du M![lieu], lieu en devenir implant\u00e9 \u00e0 Sault et v\u00e9ritable laboratoire d\u00e9di\u00e9 aux \u00e9critures contemporaines en milieu rural.<br \/>Depuis 2010, il a produit une s\u00e9rie d\u2019oeuvres intitul\u00e9e WALDEN [un lieu] (en r\u00e9f\u00e9rence \u00e0 l&rsquo;ouvrage de H. D. Thoreau), \u00e9crites pour les ensembles C Barr\u00e9, Ars Nova, l&rsquo;Instant Donn\u00e9 ou intercontemporain, sur des commandes du GMEM-CNCM de Marseille, de l\u2019Abbaye de Noirlac, de la Fondation Royaumont ou encore de la Philharmonie de Paris. Ses nouveaux projets approchent le th\u00e9\u00e2tre musical, l\u2019art lyrique, la danse et la po\u00e9sie.<br \/>Curieux de g\u00e9n\u00e9rer des rencontres artistiques pluridisciplinaires, il travaille notamment avec le Quatuor B\u00e9la, Bertrand Cuiller, Alice Pi\u00e9rot, Elise Chauvin, Julien Desprez, Eric Brochard et Arthur H.<br \/>Apr\u00e8s avoir \u00e9t\u00e9 compositeur associ\u00e9 \u00e0 la Cit\u00e9 Musicale de Metz, il est depuis septembre 2021 artiste associ\u00e9 au ZEF &#8211; sc\u00e8ne nationale de Marseille.<\/p>\t\t\t\t\t\t\t\t<\/div>\n\t\t\t\t<\/div>\n\t\t\t\t<div class=\"elementor-element elementor-element-d8612b3 elementor-align-center elementor-mobile-align-center elementor-tablet-align-center elementor-widget elementor-widget-button\" data-id=\"d8612b3\" data-element_type=\"widget\" data-e-type=\"widget\" data-widget_type=\"button.default\">\n\t\t\t\t<div class=\"elementor-widget-container\">\n\t\t\t\t\t\t\t\t\t<div class=\"elementor-button-wrapper\">\n\t\t\t\t\t<a class=\"elementor-button elementor-button-link elementor-size-xs\" href=\"https:\/\/lacourroie.org\/index.php\/info\/\" target=\"_blank\" id=\"info\">\n\t\t\t\t\t\t<span class=\"elementor-button-content-wrapper\">\n\t\t\t\t\t\t\t\t\t<span class=\"elementor-button-text\">infos pratiques<\/span>\n\t\t\t\t\t<\/span>\n\t\t\t\t\t<\/a>\n\t\t\t\t<\/div>\n\t\t\t\t\t\t\t\t<\/div>\n\t\t\t\t<\/div>\n\t\t\t\t\t<\/div>\n\t\t<\/div>\n\t\t\t\t\t<\/div>\n\t\t<\/section>\n\t\t\t\t<section class=\"elementor-section elementor-top-section elementor-element elementor-element-12aea3b elementor-section-boxed elementor-section-height-default elementor-section-height-default\" data-id=\"12aea3b\" data-element_type=\"section\" data-e-type=\"section\">\n\t\t\t\t\t\t<div class=\"elementor-container elementor-column-gap-default\">\n\t\t\t\t\t<div class=\"elementor-column elementor-col-100 elementor-top-column elementor-element elementor-element-d005198\" data-id=\"d005198\" data-element_type=\"column\" data-e-type=\"column\">\n\t\t\t<div class=\"elementor-widget-wrap\">\n\t\t\t\t\t\t\t<\/div>\n\t\t<\/div>\n\t\t\t\t\t<\/div>\n\t\t<\/section>\n\t\t\t\t<\/div>\n\t\t","protected":false},"excerpt":{"rendered":"<p>Vendredi 7 JUIN \u00e0 20h24 Samedi 8 JUIN \u00e0 20h24 A WEB A LIMB A WIRE de Lo\u00efc Gu\u00e9nin Elsa Balas \u2022 altoShao Wei Chou \u2022 fl\u00fbteLuc Dedreuil \u2022 violoncelleXavier Charles \u2022 clarinetteMaxime Echardour \u2022 percussionsLo\u00efc Gu\u00e9nin \u2022 Composition, claviers analogiquesEric Brochard \u2022 P\u00e9dales d&rsquo;effet, laptop, patch max msp Thierry Llorens \u2022 R\u00e9gie g\u00e9n\u00e9rale et [&hellip;]<\/p>\n","protected":false},"author":1,"featured_media":0,"parent":0,"menu_order":0,"comment_status":"closed","ping_status":"closed","template":"","meta":{"site-sidebar-layout":"right-sidebar","site-content-layout":"page-builder","ast-site-content-layout":"default","site-content-style":"default","site-sidebar-style":"default","ast-global-header-display":"","ast-banner-title-visibility":"","ast-main-header-display":"","ast-hfb-above-header-display":"","ast-hfb-below-header-display":"","ast-hfb-mobile-header-display":"","site-post-title":"","ast-breadcrumbs-content":"","ast-featured-img":"","footer-sml-layout":"disabled","ast-disable-related-posts":"","theme-transparent-header-meta":"default","adv-header-id-meta":"","stick-header-meta":"","header-above-stick-meta":"","header-main-stick-meta":"","header-below-stick-meta":"","astra-migrate-meta-layouts":"default","ast-page-background-enabled":"default","ast-page-background-meta":{"desktop":{"background-color":"","background-image":"","background-repeat":"repeat","background-position":"center center","background-size":"auto","background-attachment":"scroll","background-type":"","background-media":"","overlay-type":"","overlay-color":"","overlay-opacity":"","overlay-gradient":""},"tablet":{"background-color":"","background-image":"","background-repeat":"repeat","background-position":"center center","background-size":"auto","background-attachment":"scroll","background-type":"","background-media":"","overlay-type":"","overlay-color":"","overlay-opacity":"","overlay-gradient":""},"mobile":{"background-color":"","background-image":"","background-repeat":"repeat","background-position":"center center","background-size":"auto","background-attachment":"scroll","background-type":"","background-media":"","overlay-type":"","overlay-color":"","overlay-opacity":"","overlay-gradient":""}},"ast-content-background-meta":{"desktop":{"background-color":"var(--ast-global-color-5)","background-image":"","background-repeat":"repeat","background-position":"center center","background-size":"auto","background-attachment":"scroll","background-type":"","background-media":"","overlay-type":"","overlay-color":"","overlay-opacity":"","overlay-gradient":""},"tablet":{"background-color":"var(--ast-global-color-5)","background-image":"","background-repeat":"repeat","background-position":"center center","background-size":"auto","background-attachment":"scroll","background-type":"","background-media":"","overlay-type":"","overlay-color":"","overlay-opacity":"","overlay-gradient":""},"mobile":{"background-color":"var(--ast-global-color-5)","background-image":"","background-repeat":"repeat","background-position":"center center","background-size":"auto","background-attachment":"scroll","background-type":"","background-media":"","overlay-type":"","overlay-color":"","overlay-opacity":"","overlay-gradient":""}},"footnotes":""},"class_list":["post-7399","page","type-page","status-publish","hentry"],"yoast_head":"<!-- This site is optimized with the Yoast SEO plugin v27.5 - https:\/\/yoast.com\/product\/yoast-seo-wordpress\/ -->\n<title>en savoir + 2024.06.07-08 - lacourroie<\/title>\n<meta name=\"description\" content=\"%\" \/>\n<meta name=\"robots\" content=\"index, follow, max-snippet:-1, max-image-preview:large, max-video-preview:-1\" \/>\n<link rel=\"canonical\" href=\"https:\/\/lacourroie.org\/index.php\/en-savoir-2024-06-07-08\/\" \/>\n<meta property=\"og:locale\" content=\"fr_FR\" \/>\n<meta property=\"og:type\" content=\"article\" \/>\n<meta property=\"og:title\" content=\"en savoir + 2024.06.07-08 - lacourroie\" \/>\n<meta property=\"og:description\" content=\"%\" \/>\n<meta property=\"og:url\" content=\"https:\/\/lacourroie.org\/index.php\/en-savoir-2024-06-07-08\/\" \/>\n<meta property=\"og:site_name\" content=\"lacourroie\" \/>\n<meta property=\"article:modified_time\" content=\"2024-06-07T15:32:29+00:00\" \/>\n<meta name=\"twitter:card\" content=\"summary_large_image\" \/>\n<meta name=\"twitter:label1\" content=\"Dur\u00e9e de lecture estim\u00e9e\" \/>\n\t<meta name=\"twitter:data1\" content=\"3 minutes\" \/>\n<script type=\"application\/ld+json\" class=\"yoast-schema-graph\">{\"@context\":\"https:\\\/\\\/schema.org\",\"@graph\":[{\"@type\":\"WebPage\",\"@id\":\"https:\\\/\\\/lacourroie.org\\\/index.php\\\/en-savoir-2024-06-07-08\\\/\",\"url\":\"https:\\\/\\\/lacourroie.org\\\/index.php\\\/en-savoir-2024-06-07-08\\\/\",\"name\":\"en savoir + 2024.06.07-08 - lacourroie\",\"isPartOf\":{\"@id\":\"https:\\\/\\\/lacourroie.org\\\/#website\"},\"datePublished\":\"2024-05-22T13:40:57+00:00\",\"dateModified\":\"2024-06-07T15:32:29+00:00\",\"description\":\"%\",\"breadcrumb\":{\"@id\":\"https:\\\/\\\/lacourroie.org\\\/index.php\\\/en-savoir-2024-06-07-08\\\/#breadcrumb\"},\"inLanguage\":\"fr-FR\",\"potentialAction\":[{\"@type\":\"ReadAction\",\"target\":[\"https:\\\/\\\/lacourroie.org\\\/index.php\\\/en-savoir-2024-06-07-08\\\/\"]}]},{\"@type\":\"BreadcrumbList\",\"@id\":\"https:\\\/\\\/lacourroie.org\\\/index.php\\\/en-savoir-2024-06-07-08\\\/#breadcrumb\",\"itemListElement\":[{\"@type\":\"ListItem\",\"position\":1,\"name\":\"Accueil\",\"item\":\"https:\\\/\\\/lacourroie.org\\\/\"},{\"@type\":\"ListItem\",\"position\":2,\"name\":\"en savoir + 2024.06.07-08\"}]},{\"@type\":\"WebSite\",\"@id\":\"https:\\\/\\\/lacourroie.org\\\/#website\",\"url\":\"https:\\\/\\\/lacourroie.org\\\/\",\"name\":\"lacourroie\",\"description\":\"\",\"publisher\":{\"@id\":\"https:\\\/\\\/lacourroie.org\\\/#organization\"},\"potentialAction\":[{\"@type\":\"SearchAction\",\"target\":{\"@type\":\"EntryPoint\",\"urlTemplate\":\"https:\\\/\\\/lacourroie.org\\\/?s={search_term_string}\"},\"query-input\":{\"@type\":\"PropertyValueSpecification\",\"valueRequired\":true,\"valueName\":\"search_term_string\"}}],\"inLanguage\":\"fr-FR\"},{\"@type\":\"Organization\",\"@id\":\"https:\\\/\\\/lacourroie.org\\\/#organization\",\"name\":\"lacourroie\",\"url\":\"https:\\\/\\\/lacourroie.org\\\/\",\"logo\":{\"@type\":\"ImageObject\",\"inLanguage\":\"fr-FR\",\"@id\":\"https:\\\/\\\/lacourroie.org\\\/#\\\/schema\\\/logo\\\/image\\\/\",\"url\":\"https:\\\/\\\/lacourroie.org\\\/wp-content\\\/uploads\\\/2021\\\/01\\\/cropped-Logo-Courroie-noir@4x.png\",\"contentUrl\":\"https:\\\/\\\/lacourroie.org\\\/wp-content\\\/uploads\\\/2021\\\/01\\\/cropped-Logo-Courroie-noir@4x.png\",\"width\":2286,\"height\":583,\"caption\":\"lacourroie\"},\"image\":{\"@id\":\"https:\\\/\\\/lacourroie.org\\\/#\\\/schema\\\/logo\\\/image\\\/\"}}]}<\/script>\n<!-- \/ Yoast SEO plugin. -->","yoast_head_json":{"title":"en savoir + 2024.06.07-08 - lacourroie","description":"%","robots":{"index":"index","follow":"follow","max-snippet":"max-snippet:-1","max-image-preview":"max-image-preview:large","max-video-preview":"max-video-preview:-1"},"canonical":"https:\/\/lacourroie.org\/index.php\/en-savoir-2024-06-07-08\/","og_locale":"fr_FR","og_type":"article","og_title":"en savoir + 2024.06.07-08 - lacourroie","og_description":"%","og_url":"https:\/\/lacourroie.org\/index.php\/en-savoir-2024-06-07-08\/","og_site_name":"lacourroie","article_modified_time":"2024-06-07T15:32:29+00:00","twitter_card":"summary_large_image","twitter_misc":{"Dur\u00e9e de lecture estim\u00e9e":"3 minutes"},"schema":{"@context":"https:\/\/schema.org","@graph":[{"@type":"WebPage","@id":"https:\/\/lacourroie.org\/index.php\/en-savoir-2024-06-07-08\/","url":"https:\/\/lacourroie.org\/index.php\/en-savoir-2024-06-07-08\/","name":"en savoir + 2024.06.07-08 - lacourroie","isPartOf":{"@id":"https:\/\/lacourroie.org\/#website"},"datePublished":"2024-05-22T13:40:57+00:00","dateModified":"2024-06-07T15:32:29+00:00","description":"%","breadcrumb":{"@id":"https:\/\/lacourroie.org\/index.php\/en-savoir-2024-06-07-08\/#breadcrumb"},"inLanguage":"fr-FR","potentialAction":[{"@type":"ReadAction","target":["https:\/\/lacourroie.org\/index.php\/en-savoir-2024-06-07-08\/"]}]},{"@type":"BreadcrumbList","@id":"https:\/\/lacourroie.org\/index.php\/en-savoir-2024-06-07-08\/#breadcrumb","itemListElement":[{"@type":"ListItem","position":1,"name":"Accueil","item":"https:\/\/lacourroie.org\/"},{"@type":"ListItem","position":2,"name":"en savoir + 2024.06.07-08"}]},{"@type":"WebSite","@id":"https:\/\/lacourroie.org\/#website","url":"https:\/\/lacourroie.org\/","name":"lacourroie","description":"","publisher":{"@id":"https:\/\/lacourroie.org\/#organization"},"potentialAction":[{"@type":"SearchAction","target":{"@type":"EntryPoint","urlTemplate":"https:\/\/lacourroie.org\/?s={search_term_string}"},"query-input":{"@type":"PropertyValueSpecification","valueRequired":true,"valueName":"search_term_string"}}],"inLanguage":"fr-FR"},{"@type":"Organization","@id":"https:\/\/lacourroie.org\/#organization","name":"lacourroie","url":"https:\/\/lacourroie.org\/","logo":{"@type":"ImageObject","inLanguage":"fr-FR","@id":"https:\/\/lacourroie.org\/#\/schema\/logo\/image\/","url":"https:\/\/lacourroie.org\/wp-content\/uploads\/2021\/01\/cropped-Logo-Courroie-noir@4x.png","contentUrl":"https:\/\/lacourroie.org\/wp-content\/uploads\/2021\/01\/cropped-Logo-Courroie-noir@4x.png","width":2286,"height":583,"caption":"lacourroie"},"image":{"@id":"https:\/\/lacourroie.org\/#\/schema\/logo\/image\/"}}]}},"_links":{"self":[{"href":"https:\/\/lacourroie.org\/index.php\/wp-json\/wp\/v2\/pages\/7399","targetHints":{"allow":["GET"]}}],"collection":[{"href":"https:\/\/lacourroie.org\/index.php\/wp-json\/wp\/v2\/pages"}],"about":[{"href":"https:\/\/lacourroie.org\/index.php\/wp-json\/wp\/v2\/types\/page"}],"author":[{"embeddable":true,"href":"https:\/\/lacourroie.org\/index.php\/wp-json\/wp\/v2\/users\/1"}],"replies":[{"embeddable":true,"href":"https:\/\/lacourroie.org\/index.php\/wp-json\/wp\/v2\/comments?post=7399"}],"version-history":[{"count":56,"href":"https:\/\/lacourroie.org\/index.php\/wp-json\/wp\/v2\/pages\/7399\/revisions"}],"predecessor-version":[{"id":7521,"href":"https:\/\/lacourroie.org\/index.php\/wp-json\/wp\/v2\/pages\/7399\/revisions\/7521"}],"wp:attachment":[{"href":"https:\/\/lacourroie.org\/index.php\/wp-json\/wp\/v2\/media?parent=7399"}],"curies":[{"name":"wp","href":"https:\/\/api.w.org\/{rel}","templated":true}]}}