{"id":8649,"date":"2024-12-11T14:39:51","date_gmt":"2024-12-11T13:39:51","guid":{"rendered":"https:\/\/lacourroie.org\/?page_id=8649"},"modified":"2024-12-11T14:50:41","modified_gmt":"2024-12-11T13:50:41","slug":"infos-pratiques-petit-dej-soir-2024","status":"publish","type":"page","link":"https:\/\/lacourroie.org\/index.php\/infos-pratiques-petit-dej-soir-2024\/","title":{"rendered":"infos pratiques petit d\u00e9j + soir 2024"},"content":{"rendered":"\t\t<div data-elementor-type=\"wp-page\" data-elementor-id=\"8649\" class=\"elementor elementor-8649\" data-elementor-post-type=\"page\">\n\t\t\t\t\t\t<section class=\"elementor-section elementor-top-section elementor-element elementor-element-175d5cc elementor-section-height-min-height elementor-section-full_width elementor-section-height-default elementor-section-items-middle\" data-id=\"175d5cc\" data-element_type=\"section\" data-e-type=\"section\">\n\t\t\t\t\t\t<div class=\"elementor-container elementor-column-gap-default\">\n\t\t\t\t\t<div class=\"elementor-column elementor-col-100 elementor-top-column elementor-element elementor-element-f09a01a\" data-id=\"f09a01a\" data-element_type=\"column\" data-e-type=\"column\">\n\t\t\t<div class=\"elementor-widget-wrap elementor-element-populated\">\n\t\t\t\t\t\t<div class=\"elementor-element elementor-element-3f6a571 elementor-widget elementor-widget-heading\" data-id=\"3f6a571\" data-element_type=\"widget\" data-e-type=\"widget\" data-widget_type=\"heading.default\">\n\t\t\t\t<div class=\"elementor-widget-container\">\n\t\t\t\t\t<h2 class=\"elementor-heading-title elementor-size-default\">Les concerts \u00e0 la Courroie<\/h2>\t\t\t\t<\/div>\n\t\t\t\t<\/div>\n\t\t\t\t<div class=\"elementor-element elementor-element-e7d103c elementor-widget elementor-widget-heading\" data-id=\"e7d103c\" data-element_type=\"widget\" data-e-type=\"widget\" data-widget_type=\"heading.default\">\n\t\t\t\t<div class=\"elementor-widget-container\">\n\t\t\t\t\t<h3 class=\"elementor-heading-title elementor-size-default\"><a href=\"mailto:%20resa@lacourroie.org\">R\u00e9servation indispensable<\/a><\/h3>\t\t\t\t<\/div>\n\t\t\t\t<\/div>\n\t\t\t\t<div class=\"elementor-element elementor-element-625586d elementor-widget__width-initial elementor-widget elementor-widget-text-editor\" data-id=\"625586d\" data-element_type=\"widget\" data-e-type=\"widget\" data-widget_type=\"text-editor.default\">\n\t\t\t\t<div class=\"elementor-widget-container\">\n\t\t\t\t\t\t\t\t\t<p>Vos demandes de r\u00e9servations engendrent <span style=\"color: #ff0000;\"><strong>toujours une r\u00e9ponse<\/strong><\/span>, positive ou n\u00e9gative de notre part. <br \/>Merci de consulter vos spams, pourriels et autres ind\u00e9sirables si vous ne recevez rien. <br \/>Le cas \u00e9ch\u00e9ant, merci de r\u00e9\u00e9crire <strong>en laissant un n\u00b0 de tel<\/strong> pour nous permettre de vous rappeler.<\/p>\t\t\t\t\t\t\t\t<\/div>\n\t\t\t\t<\/div>\n\t\t\t\t<div class=\"elementor-element elementor-element-864275e elementor-widget elementor-widget-text-editor\" data-id=\"864275e\" data-element_type=\"widget\" data-e-type=\"widget\" data-widget_type=\"text-editor.default\">\n\t\t\t\t<div class=\"elementor-widget-container\">\n\t\t\t\t\t\t\t\t\t<h5><b>par mail de pr\u00e9f\u00e9rence : <a href=\"mailto:resa@lacourroie.org\">resa@lacourroie.org<\/a><\/b><\/h5><p>ou par t\u00e9l\u00e9phone : 04 90 32 11 41<\/p>\t\t\t\t\t\t\t\t<\/div>\n\t\t\t\t<\/div>\n\t\t\t\t<div class=\"elementor-element elementor-element-d93819a elementor-widget elementor-widget-heading\" data-id=\"d93819a\" data-element_type=\"widget\" data-e-type=\"widget\" data-widget_type=\"heading.default\">\n\t\t\t\t<div class=\"elementor-widget-container\">\n\t\t\t\t\t<h5 class=\"elementor-heading-title elementor-size-default\">TARIFS<\/h5>\t\t\t\t<\/div>\n\t\t\t\t<\/div>\n\t\t\t\t<div class=\"elementor-element elementor-element-b5fdee0 elementor-widget elementor-widget-text-editor\" data-id=\"b5fdee0\" data-element_type=\"widget\" data-e-type=\"widget\" data-widget_type=\"text-editor.default\">\n\t\t\t\t<div class=\"elementor-widget-container\">\n\t\t\t\t\t\t\t\t\t<p style=\"text-align: center;\">Concert <span style=\"color: #ff0000;\"><strong>11\u20ac<\/strong><\/span> \/ Gratuit pour les enfants de -15 ans<br \/>Collation ou Petit-d\u00e9jeuner <span style=\"color: #ff0000;\"><strong>6\u20ac<\/strong><\/span><\/p>\t\t\t\t\t\t\t\t<\/div>\n\t\t\t\t<\/div>\n\t\t\t\t<div class=\"elementor-element elementor-element-986af2a elementor-widget elementor-widget-text-editor\" data-id=\"986af2a\" data-element_type=\"widget\" data-e-type=\"widget\" data-widget_type=\"text-editor.default\">\n\t\t\t\t<div class=\"elementor-widget-container\">\n\t\t\t\t\t\t\t\t\t<p><strong>Soir\u00e9e du 31 d\u00e9cembre 2024<\/strong><br \/><em>R\u00e9cital \u2022 R\u00e9veillon \u2022 Concert surprise \u2022 Bal Baroque de minuit<\/em><br \/><strong>Adultes <span style=\"color: #ff0000;\">50\u20ac<\/span> \/ enfants 30\u20ac<\/strong><\/p>\t\t\t\t\t\t\t\t<\/div>\n\t\t\t\t<\/div>\n\t\t\t\t<div class=\"elementor-element elementor-element-0b784d4 elementor-widget elementor-widget-text-editor\" data-id=\"0b784d4\" data-element_type=\"widget\" data-e-type=\"widget\" data-widget_type=\"text-editor.default\">\n\t\t\t\t<div class=\"elementor-widget-container\">\n\t\t\t\t\t\t\t\t\t<h4>R\u00e8glement sur place<strong><br \/><\/strong><\/h4>\t\t\t\t\t\t\t\t<\/div>\n\t\t\t\t<\/div>\n\t\t\t\t<div class=\"elementor-element elementor-element-1294864 elementor-widget elementor-widget-heading\" data-id=\"1294864\" data-element_type=\"widget\" data-e-type=\"widget\" data-widget_type=\"heading.default\">\n\t\t\t\t<div class=\"elementor-widget-container\">\n\t\t\t\t\t<h4 class=\"elementor-heading-title elementor-size-default\">! ATTENTION, PAS DE CB !<\/h4>\t\t\t\t<\/div>\n\t\t\t\t<\/div>\n\t\t\t\t<div class=\"elementor-element elementor-element-a283759 elementor-widget elementor-widget-text-editor\" data-id=\"a283759\" data-element_type=\"widget\" data-e-type=\"widget\" data-widget_type=\"text-editor.default\">\n\t\t\t\t<div class=\"elementor-widget-container\">\n\t\t\t\t\t\t\t\t\t<h5><b>Placement libre<\/b><\/h5><h5>Dur\u00e9e du concert 1h15 sans entracte<\/h5>\t\t\t\t\t\t\t\t<\/div>\n\t\t\t\t<\/div>\n\t\t\t\t\t<\/div>\n\t\t<\/div>\n\t\t\t\t\t<\/div>\n\t\t<\/section>\n\t\t\t\t<section class=\"elementor-section elementor-top-section elementor-element elementor-element-6d5a2ae elementor-section-boxed elementor-section-height-default elementor-section-height-default\" data-id=\"6d5a2ae\" data-element_type=\"section\" data-e-type=\"section\">\n\t\t\t\t\t\t<div class=\"elementor-container elementor-column-gap-default\">\n\t\t\t\t\t<div class=\"elementor-column elementor-col-50 elementor-top-column elementor-element elementor-element-5ef59f5\" data-id=\"5ef59f5\" data-element_type=\"column\" data-e-type=\"column\">\n\t\t\t<div class=\"elementor-widget-wrap elementor-element-populated\">\n\t\t\t\t\t\t<div class=\"elementor-element elementor-element-bb3cff0 elementor-widget elementor-widget-text-editor\" data-id=\"bb3cff0\" data-element_type=\"widget\" data-e-type=\"widget\" data-widget_type=\"text-editor.default\">\n\t\t\t\t<div class=\"elementor-widget-container\">\n\t\t\t\t\t\t\t\t\t<p><span style=\"color: #993300;\"><strong>Petit d\u00e9jeuner<\/strong><\/span><span style=\"color: #000000;\"><strong> \u00e0 partir de 9h30<\/strong> avant les concerts du matin<\/span><br \/><span style=\"color: #000000;\">(R\u00e9servation indispensable)<\/span><br \/><span style=\"color: #ff6600;\"><em>Th\u00e9, caf\u00e9, chocolat chaud maison, brioche et pain frais, confitures maison, &#8230;<\/em><\/span><\/p>\t\t\t\t\t\t\t\t<\/div>\n\t\t\t\t<\/div>\n\t\t\t\t\t<\/div>\n\t\t<\/div>\n\t\t\t\t<div class=\"elementor-column elementor-col-50 elementor-top-column elementor-element elementor-element-dbdf985\" data-id=\"dbdf985\" data-element_type=\"column\" data-e-type=\"column\">\n\t\t\t<div class=\"elementor-widget-wrap elementor-element-populated\">\n\t\t\t\t\t\t<div class=\"elementor-element elementor-element-2af3f0f elementor-widget elementor-widget-text-editor\" data-id=\"2af3f0f\" data-element_type=\"widget\" data-e-type=\"widget\" data-widget_type=\"text-editor.default\">\n\t\t\t\t<div class=\"elementor-widget-container\">\n\t\t\t\t\t\t\t\t\t<p><span style=\"color: #000000;\"><strong><span style=\"color: #993300;\">Collation<\/span><\/strong> <strong>avant ou apr\u00e8s<\/strong> les concerts du soir<br \/>\u00e0 partir de 19h<em><br \/><span style=\"color: #ff6600;\">Soupe maison, desserts vari\u00e9s, boissons<\/span><\/em><\/span><\/p>\t\t\t\t\t\t\t\t<\/div>\n\t\t\t\t<\/div>\n\t\t\t\t\t<\/div>\n\t\t<\/div>\n\t\t\t\t\t<\/div>\n\t\t<\/section>\n\t\t\t\t<\/div>\n\t\t","protected":false},"excerpt":{"rendered":"<p>Les concerts \u00e0 la Courroie R\u00e9servation indispensable Vos demandes de r\u00e9servations engendrent toujours une r\u00e9ponse, positive ou n\u00e9gative de notre part. Merci de consulter vos spams, pourriels et autres ind\u00e9sirables si vous ne recevez rien. Le cas \u00e9ch\u00e9ant, merci de r\u00e9\u00e9crire en laissant un n\u00b0 de tel pour nous permettre de vous rappeler. par mail [&hellip;]<\/p>\n","protected":false},"author":1,"featured_media":0,"parent":0,"menu_order":0,"comment_status":"closed","ping_status":"closed","template":"","meta":{"site-sidebar-layout":"no-sidebar","site-content-layout":"page-builder","ast-site-content-layout":"default","site-content-style":"default","site-sidebar-style":"default","ast-global-header-display":"","ast-banner-title-visibility":"","ast-main-header-display":"","ast-hfb-above-header-display":"","ast-hfb-below-header-display":"","ast-hfb-mobile-header-display":"","site-post-title":"disabled","ast-breadcrumbs-content":"","ast-featured-img":"disabled","footer-sml-layout":"disabled","ast-disable-related-posts":"","theme-transparent-header-meta":"default","adv-header-id-meta":"","stick-header-meta":"","header-above-stick-meta":"","header-main-stick-meta":"","header-below-stick-meta":"","astra-migrate-meta-layouts":"default","ast-page-background-enabled":"default","ast-page-background-meta":{"desktop":{"background-color":"","background-image":"","background-repeat":"repeat","background-position":"center center","background-size":"auto","background-attachment":"scroll","background-type":"","background-media":"","overlay-type":"","overlay-color":"","overlay-opacity":"","overlay-gradient":""},"tablet":{"background-color":"","background-image":"","background-repeat":"repeat","background-position":"center center","background-size":"auto","background-attachment":"scroll","background-type":"","background-media":"","overlay-type":"","overlay-color":"","overlay-opacity":"","overlay-gradient":""},"mobile":{"background-color":"","background-image":"","background-repeat":"repeat","background-position":"center center","background-size":"auto","background-attachment":"scroll","background-type":"","background-media":"","overlay-type":"","overlay-color":"","overlay-opacity":"","overlay-gradient":""}},"ast-content-background-meta":{"desktop":{"background-color":"var(--ast-global-color-5)","background-image":"","background-repeat":"repeat","background-position":"center center","background-size":"auto","background-attachment":"scroll","background-type":"","background-media":"","overlay-type":"","overlay-color":"","overlay-opacity":"","overlay-gradient":""},"tablet":{"background-color":"var(--ast-global-color-5)","background-image":"","background-repeat":"repeat","background-position":"center center","background-size":"auto","background-attachment":"scroll","background-type":"","background-media":"","overlay-type":"","overlay-color":"","overlay-opacity":"","overlay-gradient":""},"mobile":{"background-color":"var(--ast-global-color-5)","background-image":"","background-repeat":"repeat","background-position":"center center","background-size":"auto","background-attachment":"scroll","background-type":"","background-media":"","overlay-type":"","overlay-color":"","overlay-opacity":"","overlay-gradient":""}},"footnotes":""},"class_list":["post-8649","page","type-page","status-publish","hentry"],"yoast_head":"<!-- This site is optimized with the Yoast SEO plugin v27.4 - https:\/\/yoast.com\/product\/yoast-seo-wordpress\/ -->\n<title>infos pratiques petit d\u00e9j + soir 2024 - lacourroie<\/title>\n<meta name=\"robots\" content=\"index, follow, max-snippet:-1, max-image-preview:large, max-video-preview:-1\" \/>\n<link rel=\"canonical\" href=\"https:\/\/lacourroie.org\/index.php\/infos-pratiques-petit-dej-soir-2024\/\" \/>\n<meta property=\"og:locale\" content=\"fr_FR\" \/>\n<meta property=\"og:type\" content=\"article\" \/>\n<meta property=\"og:title\" content=\"infos pratiques petit d\u00e9j + soir 2024 - lacourroie\" \/>\n<meta property=\"og:description\" content=\"Les concerts \u00e0 la Courroie R\u00e9servation indispensable Vos demandes de r\u00e9servations engendrent toujours une r\u00e9ponse, positive ou n\u00e9gative de notre part. Merci de consulter vos spams, pourriels et autres ind\u00e9sirables si vous ne recevez rien. Le cas \u00e9ch\u00e9ant, merci de r\u00e9\u00e9crire en laissant un n\u00b0 de tel pour nous permettre de vous rappeler. par mail [&hellip;]\" \/>\n<meta property=\"og:url\" content=\"https:\/\/lacourroie.org\/index.php\/infos-pratiques-petit-dej-soir-2024\/\" \/>\n<meta property=\"og:site_name\" content=\"lacourroie\" \/>\n<meta property=\"article:modified_time\" content=\"2024-12-11T13:50:41+00:00\" \/>\n<meta name=\"twitter:card\" content=\"summary_large_image\" \/>\n<meta name=\"twitter:label1\" content=\"Dur\u00e9e de lecture estim\u00e9e\" \/>\n\t<meta name=\"twitter:data1\" content=\"1 minute\" \/>\n<script type=\"application\/ld+json\" class=\"yoast-schema-graph\">{\"@context\":\"https:\\\/\\\/schema.org\",\"@graph\":[{\"@type\":\"WebPage\",\"@id\":\"https:\\\/\\\/lacourroie.org\\\/index.php\\\/infos-pratiques-petit-dej-soir-2024\\\/\",\"url\":\"https:\\\/\\\/lacourroie.org\\\/index.php\\\/infos-pratiques-petit-dej-soir-2024\\\/\",\"name\":\"infos pratiques petit d\u00e9j + soir 2024 - lacourroie\",\"isPartOf\":{\"@id\":\"https:\\\/\\\/lacourroie.org\\\/#website\"},\"datePublished\":\"2024-12-11T13:39:51+00:00\",\"dateModified\":\"2024-12-11T13:50:41+00:00\",\"breadcrumb\":{\"@id\":\"https:\\\/\\\/lacourroie.org\\\/index.php\\\/infos-pratiques-petit-dej-soir-2024\\\/#breadcrumb\"},\"inLanguage\":\"fr-FR\",\"potentialAction\":[{\"@type\":\"ReadAction\",\"target\":[\"https:\\\/\\\/lacourroie.org\\\/index.php\\\/infos-pratiques-petit-dej-soir-2024\\\/\"]}]},{\"@type\":\"BreadcrumbList\",\"@id\":\"https:\\\/\\\/lacourroie.org\\\/index.php\\\/infos-pratiques-petit-dej-soir-2024\\\/#breadcrumb\",\"itemListElement\":[{\"@type\":\"ListItem\",\"position\":1,\"name\":\"Accueil\",\"item\":\"https:\\\/\\\/lacourroie.org\\\/\"},{\"@type\":\"ListItem\",\"position\":2,\"name\":\"infos pratiques petit d\u00e9j + soir 2024\"}]},{\"@type\":\"WebSite\",\"@id\":\"https:\\\/\\\/lacourroie.org\\\/#website\",\"url\":\"https:\\\/\\\/lacourroie.org\\\/\",\"name\":\"lacourroie\",\"description\":\"\",\"publisher\":{\"@id\":\"https:\\\/\\\/lacourroie.org\\\/#organization\"},\"potentialAction\":[{\"@type\":\"SearchAction\",\"target\":{\"@type\":\"EntryPoint\",\"urlTemplate\":\"https:\\\/\\\/lacourroie.org\\\/?s={search_term_string}\"},\"query-input\":{\"@type\":\"PropertyValueSpecification\",\"valueRequired\":true,\"valueName\":\"search_term_string\"}}],\"inLanguage\":\"fr-FR\"},{\"@type\":\"Organization\",\"@id\":\"https:\\\/\\\/lacourroie.org\\\/#organization\",\"name\":\"lacourroie\",\"url\":\"https:\\\/\\\/lacourroie.org\\\/\",\"logo\":{\"@type\":\"ImageObject\",\"inLanguage\":\"fr-FR\",\"@id\":\"https:\\\/\\\/lacourroie.org\\\/#\\\/schema\\\/logo\\\/image\\\/\",\"url\":\"https:\\\/\\\/lacourroie.org\\\/wp-content\\\/uploads\\\/2021\\\/01\\\/cropped-Logo-Courroie-noir@4x.png\",\"contentUrl\":\"https:\\\/\\\/lacourroie.org\\\/wp-content\\\/uploads\\\/2021\\\/01\\\/cropped-Logo-Courroie-noir@4x.png\",\"width\":2286,\"height\":583,\"caption\":\"lacourroie\"},\"image\":{\"@id\":\"https:\\\/\\\/lacourroie.org\\\/#\\\/schema\\\/logo\\\/image\\\/\"}}]}<\/script>\n<!-- \/ Yoast SEO plugin. -->","yoast_head_json":{"title":"infos pratiques petit d\u00e9j + soir 2024 - lacourroie","robots":{"index":"index","follow":"follow","max-snippet":"max-snippet:-1","max-image-preview":"max-image-preview:large","max-video-preview":"max-video-preview:-1"},"canonical":"https:\/\/lacourroie.org\/index.php\/infos-pratiques-petit-dej-soir-2024\/","og_locale":"fr_FR","og_type":"article","og_title":"infos pratiques petit d\u00e9j + soir 2024 - lacourroie","og_description":"Les concerts \u00e0 la Courroie R\u00e9servation indispensable Vos demandes de r\u00e9servations engendrent toujours une r\u00e9ponse, positive ou n\u00e9gative de notre part. Merci de consulter vos spams, pourriels et autres ind\u00e9sirables si vous ne recevez rien. Le cas \u00e9ch\u00e9ant, merci de r\u00e9\u00e9crire en laissant un n\u00b0 de tel pour nous permettre de vous rappeler. par mail [&hellip;]","og_url":"https:\/\/lacourroie.org\/index.php\/infos-pratiques-petit-dej-soir-2024\/","og_site_name":"lacourroie","article_modified_time":"2024-12-11T13:50:41+00:00","twitter_card":"summary_large_image","twitter_misc":{"Dur\u00e9e de lecture estim\u00e9e":"1 minute"},"schema":{"@context":"https:\/\/schema.org","@graph":[{"@type":"WebPage","@id":"https:\/\/lacourroie.org\/index.php\/infos-pratiques-petit-dej-soir-2024\/","url":"https:\/\/lacourroie.org\/index.php\/infos-pratiques-petit-dej-soir-2024\/","name":"infos pratiques petit d\u00e9j + soir 2024 - lacourroie","isPartOf":{"@id":"https:\/\/lacourroie.org\/#website"},"datePublished":"2024-12-11T13:39:51+00:00","dateModified":"2024-12-11T13:50:41+00:00","breadcrumb":{"@id":"https:\/\/lacourroie.org\/index.php\/infos-pratiques-petit-dej-soir-2024\/#breadcrumb"},"inLanguage":"fr-FR","potentialAction":[{"@type":"ReadAction","target":["https:\/\/lacourroie.org\/index.php\/infos-pratiques-petit-dej-soir-2024\/"]}]},{"@type":"BreadcrumbList","@id":"https:\/\/lacourroie.org\/index.php\/infos-pratiques-petit-dej-soir-2024\/#breadcrumb","itemListElement":[{"@type":"ListItem","position":1,"name":"Accueil","item":"https:\/\/lacourroie.org\/"},{"@type":"ListItem","position":2,"name":"infos pratiques petit d\u00e9j + soir 2024"}]},{"@type":"WebSite","@id":"https:\/\/lacourroie.org\/#website","url":"https:\/\/lacourroie.org\/","name":"lacourroie","description":"","publisher":{"@id":"https:\/\/lacourroie.org\/#organization"},"potentialAction":[{"@type":"SearchAction","target":{"@type":"EntryPoint","urlTemplate":"https:\/\/lacourroie.org\/?s={search_term_string}"},"query-input":{"@type":"PropertyValueSpecification","valueRequired":true,"valueName":"search_term_string"}}],"inLanguage":"fr-FR"},{"@type":"Organization","@id":"https:\/\/lacourroie.org\/#organization","name":"lacourroie","url":"https:\/\/lacourroie.org\/","logo":{"@type":"ImageObject","inLanguage":"fr-FR","@id":"https:\/\/lacourroie.org\/#\/schema\/logo\/image\/","url":"https:\/\/lacourroie.org\/wp-content\/uploads\/2021\/01\/cropped-Logo-Courroie-noir@4x.png","contentUrl":"https:\/\/lacourroie.org\/wp-content\/uploads\/2021\/01\/cropped-Logo-Courroie-noir@4x.png","width":2286,"height":583,"caption":"lacourroie"},"image":{"@id":"https:\/\/lacourroie.org\/#\/schema\/logo\/image\/"}}]}},"_links":{"self":[{"href":"https:\/\/lacourroie.org\/index.php\/wp-json\/wp\/v2\/pages\/8649","targetHints":{"allow":["GET"]}}],"collection":[{"href":"https:\/\/lacourroie.org\/index.php\/wp-json\/wp\/v2\/pages"}],"about":[{"href":"https:\/\/lacourroie.org\/index.php\/wp-json\/wp\/v2\/types\/page"}],"author":[{"embeddable":true,"href":"https:\/\/lacourroie.org\/index.php\/wp-json\/wp\/v2\/users\/1"}],"replies":[{"embeddable":true,"href":"https:\/\/lacourroie.org\/index.php\/wp-json\/wp\/v2\/comments?post=8649"}],"version-history":[{"count":7,"href":"https:\/\/lacourroie.org\/index.php\/wp-json\/wp\/v2\/pages\/8649\/revisions"}],"predecessor-version":[{"id":8657,"href":"https:\/\/lacourroie.org\/index.php\/wp-json\/wp\/v2\/pages\/8649\/revisions\/8657"}],"wp:attachment":[{"href":"https:\/\/lacourroie.org\/index.php\/wp-json\/wp\/v2\/media?parent=8649"}],"curies":[{"name":"wp","href":"https:\/\/api.w.org\/{rel}","templated":true}]}}