{"id":9397,"date":"2025-11-24T13:05:29","date_gmt":"2025-11-24T12:05:29","guid":{"rendered":"https:\/\/lacourroie.org\/?page_id=9397"},"modified":"2025-12-09T17:25:47","modified_gmt":"2025-12-09T16:25:47","slug":"en-savoir-2025-12-11-12","status":"publish","type":"page","link":"https:\/\/lacourroie.org\/index.php\/en-savoir-2025-12-11-12\/","title":{"rendered":"en savoir + 2025.12.11-12"},"content":{"rendered":"\t\t<div data-elementor-type=\"wp-page\" data-elementor-id=\"9397\" class=\"elementor elementor-9397\" data-elementor-post-type=\"page\">\n\t\t\t\t\t\t<section class=\"elementor-section elementor-top-section elementor-element elementor-element-0083417 elementor-section-boxed elementor-section-height-default elementor-section-height-default\" data-id=\"0083417\" data-element_type=\"section\" data-e-type=\"section\">\n\t\t\t\t\t\t<div class=\"elementor-container elementor-column-gap-default\">\n\t\t\t\t\t<div class=\"elementor-column elementor-col-100 elementor-top-column elementor-element elementor-element-259e046\" data-id=\"259e046\" data-element_type=\"column\" data-e-type=\"column\">\n\t\t\t<div class=\"elementor-widget-wrap elementor-element-populated\">\n\t\t\t\t\t\t<div class=\"elementor-element elementor-element-266e729 elementor-widget elementor-widget-heading\" data-id=\"266e729\" data-element_type=\"widget\" data-e-type=\"widget\" data-widget_type=\"heading.default\">\n\t\t\t\t<div class=\"elementor-widget-container\">\n\t\t\t\t\t<h3 class=\"elementor-heading-title elementor-size-medium\">Jeudi 11 d\u00e9cembre 2025<\/h3>\t\t\t\t<\/div>\n\t\t\t\t<\/div>\n\t\t\t\t<div class=\"elementor-element elementor-element-e36ec30 elementor-widget elementor-widget-heading\" data-id=\"e36ec30\" data-element_type=\"widget\" data-e-type=\"widget\" data-widget_type=\"heading.default\">\n\t\t\t\t<div class=\"elementor-widget-container\">\n\t\t\t\t\t<h3 class=\"elementor-heading-title elementor-size-medium\">Vendredi 12 d\u00e9cembre 2025<\/h3>\t\t\t\t<\/div>\n\t\t\t\t<\/div>\n\t\t\t\t<div class=\"elementor-element elementor-element-8e06951 elementor-widget elementor-widget-heading\" data-id=\"8e06951\" data-element_type=\"widget\" data-e-type=\"widget\" data-widget_type=\"heading.default\">\n\t\t\t\t<div class=\"elementor-widget-container\">\n\t\t\t\t\t<h4 class=\"elementor-heading-title elementor-size-default\">\u00e0 20h25<\/h4>\t\t\t\t<\/div>\n\t\t\t\t<\/div>\n\t\t\t\t<div class=\"elementor-element elementor-element-ab425b9 elementor-widget elementor-widget-heading\" data-id=\"ab425b9\" data-element_type=\"widget\" data-e-type=\"widget\" data-widget_type=\"heading.default\">\n\t\t\t\t<div class=\"elementor-widget-container\">\n\t\t\t\t\t<h2 class=\"elementor-heading-title elementor-size-default\">Eric Le Sage \u2022 piano<\/h2>\t\t\t\t<\/div>\n\t\t\t\t<\/div>\n\t\t\t\t<div class=\"elementor-element elementor-element-f04f582 elementor-widget elementor-widget-image\" data-id=\"f04f582\" data-element_type=\"widget\" data-e-type=\"widget\" data-widget_type=\"image.default\">\n\t\t\t\t<div class=\"elementor-widget-container\">\n\t\t\t\t\t\t\t\t\t\t\t\t\t\t\t<img fetchpriority=\"high\" decoding=\"async\" width=\"474\" height=\"259\" src=\"https:\/\/lacourroie.org\/wp-content\/uploads\/2025\/11\/eric-le-sage.jpg\" class=\"attachment-medium_large size-medium_large wp-image-9419\" alt=\"\" srcset=\"https:\/\/lacourroie.org\/wp-content\/uploads\/2025\/11\/eric-le-sage.jpg 474w, https:\/\/lacourroie.org\/wp-content\/uploads\/2025\/11\/eric-le-sage-300x164.jpg 300w\" sizes=\"(max-width: 474px) 100vw, 474px\" \/>\t\t\t\t\t\t\t\t\t\t\t\t\t\t\t<\/div>\n\t\t\t\t<\/div>\n\t\t\t\t<div class=\"elementor-element elementor-element-d627f69 elementor-widget elementor-widget-heading\" data-id=\"d627f69\" data-element_type=\"widget\" data-e-type=\"widget\" data-widget_type=\"heading.default\">\n\t\t\t\t<div class=\"elementor-widget-container\">\n\t\t\t\t\t<h4 class=\"elementor-heading-title elementor-size-default\">Gabriel Faur\u00e9 \u2022 Robert Schumann<\/h4>\t\t\t\t<\/div>\n\t\t\t\t<\/div>\n\t\t\t\t<div class=\"elementor-element elementor-element-9a67d25 elementor-widget elementor-widget-text-editor\" data-id=\"9a67d25\" data-element_type=\"widget\" data-e-type=\"widget\" data-widget_type=\"text-editor.default\">\n\t\t\t\t<div class=\"elementor-widget-container\">\n\t\t\t\t\t\t\t\t\t<p><strong>Robert Schumann<\/strong> (1810-1856)<br \/><strong><span style=\"color: #ff6600;\">Fantaisie op 17<\/span><\/strong><br \/>\u2022 Sempre fantasticamente ed appassionatamente<br \/>\u2022 Moderato, sempre energico<br \/>\u2022 Lento sostenuto, sempre piano<\/p><p><strong>Gabriel Faur\u00e9 <\/strong>(1845-1924) <br \/><span style=\"color: #ff6600;\"><strong>Th\u00e8me et variations op 73<\/strong><\/span><br \/>Th\u00e8me (quasi adagio en ut di\u00e8se mineur): Marche fun\u00e8bre en rythmes point\u00e9s:<br \/>Variations<br \/>I: Th\u00e8me expos\u00e9 \u00e0 la main gauche<br \/>II: Acc\u00e9l\u00e9ration du tempo, changement de mesure<br \/>III: Syncopes et chromatisme<br \/>IV: Nouvelles figures pianistiques<br \/>V<br \/>VI: (Molto adagio)<br \/>VII: Dialogue dramatique<br \/>VIII: Interlude paisible<br \/>IX: Quasi adagio enharmonique<br \/>X: Scherzo (allegro vivo \u00e0 3\/8)<br \/>XI: \u00c9pilogue, andante molto moderato, espressivo \u00e0 quatre voix en ut di\u00e8se mineur<\/p><p><strong>Robert Schumann<\/strong><br \/><strong><span style=\"color: #ff6600;\">Etudes symphoniques et \u00e9tudes posthumes op 13<\/span><\/strong><\/p><p>Th\u00e8me (Andante)<br \/>Variation 1 (Un poco pi\u00f9 vivo)<br \/>Variation 2 (Andante)<br \/>Variation 3 (Vivace)<br \/>Variation 4 (Allegro marcato)<br \/>Variation 5 (Scherzando)<br \/>Variation 6 (Agitato)<br \/>Variation 7 (Allegro molto)<br \/>Variation 8 (Sempre marcatissimo)<br \/>Variation 9 (Presto possibile)<br \/>Variation 10 (Andante, tema)<br \/>Finale (Allegro brillante)<\/p><p>Variation posthume I : Souvent indiqu\u00e9e comme Allegro molto ou Allegro<br \/>Variation posthume II : G\u00e9n\u00e9ralement Agitato ou Allegro agitato<br \/>Variation posthume III : Souvent Andante ou Andante espressivo<br \/>Variation posthume IV : Indiqu\u00e9e comme Allegro con energia ou Allegro<br \/>Variation posthume V : Souvent Presto ou Presto possibile<\/p>\t\t\t\t\t\t\t\t<\/div>\n\t\t\t\t<\/div>\n\t\t\t\t<div class=\"elementor-element elementor-element-9fadfc1 elementor-widget-divider--separator-type-pattern elementor-widget-divider--view-line elementor-widget elementor-widget-divider\" data-id=\"9fadfc1\" data-element_type=\"widget\" data-e-type=\"widget\" data-widget_type=\"divider.default\">\n\t\t\t\t<div class=\"elementor-widget-container\">\n\t\t\t\t\t\t\t<div class=\"elementor-divider\" style=\"--divider-pattern-url: url(&quot;data:image\/svg+xml,%3Csvg xmlns=&#039;http:\/\/www.w3.org\/2000\/svg&#039; preserveAspectRatio=&#039;none&#039; overflow=&#039;visible&#039; height=&#039;100%&#039; viewBox=&#039;0 0 24 24&#039; fill=&#039;none&#039; stroke=&#039;black&#039; stroke-width=&#039;1.2&#039; stroke-linecap=&#039;square&#039; stroke-miterlimit=&#039;10&#039;%3E%3Cpath d=&#039;M0,21c3.3,0,8.3-0.9,15.7-7.1c6.6-5.4,4.4-9.3,2.4-10.3c-3.4-1.8-7.7,1.3-7.3,8.8C11.2,20,17.1,21,24,21&#039;\/%3E%3C\/svg%3E&quot;);\">\n\t\t\t<span class=\"elementor-divider-separator\">\n\t\t\t\t\t\t<\/span>\n\t\t<\/div>\n\t\t\t\t\t\t<\/div>\n\t\t\t\t<\/div>\n\t\t\t\t<div class=\"elementor-element elementor-element-b37e452 elementor-widget elementor-widget-text-editor\" data-id=\"b37e452\" data-element_type=\"widget\" data-e-type=\"widget\" data-widget_type=\"text-editor.default\">\n\t\t\t\t<div class=\"elementor-widget-container\">\n\t\t\t\t\t\t\t\t\t<p>Eric Le Sage \u2022 piano<\/p><p style=\"text-align: left;\">Apr\u00e8s avoir termin\u00e9 ses \u00e9tudes au Conservatoire de Paris \u00e0 17 ans, il se perfectionne aupr\u00e8s de Maria Curcio \u00e0 Londres.<\/p><p>\u00c9ric Le Sage est reconnu pour ses interpr\u00e9tations de musique romantique, Schumann en particulier mais \u00e9galement pour avoir enregistr\u00e9 l&rsquo;int\u00e9grale de la musique pour piano de Francis Poulenc, l&rsquo;int\u00e9grale de la musique pour piano de Schumann, et l&rsquo;int\u00e9grale de la musique de chambre avec piano de Faur\u00e9, dans des versions unanimement appr\u00e9ci\u00e9es.<br \/>Parmi ses nombreux autres disques, on peut \u00e9galement citer l&rsquo;enregistrement de l\u2019int\u00e9grale de la musique de chambre de Brahms auquel il participe depuis 2018 et dont le dernier volume est sorti en mai 2021 chez B-Records, les Nocturnes de Faur\u00e9 publi\u00e9es chez Alpha en 2019, ainsi que \u00ab Dichterliebe \u00bb de Schumann avec Julian Pr\u00e9gardien la m\u00eame ann\u00e9e.<br \/>Sa curiosit\u00e9 pour les \u0153uvres m\u00e9connues fait qu&rsquo;il a jou\u00e9 plus de vingt concertos rares de Dvo\u0159\u00e1k, Sch\u00f6nberg, Stravinsky, Britten, etc.<br \/>Il est l&rsquo;invit\u00e9 de formations r\u00e9put\u00e9es comme le Los Angeles Philharmonic Orchestra, l&rsquo;Orchestre philharmonique de Radio France, l&rsquo;Orchestre national royal d&rsquo;\u00c9cosse, l&rsquo;Orchestre symphonique m\u00e9tropolitain de Tokyo, l&rsquo;Orchestre M\u00e9tropolitain de Montr\u00e9al, le Konzerthaus Orchester de Berlin, ou encore l&rsquo;Orchestre symphonique de Dresde.<br \/>Grand passionn\u00e9 de musique de chambre, Eric partage la sc\u00e8ne avec des artistes comme Emmanuel Pahud, Paul Meyer, Fran\u00e7ois Leleux, Amihai Grosz, Lise Berthaud, Fran\u00e7ois Salque, le Quatuor Eb\u00e8ne, le Quatuor Modigliani, Daishin Kashimoto, Claudio Bohorquez, Julian Pregardien, Olivier Latry et bien d\u2019autres encore.<br \/>Il est professeur \u00e0 l&rsquo;Universit\u00e9 de musique de Fribourg-en-Brisgau.<\/p><p>Il est l&rsquo;invit\u00e9 de salles de concerts et festivals tels que le Wigmore Hall, le Th\u00e9\u00e2tre des Champs-\u00c9lys\u00e9es, Philharmonie de Paris, Radio France, Mozarteum de Salzburg, Alte Oper de Francfort, Suntory Hall, La Roque-d&rsquo;Anth\u00e9ron, de Radio France \u00e0 Montpellier, de Menton, d&rsquo;\u00c9vian, Strasbourg, Jonzac (association culturelle du Val de Seugne), avec le clarinettiste Paul Meyer et le violoncelliste Fran\u00e7ois Salque, Ludwigsburg, Schubertiade de Schwartzenberg, Edimbourg.<br \/>Il est cofondateur, avec Paul Meyer et Emmanuel Pahud en 1993, de Salon Festival international de musique de chambre de Provence.<\/p>\t\t\t\t\t\t\t\t<\/div>\n\t\t\t\t<\/div>\n\t\t\t\t<div class=\"elementor-element elementor-element-7531544 elementor-align-center elementor-widget elementor-widget-button\" data-id=\"7531544\" data-element_type=\"widget\" data-e-type=\"widget\" data-widget_type=\"button.default\">\n\t\t\t\t<div class=\"elementor-widget-container\">\n\t\t\t\t\t\t\t\t\t<div class=\"elementor-button-wrapper\">\n\t\t\t\t\t<a class=\"elementor-button elementor-button-link elementor-size-sm\" href=\"https:\/\/lacourroie.org\/index.php\/info\/\">\n\t\t\t\t\t\t<span class=\"elementor-button-content-wrapper\">\n\t\t\t\t\t\t\t\t\t<span class=\"elementor-button-text\">infos pratiques<\/span>\n\t\t\t\t\t<\/span>\n\t\t\t\t\t<\/a>\n\t\t\t\t<\/div>\n\t\t\t\t\t\t\t\t<\/div>\n\t\t\t\t<\/div>\n\t\t\t\t\t<\/div>\n\t\t<\/div>\n\t\t\t\t\t<\/div>\n\t\t<\/section>\n\t\t\t\t<\/div>\n\t\t","protected":false},"excerpt":{"rendered":"<p>Jeudi 11 d\u00e9cembre 2025 Vendredi 12 d\u00e9cembre 2025 \u00e0 20h25 Eric Le Sage \u2022 piano Gabriel Faur\u00e9 \u2022 Robert Schumann Robert Schumann (1810-1856)Fantaisie op 17\u2022 Sempre fantasticamente ed appassionatamente\u2022 Moderato, sempre energico\u2022 Lento sostenuto, sempre piano Gabriel Faur\u00e9 (1845-1924) Th\u00e8me et variations op 73Th\u00e8me (quasi adagio en ut di\u00e8se mineur): Marche fun\u00e8bre en rythmes point\u00e9s:VariationsI: [&hellip;]<\/p>\n","protected":false},"author":1,"featured_media":0,"parent":0,"menu_order":0,"comment_status":"closed","ping_status":"closed","template":"","meta":{"site-sidebar-layout":"right-sidebar","site-content-layout":"page-builder","ast-site-content-layout":"default","site-content-style":"default","site-sidebar-style":"default","ast-global-header-display":"","ast-banner-title-visibility":"","ast-main-header-display":"","ast-hfb-above-header-display":"","ast-hfb-below-header-display":"","ast-hfb-mobile-header-display":"","site-post-title":"","ast-breadcrumbs-content":"","ast-featured-img":"","footer-sml-layout":"disabled","ast-disable-related-posts":"","theme-transparent-header-meta":"default","adv-header-id-meta":"","stick-header-meta":"","header-above-stick-meta":"","header-main-stick-meta":"","header-below-stick-meta":"","astra-migrate-meta-layouts":"default","ast-page-background-enabled":"default","ast-page-background-meta":{"desktop":{"background-color":"","background-image":"","background-repeat":"repeat","background-position":"center center","background-size":"auto","background-attachment":"scroll","background-type":"","background-media":"","overlay-type":"","overlay-color":"","overlay-opacity":"","overlay-gradient":""},"tablet":{"background-color":"","background-image":"","background-repeat":"repeat","background-position":"center center","background-size":"auto","background-attachment":"scroll","background-type":"","background-media":"","overlay-type":"","overlay-color":"","overlay-opacity":"","overlay-gradient":""},"mobile":{"background-color":"","background-image":"","background-repeat":"repeat","background-position":"center center","background-size":"auto","background-attachment":"scroll","background-type":"","background-media":"","overlay-type":"","overlay-color":"","overlay-opacity":"","overlay-gradient":""}},"ast-content-background-meta":{"desktop":{"background-color":"var(--ast-global-color-5)","background-image":"","background-repeat":"repeat","background-position":"center center","background-size":"auto","background-attachment":"scroll","background-type":"","background-media":"","overlay-type":"","overlay-color":"","overlay-opacity":"","overlay-gradient":""},"tablet":{"background-color":"var(--ast-global-color-5)","background-image":"","background-repeat":"repeat","background-position":"center center","background-size":"auto","background-attachment":"scroll","background-type":"","background-media":"","overlay-type":"","overlay-color":"","overlay-opacity":"","overlay-gradient":""},"mobile":{"background-color":"var(--ast-global-color-5)","background-image":"","background-repeat":"repeat","background-position":"center center","background-size":"auto","background-attachment":"scroll","background-type":"","background-media":"","overlay-type":"","overlay-color":"","overlay-opacity":"","overlay-gradient":""}},"footnotes":""},"class_list":["post-9397","page","type-page","status-publish","hentry"],"yoast_head":"<!-- This site is optimized with the Yoast SEO plugin v27.5 - https:\/\/yoast.com\/product\/yoast-seo-wordpress\/ -->\n<title>en savoir + 2025.12.11-12 - lacourroie<\/title>\n<meta name=\"description\" content=\"%\" \/>\n<meta name=\"robots\" content=\"index, follow, max-snippet:-1, max-image-preview:large, max-video-preview:-1\" \/>\n<link rel=\"canonical\" href=\"https:\/\/lacourroie.org\/index.php\/en-savoir-2025-12-11-12\/\" \/>\n<meta property=\"og:locale\" content=\"fr_FR\" \/>\n<meta property=\"og:type\" content=\"article\" \/>\n<meta property=\"og:title\" content=\"en savoir + 2025.12.11-12 - lacourroie\" \/>\n<meta property=\"og:description\" content=\"%\" \/>\n<meta property=\"og:url\" content=\"https:\/\/lacourroie.org\/index.php\/en-savoir-2025-12-11-12\/\" \/>\n<meta property=\"og:site_name\" content=\"lacourroie\" \/>\n<meta property=\"article:modified_time\" content=\"2025-12-09T16:25:47+00:00\" \/>\n<meta property=\"og:image\" content=\"https:\/\/lacourroie.org\/wp-content\/uploads\/2025\/11\/eric-le-sage.jpg\" \/>\n\t<meta property=\"og:image:width\" content=\"474\" \/>\n\t<meta property=\"og:image:height\" content=\"259\" \/>\n\t<meta property=\"og:image:type\" content=\"image\/jpeg\" \/>\n<meta name=\"twitter:card\" content=\"summary_large_image\" \/>\n<meta name=\"twitter:label1\" content=\"Dur\u00e9e de lecture estim\u00e9e\" \/>\n\t<meta name=\"twitter:data1\" content=\"4 minutes\" \/>\n<script type=\"application\/ld+json\" class=\"yoast-schema-graph\">{\"@context\":\"https:\\\/\\\/schema.org\",\"@graph\":[{\"@type\":\"WebPage\",\"@id\":\"https:\\\/\\\/lacourroie.org\\\/index.php\\\/en-savoir-2025-12-11-12\\\/\",\"url\":\"https:\\\/\\\/lacourroie.org\\\/index.php\\\/en-savoir-2025-12-11-12\\\/\",\"name\":\"en savoir + 2025.12.11-12 - lacourroie\",\"isPartOf\":{\"@id\":\"https:\\\/\\\/lacourroie.org\\\/#website\"},\"primaryImageOfPage\":{\"@id\":\"https:\\\/\\\/lacourroie.org\\\/index.php\\\/en-savoir-2025-12-11-12\\\/#primaryimage\"},\"image\":{\"@id\":\"https:\\\/\\\/lacourroie.org\\\/index.php\\\/en-savoir-2025-12-11-12\\\/#primaryimage\"},\"thumbnailUrl\":\"https:\\\/\\\/lacourroie.org\\\/wp-content\\\/uploads\\\/2025\\\/11\\\/eric-le-sage.jpg\",\"datePublished\":\"2025-11-24T12:05:29+00:00\",\"dateModified\":\"2025-12-09T16:25:47+00:00\",\"description\":\"%\",\"breadcrumb\":{\"@id\":\"https:\\\/\\\/lacourroie.org\\\/index.php\\\/en-savoir-2025-12-11-12\\\/#breadcrumb\"},\"inLanguage\":\"fr-FR\",\"potentialAction\":[{\"@type\":\"ReadAction\",\"target\":[\"https:\\\/\\\/lacourroie.org\\\/index.php\\\/en-savoir-2025-12-11-12\\\/\"]}]},{\"@type\":\"ImageObject\",\"inLanguage\":\"fr-FR\",\"@id\":\"https:\\\/\\\/lacourroie.org\\\/index.php\\\/en-savoir-2025-12-11-12\\\/#primaryimage\",\"url\":\"https:\\\/\\\/lacourroie.org\\\/wp-content\\\/uploads\\\/2025\\\/11\\\/eric-le-sage.jpg\",\"contentUrl\":\"https:\\\/\\\/lacourroie.org\\\/wp-content\\\/uploads\\\/2025\\\/11\\\/eric-le-sage.jpg\",\"width\":474,\"height\":259},{\"@type\":\"BreadcrumbList\",\"@id\":\"https:\\\/\\\/lacourroie.org\\\/index.php\\\/en-savoir-2025-12-11-12\\\/#breadcrumb\",\"itemListElement\":[{\"@type\":\"ListItem\",\"position\":1,\"name\":\"Accueil\",\"item\":\"https:\\\/\\\/lacourroie.org\\\/\"},{\"@type\":\"ListItem\",\"position\":2,\"name\":\"en savoir + 2025.12.11-12\"}]},{\"@type\":\"WebSite\",\"@id\":\"https:\\\/\\\/lacourroie.org\\\/#website\",\"url\":\"https:\\\/\\\/lacourroie.org\\\/\",\"name\":\"lacourroie\",\"description\":\"\",\"publisher\":{\"@id\":\"https:\\\/\\\/lacourroie.org\\\/#organization\"},\"potentialAction\":[{\"@type\":\"SearchAction\",\"target\":{\"@type\":\"EntryPoint\",\"urlTemplate\":\"https:\\\/\\\/lacourroie.org\\\/?s={search_term_string}\"},\"query-input\":{\"@type\":\"PropertyValueSpecification\",\"valueRequired\":true,\"valueName\":\"search_term_string\"}}],\"inLanguage\":\"fr-FR\"},{\"@type\":\"Organization\",\"@id\":\"https:\\\/\\\/lacourroie.org\\\/#organization\",\"name\":\"lacourroie\",\"url\":\"https:\\\/\\\/lacourroie.org\\\/\",\"logo\":{\"@type\":\"ImageObject\",\"inLanguage\":\"fr-FR\",\"@id\":\"https:\\\/\\\/lacourroie.org\\\/#\\\/schema\\\/logo\\\/image\\\/\",\"url\":\"https:\\\/\\\/lacourroie.org\\\/wp-content\\\/uploads\\\/2021\\\/01\\\/cropped-Logo-Courroie-noir@4x.png\",\"contentUrl\":\"https:\\\/\\\/lacourroie.org\\\/wp-content\\\/uploads\\\/2021\\\/01\\\/cropped-Logo-Courroie-noir@4x.png\",\"width\":2286,\"height\":583,\"caption\":\"lacourroie\"},\"image\":{\"@id\":\"https:\\\/\\\/lacourroie.org\\\/#\\\/schema\\\/logo\\\/image\\\/\"}}]}<\/script>\n<!-- \/ Yoast SEO plugin. -->","yoast_head_json":{"title":"en savoir + 2025.12.11-12 - lacourroie","description":"%","robots":{"index":"index","follow":"follow","max-snippet":"max-snippet:-1","max-image-preview":"max-image-preview:large","max-video-preview":"max-video-preview:-1"},"canonical":"https:\/\/lacourroie.org\/index.php\/en-savoir-2025-12-11-12\/","og_locale":"fr_FR","og_type":"article","og_title":"en savoir + 2025.12.11-12 - lacourroie","og_description":"%","og_url":"https:\/\/lacourroie.org\/index.php\/en-savoir-2025-12-11-12\/","og_site_name":"lacourroie","article_modified_time":"2025-12-09T16:25:47+00:00","og_image":[{"width":474,"height":259,"url":"https:\/\/lacourroie.org\/wp-content\/uploads\/2025\/11\/eric-le-sage.jpg","type":"image\/jpeg"}],"twitter_card":"summary_large_image","twitter_misc":{"Dur\u00e9e de lecture estim\u00e9e":"4 minutes"},"schema":{"@context":"https:\/\/schema.org","@graph":[{"@type":"WebPage","@id":"https:\/\/lacourroie.org\/index.php\/en-savoir-2025-12-11-12\/","url":"https:\/\/lacourroie.org\/index.php\/en-savoir-2025-12-11-12\/","name":"en savoir + 2025.12.11-12 - lacourroie","isPartOf":{"@id":"https:\/\/lacourroie.org\/#website"},"primaryImageOfPage":{"@id":"https:\/\/lacourroie.org\/index.php\/en-savoir-2025-12-11-12\/#primaryimage"},"image":{"@id":"https:\/\/lacourroie.org\/index.php\/en-savoir-2025-12-11-12\/#primaryimage"},"thumbnailUrl":"https:\/\/lacourroie.org\/wp-content\/uploads\/2025\/11\/eric-le-sage.jpg","datePublished":"2025-11-24T12:05:29+00:00","dateModified":"2025-12-09T16:25:47+00:00","description":"%","breadcrumb":{"@id":"https:\/\/lacourroie.org\/index.php\/en-savoir-2025-12-11-12\/#breadcrumb"},"inLanguage":"fr-FR","potentialAction":[{"@type":"ReadAction","target":["https:\/\/lacourroie.org\/index.php\/en-savoir-2025-12-11-12\/"]}]},{"@type":"ImageObject","inLanguage":"fr-FR","@id":"https:\/\/lacourroie.org\/index.php\/en-savoir-2025-12-11-12\/#primaryimage","url":"https:\/\/lacourroie.org\/wp-content\/uploads\/2025\/11\/eric-le-sage.jpg","contentUrl":"https:\/\/lacourroie.org\/wp-content\/uploads\/2025\/11\/eric-le-sage.jpg","width":474,"height":259},{"@type":"BreadcrumbList","@id":"https:\/\/lacourroie.org\/index.php\/en-savoir-2025-12-11-12\/#breadcrumb","itemListElement":[{"@type":"ListItem","position":1,"name":"Accueil","item":"https:\/\/lacourroie.org\/"},{"@type":"ListItem","position":2,"name":"en savoir + 2025.12.11-12"}]},{"@type":"WebSite","@id":"https:\/\/lacourroie.org\/#website","url":"https:\/\/lacourroie.org\/","name":"lacourroie","description":"","publisher":{"@id":"https:\/\/lacourroie.org\/#organization"},"potentialAction":[{"@type":"SearchAction","target":{"@type":"EntryPoint","urlTemplate":"https:\/\/lacourroie.org\/?s={search_term_string}"},"query-input":{"@type":"PropertyValueSpecification","valueRequired":true,"valueName":"search_term_string"}}],"inLanguage":"fr-FR"},{"@type":"Organization","@id":"https:\/\/lacourroie.org\/#organization","name":"lacourroie","url":"https:\/\/lacourroie.org\/","logo":{"@type":"ImageObject","inLanguage":"fr-FR","@id":"https:\/\/lacourroie.org\/#\/schema\/logo\/image\/","url":"https:\/\/lacourroie.org\/wp-content\/uploads\/2021\/01\/cropped-Logo-Courroie-noir@4x.png","contentUrl":"https:\/\/lacourroie.org\/wp-content\/uploads\/2021\/01\/cropped-Logo-Courroie-noir@4x.png","width":2286,"height":583,"caption":"lacourroie"},"image":{"@id":"https:\/\/lacourroie.org\/#\/schema\/logo\/image\/"}}]}},"_links":{"self":[{"href":"https:\/\/lacourroie.org\/index.php\/wp-json\/wp\/v2\/pages\/9397","targetHints":{"allow":["GET"]}}],"collection":[{"href":"https:\/\/lacourroie.org\/index.php\/wp-json\/wp\/v2\/pages"}],"about":[{"href":"https:\/\/lacourroie.org\/index.php\/wp-json\/wp\/v2\/types\/page"}],"author":[{"embeddable":true,"href":"https:\/\/lacourroie.org\/index.php\/wp-json\/wp\/v2\/users\/1"}],"replies":[{"embeddable":true,"href":"https:\/\/lacourroie.org\/index.php\/wp-json\/wp\/v2\/comments?post=9397"}],"version-history":[{"count":43,"href":"https:\/\/lacourroie.org\/index.php\/wp-json\/wp\/v2\/pages\/9397\/revisions"}],"predecessor-version":[{"id":9453,"href":"https:\/\/lacourroie.org\/index.php\/wp-json\/wp\/v2\/pages\/9397\/revisions\/9453"}],"wp:attachment":[{"href":"https:\/\/lacourroie.org\/index.php\/wp-json\/wp\/v2\/media?parent=9397"}],"curies":[{"name":"wp","href":"https:\/\/api.w.org\/{rel}","templated":true}]}}